{"id":54704,"date":"2026-02-10T19:08:13","date_gmt":"2026-02-10T19:08:13","guid":{"rendered":"https:\/\/pippifoder.se\/?post_type=product&#038;p=54704"},"modified":"2026-04-03T05:11:10","modified_gmt":"2026-04-03T05:11:10","slug":"maissin-murskaus-25kg-kopia-kopia-kopia","status":"publish","type":"product","link":"https:\/\/pippifoder.se\/fi\/tuote\/riistanruoka\/maissin-murskaus-25kg-kopia-kopia-kopia\/","title":{"rendered":"Riistapelletit 25 kg"},"content":{"rendered":"<p data-start=\"463\" data-end=\"698\">Riistapelletit tarjoavat tasaista ja hallittua ruokintaa, jossa vuotoja on v\u00e4hemm\u00e4n kuin irtojyviss\u00e4. Kompaktin muodon ansiosta rehua on helppo k\u00e4sitell\u00e4, annostella ja varastoida, ja se kannustaa riistaa pysym\u00e4\u00e4n ruokintapaikalla pidemp\u00e4\u00e4n. <\/p>\n<p data-start=\"700\" data-end=\"922\">T\u00e4m\u00e4 <strong data-start=\"706\" data-end=\"727\">ruotsalainen riistarehu on<\/strong> tuotettu Ruotsissa ja mukautettu pohjoismaisiin olosuhteisiin. Pellettej\u00e4 voidaan k\u00e4ytt\u00e4\u00e4 ainoana rehuraaka-aineena tai muun riistarehun lis\u00e4n\u00e4, riippuen vuodenajasta ja ruokintastrategiasta. <\/p>\n<h3 data-start=\"924\" data-end=\"960\">Wildlife Pellets 25kg:n edut<\/h3>\n<p data-start=\"961\" data-end=\"1199\">\u2714 Tehokas ja helppok\u00e4ytt\u00f6inen riistarehu<br data-start=\"997\" data-end=\"1000\">\u2714 Tarjoaa tasaisen ruokinnan ja v\u00e4hent\u00e4\u00e4 vuotoja<br data-start=\"1038\" data-end=\"1041\">\u2714 Soveltuu sy\u00f6tteihin, ruokinta-alueille ja riista-aitioihin<br data-start=\"1083\" data-end=\"1086\">\u2714 Voidaan k\u00e4ytt\u00e4\u00e4 yksin tai yhdess\u00e4 muiden riistarehujen kanssa<br data-start=\"1145\" data-end=\"1148\">\u2714 Tuotettu Ruotsissa<br data-start=\"1170\" data-end=\"1173\">\u2714 K\u00e4yt\u00e4nn\u00f6llinen 25 kg:n pussi.<\/p>\n<p data-start=\"1201\" data-end=\"1423\">K\u00e4ytt\u00e4m\u00e4ll\u00e4 <strong data-start=\"1219\" data-end=\"1240\">25 kg:n Viltpellettej\u00e4 vaikutat osaltaan<\/strong> siihen, ett\u00e4 ruokinta on suunnitelmallisempaa ja ett\u00e4 luonnonvaraisen el\u00e4imist\u00f6n kest\u00e4v\u00e4n hoidon edellytykset ovat paremmat. Ruoki aina vastuullisesti ja sovita m\u00e4\u00e4r\u00e4 ja sijoittelu paikallisiin olosuhteisiin. <\/p>\n<p>&nbsp;<\/p>\n<p data-start=\"1425\" data-end=\"1563\">Valitse <strong data-start=\"1430\" data-end=\"1451\">Viltpellets 25kg, kun<\/strong> etsit luotettavaa, <strong data-start=\"1469\" data-end=\"1501\">ruotsalaista villiel\u00e4inten rehua, jota on helppo<\/strong> k\u00e4ytt\u00e4\u00e4 ja jonka ruokinta on hyvin hallittavissa.<\/p>\n","protected":false},"excerpt":{"rendered":"<p><strong data-start=\"183\" data-end=\"204\">Wildlife Pellets 25 kg on<\/strong> <strong data-start=\"212\" data-end=\"251\">k\u00e4yt\u00e4nn\u00f6llinen ja ravitseva villiel\u00e4inrehu<\/strong> metsiss\u00e4 ja pelloilla el\u00e4vien luonnonvaraisten el\u00e4inten <strong data-start=\"212\" data-end=\"251\">ruokintaan<\/strong>. Pelletit ovat tehokas tapa tarjota energiaa ja ravintoa <strong data-start=\"362\" data-end=\"397\">ruokintapaikalla, ruokintapaikalla tai riista-aitassa, erityisesti<\/strong> silloin, kun luonnonravintoa on niukasti. Tuotettu Ruotsissa.  <\/p>\n","protected":false},"featured_media":54709,"comment_status":"closed","ping_status":"closed","template":"","meta":{"_acf_changed":false},"product_brand":[],"product_cat":[583],"product_tag":[],"class_list":{"0":"post-54704","1":"product","2":"type-product","3":"status-publish","4":"has-post-thumbnail","6":"product_cat-riistanruoka","7":"product_group-25kg-sack","9":"first","10":"instock","11":"taxable","12":"shipping-taxable","13":"purchasable","14":"product-type-simple"},"bundled_by":[],"bundle_stock_status":"instock","bundle_stock_quantity":101,"bundle_virtual":false,"bundle_layout":"","bundle_add_to_cart_form_location":"","bundle_editable_in_cart":false,"bundle_sold_individually_context":"","bundle_item_grouping":"","bundle_min_size":"","bundle_max_size":"","bundle_price":[],"bundled_items":[],"bundle_sell_ids":[],"acf":[],"_links":{"self":[{"href":"https:\/\/pippifoder.se\/fi\/wp-json\/wp\/v2\/product\/54704","targetHints":{"allow":["GET"]}}],"collection":[{"href":"https:\/\/pippifoder.se\/fi\/wp-json\/wp\/v2\/product"}],"about":[{"href":"https:\/\/pippifoder.se\/fi\/wp-json\/wp\/v2\/types\/product"}],"replies":[{"embeddable":true,"href":"https:\/\/pippifoder.se\/fi\/wp-json\/wp\/v2\/comments?post=54704"}],"wp:featuredmedia":[{"embeddable":true,"href":"https:\/\/pippifoder.se\/fi\/wp-json\/wp\/v2\/media\/54709"}],"wp:attachment":[{"href":"https:\/\/pippifoder.se\/fi\/wp-json\/wp\/v2\/media?parent=54704"}],"wp:term":[{"taxonomy":"product_brand","embeddable":true,"href":"https:\/\/pippifoder.se\/fi\/wp-json\/wp\/v2\/product_brand?post=54704"},{"taxonomy":"product_cat","embeddable":true,"href":"https:\/\/pippifoder.se\/fi\/wp-json\/wp\/v2\/product_cat?post=54704"},{"taxonomy":"product_tag","embeddable":true,"href":"https:\/\/pippifoder.se\/fi\/wp-json\/wp\/v2\/product_tag?post=54704"}],"curies":[{"name":"wp","href":"https:\/\/api.w.org\/{rel}","templated":true}]}}