{"id":54695,"date":"2026-02-10T19:02:57","date_gmt":"2026-02-10T19:02:57","guid":{"rendered":"https:\/\/pippifoder.se\/?post_type=product&#038;p=54695"},"modified":"2026-04-03T05:01:34","modified_gmt":"2026-04-03T05:01:34","slug":"maissin-murskaus-25kg-kopia-kopia","status":"publish","type":"product","link":"https:\/\/pippifoder.se\/fi\/tuote\/riistanruoka\/maissin-murskaus-25kg-kopia-kopia\/","title":{"rendered":"Villisikaseos 25 kg"},"content":{"rendered":"<p data-start=\"459\" data-end=\"719\">T\u00e4t\u00e4 villiel\u00e4inten rehua k\u00e4ytet\u00e4\u00e4n usein <strong data-start=\"492\" data-end=\"515\">ruokinta- ja ruokintapaikoilla,<\/strong> joissa se houkuttelee riistaa viipym\u00e4\u00e4n pidemp\u00e4\u00e4n ja palaamaan s\u00e4\u00e4nn\u00f6llisesti. Eri raaka-aineiden rakenne ja maku vaihtelevat, mik\u00e4 tekee rehusta erityisen houkuttelevan ja edist\u00e4\u00e4 luonnollisempaa sy\u00f6misk\u00e4ytt\u00e4ytymist\u00e4. <\/p>\n<p data-start=\"721\" data-end=\"950\">Villisikaseos <strong data-start=\"745\" data-end=\"769\">tuotetaan Ruotsissa,<\/strong> mik\u00e4 tarkoittaa lyhyempi\u00e4 kuljetusmatkoja ja pohjoismaisiin olosuhteisiin mukautettuja raaka-aineita. Se soveltuu sek\u00e4 lis\u00e4- ett\u00e4 t\u00e4ydennysruokintaan eri vuodenaikoina. <\/p>\n<h3 data-start=\"952\" data-end=\"995\">Villisikaseoksen 25 kg edut<\/h3>\n<p data-start=\"996\" data-end=\"1213\">\u2714 Tehokas ja suosittu riistarehu<br data-start=\"1030\" data-end=\"1033\">\u2714 Sis\u00e4lt\u00e4\u00e4 maissia, keltaisia herneit\u00e4 ja vehn\u00e4\u00e4<br data-start=\"1071\" data-end=\"1074\">\u2714 Korkea maittavuus ja hyv\u00e4 energiasis\u00e4lt\u00f6<br data-start=\"1113\" data-end=\"1116\">\u2714 Soveltuu sy\u00f6tteihin, ruokintapaikoille ja riista-aitioihin<br data-start=\"1159\" data-end=\"1162\">\u2714 Tuotettu Ruotsissa<br data-start=\"1184\" data-end=\"1187\">\u2714 K\u00e4yt\u00e4nn\u00f6llinen 25 kg:n pussi.<\/p>\n<p data-start=\"1215\" data-end=\"1448\">K\u00e4ytt\u00e4m\u00e4ll\u00e4 <strong data-start=\"1233\" data-end=\"1261\">Wild Boar Mix 25kg voit<\/strong> luoda hallitumman ruokintaj\u00e4rjestelm\u00e4n, joka parantaa riistanhoitoa ja v\u00e4hent\u00e4\u00e4 ei-toivottua laiduntamista. Mukauta ruokinta aina paikallisiin olosuhteisiin ja voimassa oleviin suosituksiin. <\/p>\n<p>&nbsp;<\/p>\n<p data-start=\"1450\" data-end=\"1587\">Valitse <strong data-start=\"1455\" data-end=\"1483\">Wild Boar Mix 25kg, kun<\/strong> etsit <strong data-start=\"1501\" data-end=\"1533\">luotettavaa, ruotsalaista riistarehua, jonka<\/strong> koostumus on todistetusti hyv\u00e4 ja houkutteleva.<\/p>\n","protected":false},"excerpt":{"rendered":"<p><strong data-start=\"200\" data-end=\"228\">Villisikaseos 25 kg on<\/strong> <strong data-start=\"236\" data-end=\"278\">tasapainoinen ja energiapitoinen riistarehu,<\/strong> joka on suunniteltu metsiss\u00e4 ja pelloilla el\u00e4vien villiel\u00e4inten ruokintaan. Seos koostuu <strong data-start=\"357\" data-end=\"386\">maissista, keltaisista herneist\u00e4 ja vehn\u00e4st\u00e4, yhdistelm\u00e4<\/strong>, joka tarjoaa sek\u00e4 hyv\u00e4n maittavuuden ett\u00e4 hyv\u00e4n ravintosis\u00e4ll\u00f6n. <\/p>\n","protected":false},"featured_media":54701,"comment_status":"closed","ping_status":"closed","template":"","meta":{"_acf_changed":false},"product_brand":[],"product_cat":[583],"product_tag":[],"class_list":{"0":"post-54695","1":"product","2":"type-product","3":"status-publish","4":"has-post-thumbnail","6":"product_cat-riistanruoka","7":"product_group-25kg-sack","9":"first","10":"instock","11":"taxable","12":"shipping-taxable","13":"purchasable","14":"product-type-simple"},"bundled_by":[],"bundle_stock_status":"instock","bundle_stock_quantity":15,"bundle_virtual":false,"bundle_layout":"","bundle_add_to_cart_form_location":"","bundle_editable_in_cart":false,"bundle_sold_individually_context":"","bundle_item_grouping":"","bundle_min_size":"","bundle_max_size":"","bundle_price":[],"bundled_items":[],"bundle_sell_ids":[],"acf":[],"_links":{"self":[{"href":"https:\/\/pippifoder.se\/fi\/wp-json\/wp\/v2\/product\/54695","targetHints":{"allow":["GET"]}}],"collection":[{"href":"https:\/\/pippifoder.se\/fi\/wp-json\/wp\/v2\/product"}],"about":[{"href":"https:\/\/pippifoder.se\/fi\/wp-json\/wp\/v2\/types\/product"}],"replies":[{"embeddable":true,"href":"https:\/\/pippifoder.se\/fi\/wp-json\/wp\/v2\/comments?post=54695"}],"wp:featuredmedia":[{"embeddable":true,"href":"https:\/\/pippifoder.se\/fi\/wp-json\/wp\/v2\/media\/54701"}],"wp:attachment":[{"href":"https:\/\/pippifoder.se\/fi\/wp-json\/wp\/v2\/media?parent=54695"}],"wp:term":[{"taxonomy":"product_brand","embeddable":true,"href":"https:\/\/pippifoder.se\/fi\/wp-json\/wp\/v2\/product_brand?post=54695"},{"taxonomy":"product_cat","embeddable":true,"href":"https:\/\/pippifoder.se\/fi\/wp-json\/wp\/v2\/product_cat?post=54695"},{"taxonomy":"product_tag","embeddable":true,"href":"https:\/\/pippifoder.se\/fi\/wp-json\/wp\/v2\/product_tag?post=54695"}],"curies":[{"name":"wp","href":"https:\/\/api.w.org\/{rel}","templated":true}]}}