{"id":54684,"date":"2026-02-10T18:54:00","date_gmt":"2026-02-10T18:54:00","guid":{"rendered":"https:\/\/pippifoder.se\/?post_type=product&#038;p=54684"},"modified":"2026-02-13T18:11:46","modified_gmt":"2026-02-13T18:11:46","slug":"maissin-murskaus-25kg-kopia","status":"publish","type":"product","link":"https:\/\/pippifoder.se\/fi\/tuote\/riistanruoka\/maissin-murskaus-25kg-kopia\/","title":{"rendered":"Kokonainen maissi 25kg"},"content":{"rendered":"<p data-start=\"468\" data-end=\"745\">Maissia k\u00e4ytet\u00e4\u00e4n usein <strong data-start=\"490\" data-end=\"517\">villisikojen riistarehuna,<\/strong> mutta se soveltuu my\u00f6s muiden sorkka- ja kavioel\u00e4inten ja pienriistan ruokintaan ruokintastrategiasta ja vuodenajasta riippuen. Maissin kokonaiset jyv\u00e4t tarjoavat rehua, jonka sy\u00f6minen vie aikaa, mik\u00e4 pident\u00e4\u00e4 ruokintapaikalla k\u00e4yntej\u00e4 ja v\u00e4hent\u00e4\u00e4 h\u00e4vikki\u00e4. <\/p>\n<p data-start=\"747\" data-end=\"968\">T\u00e4t\u00e4 <strong data-start=\"753\" data-end=\"783\">25 kg:n suurs\u00e4killist\u00e4 villiel\u00e4inten rehua on<\/strong> helppo k\u00e4sitell\u00e4, s\u00e4ilytt\u00e4\u00e4 ja annostella. Maissia voidaan k\u00e4ytt\u00e4\u00e4 yksitt\u00e4isen\u00e4 rehuaineena tai sekoittaa muiden rehujen, kuten viljan tai pelletin kanssa monipuolisemman ruokavalion luomiseksi. <\/p>\n<h3 data-start=\"970\" data-end=\"1003\">Koko maissin edut 25kg<\/h3>\n<p data-start=\"1004\" data-end=\"1214\">\u2714 Suosittu ja hyv\u00e4ksi todettu riistarehu<br data-start=\"1037\" data-end=\"1040\">\u2714 Korkea energiasis\u00e4lt\u00f6 ja hyv\u00e4 maittavuus<br data-start=\"1080\" data-end=\"1083\">\u2714 Soveltuu sy\u00f6tteihin, ruokintapaikoille ja riista-aitioihin<br data-start=\"1127\" data-end=\"1130\">\u2714 Voidaan k\u00e4ytt\u00e4\u00e4 yksin\u00e4\u00e4n tai sekoitettuna muihin riistarehuihin<br data-start=\"1185\" data-end=\"1188\">\u2714 K\u00e4yt\u00e4nn\u00f6llinen 25 kg:n pussi.<\/p>\n<p data-start=\"1216\" data-end=\"1473\"><strong data-start=\"1216\" data-end=\"1228\">Kokonainen maissi soveltuu<\/strong> parhaiten ruokintaan aikana, jolloin el\u00e4imet tarvitsevat lis\u00e4energiaa, kuten syksyll\u00e4 ja talvella. Parhaiden tulosten saavuttamiseksi ruokinta on aina teht\u00e4v\u00e4 vastuullisesti ja mukautettava paikallisiin olosuhteisiin ja voimassa oleviin suosituksiin. <\/p>\n<p>&nbsp;<\/p>\n<p data-start=\"1475\" data-end=\"1632\">Valitse <strong data-start=\"1480\" data-end=\"1498\">Maissi Kokonainen 25kg lu<\/strong> otettavaksi ja tehokkaaksi <strong data-start=\"1531\" data-end=\"1544\">riistarehuksi niille<\/strong>, jotka haluavat tukea ja valvoa riistan liikkumista hallitusti.<\/p>\n","protected":false},"excerpt":{"rendered":"<p><strong data-start=\"215\" data-end=\"233\">Kokonainen maissi 25 kg on<\/strong> suosittu ja <strong data-start=\"254\" data-end=\"278\">energiapitoinen riistarehu, jota k\u00e4ytet\u00e4\u00e4n<\/strong> metsiss\u00e4 ja pelloilla el\u00e4vien luonnonvaraisten el\u00e4inten ruokintaan. Kokonaisen maissin energiapitoisuus on korkea ja maistuvuus hyv\u00e4, mink\u00e4 vuoksi se on erityisen tehokas <strong data-start=\"426\" data-end=\"463\">riistarehu sy\u00f6tti- ja ruokintapaikalla.<\/strong> Maissi on tuotettu Ruotsissa.  <\/p>\n","protected":false},"featured_media":54691,"comment_status":"closed","ping_status":"closed","template":"","meta":{"_acf_changed":false},"product_brand":[],"product_cat":[583],"product_tag":[],"class_list":{"0":"post-54684","1":"product","2":"type-product","3":"status-publish","4":"has-post-thumbnail","6":"product_cat-riistanruoka","7":"product_group-25kg-sack","9":"first","10":"outofstock","11":"taxable","12":"shipping-taxable","13":"purchasable","14":"product-type-simple"},"bundled_by":[],"bundle_stock_status":"outofstock","bundle_stock_quantity":0,"bundle_virtual":false,"bundle_layout":"","bundle_add_to_cart_form_location":"","bundle_editable_in_cart":false,"bundle_sold_individually_context":"","bundle_item_grouping":"","bundle_min_size":"","bundle_max_size":"","bundle_price":[],"bundled_items":[],"bundle_sell_ids":[],"acf":[],"_links":{"self":[{"href":"https:\/\/pippifoder.se\/fi\/wp-json\/wp\/v2\/product\/54684","targetHints":{"allow":["GET"]}}],"collection":[{"href":"https:\/\/pippifoder.se\/fi\/wp-json\/wp\/v2\/product"}],"about":[{"href":"https:\/\/pippifoder.se\/fi\/wp-json\/wp\/v2\/types\/product"}],"replies":[{"embeddable":true,"href":"https:\/\/pippifoder.se\/fi\/wp-json\/wp\/v2\/comments?post=54684"}],"wp:featuredmedia":[{"embeddable":true,"href":"https:\/\/pippifoder.se\/fi\/wp-json\/wp\/v2\/media\/54691"}],"wp:attachment":[{"href":"https:\/\/pippifoder.se\/fi\/wp-json\/wp\/v2\/media?parent=54684"}],"wp:term":[{"taxonomy":"product_brand","embeddable":true,"href":"https:\/\/pippifoder.se\/fi\/wp-json\/wp\/v2\/product_brand?post=54684"},{"taxonomy":"product_cat","embeddable":true,"href":"https:\/\/pippifoder.se\/fi\/wp-json\/wp\/v2\/product_cat?post=54684"},{"taxonomy":"product_tag","embeddable":true,"href":"https:\/\/pippifoder.se\/fi\/wp-json\/wp\/v2\/product_tag?post=54684"}],"curies":[{"name":"wp","href":"https:\/\/api.w.org\/{rel}","templated":true}]}}