{"id":45616,"date":"2025-12-05T10:03:40","date_gmt":"2025-12-05T10:03:40","guid":{"rendered":"https:\/\/pippifoder.se\/?post_type=product&#038;p=45616"},"modified":"2026-04-22T14:10:49","modified_gmt":"2026-04-22T12:10:49","slug":"birdfy-linnunruokinta-kameralla-sininen-kopia","status":"publish","type":"product","link":"https:\/\/pippifoder.se\/fi\/tuote\/lintujen-ruokinta\/lintujen-ruokinta-ja-linnunpontto-kameran-kanssa\/birdfy-linnunruokinta-kameralla-sininen-kopia\/","title":{"rendered":"Birdfy, linnunp\u00f6ntt\u00f6, jossa on kamera, aurinkokennot ja elinik\u00e4inen lisenssi."},"content":{"rendered":"<p>Birdfy saa virtansa <strong>aurinkopaneeleista<\/strong>, joten sinun ei tarvitse huolehtia paristojen vaihtamisesta. Se on my\u00f6s s\u00e4\u00e4nkest\u00e4v\u00e4 ja valmistettu kierr\u00e4tysmuovista, joten se on sek\u00e4 kest\u00e4v\u00e4 ett\u00e4 ymp\u00e4rist\u00f6yst\u00e4v\u00e4llinen. <\/p>\n<h3 data-start=\"1618\" data-end=\"1660\">\ud83d\udc26 Miksi lintujen yst\u00e4v\u00e4t rakastavat Birdfy\u00e4?<\/h3>\n<p data-start=\"1662\" data-end=\"2056\">Birdfyn avulla voit tehd\u00e4 puutarhastasi aktiivisen lintuaseman. Sinun ei tarvitse istua paikallasi tuntikausia &#8211; sovelluksen avulla saat automaattisesti ilmoituksen, kun pes\u00e4ss\u00e4 on el\u00e4m\u00e4\u00e4, ja voit nauttia vierailuista reaaliajassa. Ter\u00e4v\u00e4piirtokamera tallentaa pienetkin liikkeet, joten n\u00e4et, milloin linnut pesiv\u00e4t, sy\u00f6tt\u00e4v\u00e4t poikasia tai vain kulkevat ohi. T\u00e4ydellinen niille, jotka haluavat olla l\u00e4heisess\u00e4 yhteydess\u00e4 luontoon h\u00e4iritsem\u00e4tt\u00e4 villiel\u00e4imi\u00e4.   <\/p>\n<h3 data-start=\"2058\" data-end=\"2074\">\u2705 Kenelle?<\/h3>\n<ul data-start=\"2076\" data-end=\"2409\">\n<li data-start=\"2076\" data-end=\"2186\">\n<p data-start=\"2078\" data-end=\"2186\">Niille, jotka haluavat kutsua luonnonvaraisia lintuja puutarhaansa ja seurata niit\u00e4 k\u00e4tev\u00e4sti matkapuhelimella.<\/p>\n<\/li>\n<li data-start=\"2187\" data-end=\"2319\">\n<p data-start=\"2189\" data-end=\"2319\">Aloitteleville ja kokeneille lintuharrastajille, jotka arvostavat luontoa ja haluavat helpon tavan dokumentoida linnustoa.<\/p>\n<\/li>\n<li data-start=\"2320\" data-end=\"2409\">\n<p data-start=\"2322\" data-end=\"2409\">Niille, jotka haluavat tyylikk\u00e4\u00e4n, huomaamattoman ja kest\u00e4v\u00e4n katoksen, joka sulautuu puutarhaan.<\/p>\n<\/li>\n<\/ul>\n<p>Valmistaja: NETVUE<br \/>\nAsennustyyppi: Sein\u00e4kiinnitys (kiinnike on sy\u00f6tt\u00f6laitteen takana, voit kiinnitt\u00e4\u00e4 sen my\u00f6s pylv\u00e4\u00e4seen tai vastaavaan)<br \/>\nVirtal\u00e4hde: Aurinkok\u00e4ytt\u00f6inen<br \/>\nK\u00e4ytt\u00f6kohde: Lintujen tarkkailu.<\/p>\n<h2>Birdfy linnunp\u00f6ntt\u00f6 k\u00e4ytt\u00f6ohje ruotsiksi<\/h2>\n<p>T\u00e4ss\u00e4 on Birdfy-linnunp\u00f6nt\u00f6n ruotsinkieliset k\u00e4ytt\u00f6ohjeet:<\/p>\n","protected":false},"excerpt":{"rendered":"<p data-start=\"275\" data-end=\"478\">L\u00f6yd\u00e4 luonnon salainen el\u00e4m\u00e4 puutarhassasi Birdfyll\u00e4, \u00e4lykk\u00e4\u00e4ll\u00e4 linnunp\u00f6nt\u00f6ll\u00e4, jossa on sis\u00e4\u00e4nrakennettu kamera. Siin\u00e4 yhdistyv\u00e4t ammattimainen linnunp\u00f6ntt\u00f6 ja moderni teknologia &#8211; t\u00e4ydellinen niille, jotka rakastavat lintujen tarkkailua arjessa. Mukana on aurinkokennot helppoa lataamista varten ja elinik\u00e4inen lisenssi Birdfy-sovellukseen.  <\/p>\n<h3 data-start=\"480\" data-end=\"512\">Ominaisuudet ja toiminnot<\/h3>\n<ul data-start=\"514\" data-end=\"1616\">\n<li data-start=\"514\" data-end=\"753\">\n<p data-start=\"516\" data-end=\"753\"><strong data-start=\"516\" data-end=\"549\">Laadukas puurakenne &#8211;<\/strong> Valmistettu kest\u00e4v\u00e4st\u00e4, ymp\u00e4rist\u00f6yst\u00e4v\u00e4llisest\u00e4 puusta (m\u00e4nty\/cunninghamia), joka luonnostaan houkuttelee luonnonvaraisia lintuja pesim\u00e4\u00e4n. L\u00e4mmin puupinta sulautuu hyvin puutarhaymp\u00e4rist\u00f6\u00f6n. <\/p>\n<\/li>\n<li data-start=\"754\" data-end=\"943\">\n<p data-start=\"756\" data-end=\"943\"><strong data-start=\"756\" data-end=\"775\">1080p HD-kamera &#8211;<\/strong> Saat kristallinkirkkaita videoita Full HD -tarkkuudella, joten voit seurata lintujen el\u00e4m\u00e4\u00e4 yll\u00e4tt\u00e4v\u00e4n yksityiskohtaisesti h\u00e4iritsem\u00e4tt\u00e4 niit\u00e4.<\/p>\n<\/li>\n<li data-start=\"944\" data-end=\"1195\">\n<p data-start=\"946\" data-end=\"1195\"><strong data-start=\"946\" data-end=\"979\">S\u00e4\u00e4nkest\u00e4v\u00e4 ja y\u00f6toiminto &#8211;<\/strong> Linnunp\u00f6ntt\u00f6 on IP66-luokiteltu, mik\u00e4 tarkoittaa, ett\u00e4 kamera ja rakenne kest\u00e4v\u00e4t sadetta, lunta ja s\u00e4\u00e4nvaihteluita. Valolla varustetun y\u00f6toiminnon avulla voit kuvata my\u00f6s y\u00f6llisi\u00e4 vierailijoita. <\/p>\n<\/li>\n<li data-start=\"1196\" data-end=\"1378\">\n<p data-start=\"1198\" data-end=\"1378\"><strong data-start=\"1198\" data-end=\"1237\">Sis\u00e4\u00e4nrakennettu aurinkopaneeli ja ladattava akku &#8211;<\/strong> Mukana toimitettu aurinkopaneeli pit\u00e4\u00e4 kameran ladattuna, joten k\u00e4ytt\u00f6 on helppoa ja huoltovapaata.<\/p>\n<\/li>\n<li data-start=\"1379\" data-end=\"1616\">\n<p data-start=\"1381\" data-end=\"1616\"><strong data-start=\"1381\" data-end=\"1409\">Langaton Wi-Fi-yhteys &#8211;<\/strong> Yhdist\u00e4 Wi-Fi-verkkoon (2,4 GHz) ja k\u00e4yt\u00e4 ilmaista sovellusta live-striimin katseluun, ilmoitusten vastaanottamiseen, kun linnut k\u00e4yv\u00e4t pes\u00e4ss\u00e4, sek\u00e4 leikkeiden ja kuvien tallentamiseen.<\/p>\n<\/li>\n<\/ul>\n<p><a href=\"https:\/\/pippifoder.se\/fi\/lintujen-ruokinta-ja-linnunpontto-kameran-kanssa\/\">Katso kaikki linnunruokinta- ja pes\u00e4kotelot kameran kanssa<\/a><\/p>\n","protected":false},"featured_media":45624,"comment_status":"open","ping_status":"closed","template":"","meta":{"_acf_changed":false},"product_brand":[],"product_cat":[580,570,123],"product_tag":[],"class_list":{"0":"post-45616","1":"product","2":"type-product","3":"status-publish","4":"has-post-thumbnail","6":"product_cat-lintujen-ruokinta-ja-linnunpontto-kameran-kanssa","7":"product_cat-joululahjaideoita-lintujen-ystaville-vuonna-2025","8":"product_cat-linnunpesa","10":"first","11":"outofstock","12":"taxable","13":"shipping-taxable","14":"purchasable","15":"product-type-simple"},"bundled_by":[],"bundle_stock_status":"outofstock","bundle_stock_quantity":0,"bundle_virtual":false,"bundle_layout":"","bundle_add_to_cart_form_location":"","bundle_editable_in_cart":false,"bundle_sold_individually_context":"","bundle_item_grouping":"","bundle_min_size":"","bundle_max_size":"","bundle_price":[],"bundled_items":[],"bundle_sell_ids":[],"acf":[],"_links":{"self":[{"href":"https:\/\/pippifoder.se\/fi\/wp-json\/wp\/v2\/product\/45616","targetHints":{"allow":["GET"]}}],"collection":[{"href":"https:\/\/pippifoder.se\/fi\/wp-json\/wp\/v2\/product"}],"about":[{"href":"https:\/\/pippifoder.se\/fi\/wp-json\/wp\/v2\/types\/product"}],"replies":[{"embeddable":true,"href":"https:\/\/pippifoder.se\/fi\/wp-json\/wp\/v2\/comments?post=45616"}],"wp:featuredmedia":[{"embeddable":true,"href":"https:\/\/pippifoder.se\/fi\/wp-json\/wp\/v2\/media\/45624"}],"wp:attachment":[{"href":"https:\/\/pippifoder.se\/fi\/wp-json\/wp\/v2\/media?parent=45616"}],"wp:term":[{"taxonomy":"product_brand","embeddable":true,"href":"https:\/\/pippifoder.se\/fi\/wp-json\/wp\/v2\/product_brand?post=45616"},{"taxonomy":"product_cat","embeddable":true,"href":"https:\/\/pippifoder.se\/fi\/wp-json\/wp\/v2\/product_cat?post=45616"},{"taxonomy":"product_tag","embeddable":true,"href":"https:\/\/pippifoder.se\/fi\/wp-json\/wp\/v2\/product_tag?post=45616"}],"curies":[{"name":"wp","href":"https:\/\/api.w.org\/{rel}","templated":true}]}}