{"id":44715,"date":"2025-11-28T09:34:15","date_gmt":"2025-11-28T09:34:15","guid":{"rendered":"https:\/\/pippifoder.se\/?post_type=product&#038;p=44715"},"modified":"2026-03-04T10:57:27","modified_gmt":"2026-03-04T10:57:27","slug":"fynd-15-kg-raidallisia-auringonkukansiemenia-tynnyrissa-kopia-3","status":"publish","type":"product","link":"https:\/\/pippifoder.se\/fi\/tuote\/alennuskulma\/fynd-15-kg-raidallisia-auringonkukansiemenia-tynnyrissa-kopia-3\/","title":{"rendered":"FYND &#8211; 15 kg raidallisia auringonkukansiemeni\u00e4 tynnyriss\u00e4. (kopia)"},"content":{"rendered":"","protected":false},"excerpt":{"rendered":"<p>Noin 12 kg <a href=\"https:\/\/pippifoder.se\/da\/produkt\/fuglefoder\/solsikkefro\/stribede-solsikkefroe-15-kg\/\">raidallisia auringonkukansiemeni\u00e4 tynnyriss\u00e4<\/a> (v\u00e4ri voi poiketa kuvasta). HUOM, tynnyriss\u00e4 ei ole s\u00e4kki\u00e4, siemenet ovat rikkoutuneista s\u00e4kist\u00e4, jotka kaadoimme rehutynnyriin. Rehussa ei ole mit\u00e4\u00e4n vikaa, mutta emme voi myyd\u00e4 sit\u00e4, kun s\u00e4kki on rikki.<\/p>\n","protected":false},"featured_media":27736,"comment_status":"open","ping_status":"closed","template":"","meta":{"_acf_changed":false},"product_brand":[],"product_cat":[295,50,112,122,179],"product_tag":[],"class_list":{"0":"post-44715","1":"product","2":"type-product","3":"status-publish","4":"has-post-thumbnail","6":"product_cat-alennuskulma","7":"product_cat-fagelfron-fagelmat-pa-rea","8":"product_cat-lintujen-ruokaa","9":"product_cat-lintujen-siemenia-ja-lintujen-ruokaa-myynnissa","10":"product_cat-wild-bird-mix","12":"first","13":"outofstock","14":"sale","15":"taxable","16":"shipping-taxable","17":"purchasable","18":"product-type-simple"},"bundled_by":[],"bundle_stock_status":"outofstock","bundle_stock_quantity":0,"bundle_virtual":false,"bundle_layout":"","bundle_add_to_cart_form_location":"","bundle_editable_in_cart":false,"bundle_sold_individually_context":"","bundle_item_grouping":"","bundle_min_size":"","bundle_max_size":"","bundle_price":[],"bundled_items":[],"bundle_sell_ids":[],"acf":[],"_links":{"self":[{"href":"https:\/\/pippifoder.se\/fi\/wp-json\/wp\/v2\/product\/44715","targetHints":{"allow":["GET"]}}],"collection":[{"href":"https:\/\/pippifoder.se\/fi\/wp-json\/wp\/v2\/product"}],"about":[{"href":"https:\/\/pippifoder.se\/fi\/wp-json\/wp\/v2\/types\/product"}],"replies":[{"embeddable":true,"href":"https:\/\/pippifoder.se\/fi\/wp-json\/wp\/v2\/comments?post=44715"}],"wp:featuredmedia":[{"embeddable":true,"href":"https:\/\/pippifoder.se\/fi\/wp-json\/wp\/v2\/media\/27736"}],"wp:attachment":[{"href":"https:\/\/pippifoder.se\/fi\/wp-json\/wp\/v2\/media?parent=44715"}],"wp:term":[{"taxonomy":"product_brand","embeddable":true,"href":"https:\/\/pippifoder.se\/fi\/wp-json\/wp\/v2\/product_brand?post=44715"},{"taxonomy":"product_cat","embeddable":true,"href":"https:\/\/pippifoder.se\/fi\/wp-json\/wp\/v2\/product_cat?post=44715"},{"taxonomy":"product_tag","embeddable":true,"href":"https:\/\/pippifoder.se\/fi\/wp-json\/wp\/v2\/product_tag?post=44715"}],"curies":[{"name":"wp","href":"https:\/\/api.w.org\/{rel}","templated":true}]}}