{"id":44083,"date":"2025-11-24T18:37:57","date_gmt":"2025-11-24T18:37:57","guid":{"rendered":"https:\/\/pippifoder.se\/?post_type=product&#038;p=44083"},"modified":"2025-11-29T14:28:21","modified_gmt":"2025-11-29T14:28:21","slug":"lintujen-ruokinta-kaikki-mita-sinun-tarvitsee-tietaa-kopia-2","status":"publish","type":"product","link":"https:\/\/pippifoder.se\/fi\/tuote\/tarvikkeet\/kirjat\/lintujen-ruokinta-kaikki-mita-sinun-tarvitsee-tietaa-kopia-2\/","title":{"rendered":"Lintuharrastajan lokikirja"},"content":{"rendered":"<h2><strong>Tuotetiedot: Lintuharrastajan <\/strong>lokikirja<\/h2>\n<p><strong>Julkaisu: 10. huhtikuuta<\/strong> 2025<br \/>\n<strong>Sivum\u00e4\u00e4r\u00e4: 128 <\/strong><br \/>\n<strong>Paino: 252 g<\/strong><br \/>\n<b>Kieli: ruotsi <\/b><br \/>\n<strong>ISBN: 9789171266613 <\/strong><\/p>\n","protected":false},"excerpt":{"rendered":"<p data-start=\"67\" data-end=\"259\">Tykk\u00e4\u00e4tk\u00f6 tutkia luontoa ja pit\u00e4\u00e4 kirjaa kaikista tapaamistasi linnuista? <strong data-start=\"139\" data-end=\"165\">Birdwatcher&#8217;s Logbook on t\u00e4ydellinen kumppanisi<\/strong> &#8211; olitpa sitten uusi harrastaja tai intohimoinen ornitologi.<\/p>\n<p data-start=\"261\" data-end=\"554\">T\u00e4m\u00e4n lokikirjan avulla voit helposti dokumentoida jokaisen havaintosi: lajin, sijainnin, ajan, s\u00e4\u00e4n ja muut yksityiskohdat, jotka t\u00e4ydent\u00e4v\u00e4t kokemuksesi. Se antaa sinulle selke\u00e4n ja j\u00e4sennellyn yleiskatsauksen n\u00e4kemist\u00e4si linnuista ja auttaa sinua seuraamaan lintuel\u00e4m\u00e4n muutoksia eri vuodenaikoina. <\/p>\n<p>&nbsp;<\/p>\n<p data-start=\"556\" data-end=\"771\">P\u00e4iv\u00e4kirja tekee luontoretkist\u00e4 entist\u00e4 l\u00e4sn\u00e4olevampia ja inspiroivampia. J\u00e4t\u00e4 matkapuhelin taskuun, ota kyn\u00e4 esiin ja anna jokaisen retken muuttua t\u00e4ysin analogiseksi kokemukseksi. Kuka tiet\u00e4\u00e4 &#8211; saatat jopa n\u00e4hd\u00e4 todella ep\u00e4tavallisen lajin?  <\/p>\n","protected":false},"featured_media":44087,"comment_status":"open","ping_status":"closed","template":"","meta":{"_acf_changed":false},"product_brand":[],"product_cat":[304,570,165],"product_tag":[],"class_list":{"0":"post-44083","1":"product","2":"type-product","3":"status-publish","4":"has-post-thumbnail","6":"product_cat-kirjat","7":"product_cat-joululahjaideoita-lintujen-ystaville-vuonna-2025","8":"product_cat-tarvikkeet","9":"product_shipping_class-ruotsi","10":"product_group-foderstang-talgfrobar-kokosnot","12":"first","13":"instock","14":"taxable","15":"shipping-taxable","16":"purchasable","17":"product-type-simple"},"bundled_by":[],"bundle_stock_status":"instock","bundle_stock_quantity":97,"bundle_virtual":false,"bundle_layout":"","bundle_add_to_cart_form_location":"","bundle_editable_in_cart":false,"bundle_sold_individually_context":"","bundle_item_grouping":"","bundle_min_size":"","bundle_max_size":"","bundle_price":[],"bundled_items":[],"bundle_sell_ids":[],"acf":[],"_links":{"self":[{"href":"https:\/\/pippifoder.se\/fi\/wp-json\/wp\/v2\/product\/44083","targetHints":{"allow":["GET"]}}],"collection":[{"href":"https:\/\/pippifoder.se\/fi\/wp-json\/wp\/v2\/product"}],"about":[{"href":"https:\/\/pippifoder.se\/fi\/wp-json\/wp\/v2\/types\/product"}],"replies":[{"embeddable":true,"href":"https:\/\/pippifoder.se\/fi\/wp-json\/wp\/v2\/comments?post=44083"}],"wp:featuredmedia":[{"embeddable":true,"href":"https:\/\/pippifoder.se\/fi\/wp-json\/wp\/v2\/media\/44087"}],"wp:attachment":[{"href":"https:\/\/pippifoder.se\/fi\/wp-json\/wp\/v2\/media?parent=44083"}],"wp:term":[{"taxonomy":"product_brand","embeddable":true,"href":"https:\/\/pippifoder.se\/fi\/wp-json\/wp\/v2\/product_brand?post=44083"},{"taxonomy":"product_cat","embeddable":true,"href":"https:\/\/pippifoder.se\/fi\/wp-json\/wp\/v2\/product_cat?post=44083"},{"taxonomy":"product_tag","embeddable":true,"href":"https:\/\/pippifoder.se\/fi\/wp-json\/wp\/v2\/product_tag?post=44083"}],"curies":[{"name":"wp","href":"https:\/\/api.w.org\/{rel}","templated":true}]}}