{"id":38341,"date":"2025-10-22T17:58:13","date_gmt":"2025-10-22T17:58:13","guid":{"rendered":"https:\/\/pippifoder.se\/?post_type=product&#038;p=38341"},"modified":"2026-01-02T18:38:19","modified_gmt":"2026-01-02T18:38:19","slug":"xxl-syottolaite-luonnonvaraisten-lintujen-siemenia-varten-kopia-4","status":"publish","type":"product","link":"https:\/\/pippifoder.se\/fi\/tuote\/lintujen-ruokinta\/oravan-ja-kissan-kestava-lintujen-ruokinta\/xxl-syottolaite-luonnonvaraisten-lintujen-siemenia-varten-kopia-4\/","title":{"rendered":"Oravan ja kissan kest\u00e4v\u00e4 lintujen sy\u00f6tt\u00f6laite maap\u00e4hkin\u00e4voi-s\u00e4ilykkeille."},"content":{"rendered":"<h3 data-start=\"798\" data-end=\"819\"><strong data-start=\"802\" data-end=\"817\">Ominaisuudet:<\/strong><\/h3>\n<ul data-start=\"820\" data-end=\"1107\">\n<li data-start=\"820\" data-end=\"887\">\n<p data-start=\"822\" data-end=\"887\"><strong data-start=\"822\" data-end=\"859\">Orava- ja harakan kest\u00e4v\u00e4 rakenne &#8211;<\/strong> pikkulinnut sy\u00f6v\u00e4t h\u00e4iri\u00f6tt\u00e4.<\/p>\n<\/li>\n<li data-start=\"888\" data-end=\"944\">\n<p data-start=\"890\" data-end=\"944\">Sopii <strong data-start=\"897\" data-end=\"924\">maap\u00e4hkin\u00e4voi lasipurkkiin (<\/strong> vakiokoko).<\/p>\n<\/li>\n<li data-start=\"945\" data-end=\"1007\">\n<p data-start=\"947\" data-end=\"1007\"><strong data-start=\"947\" data-end=\"978\">Valmistettu kest\u00e4v\u00e4st\u00e4 metallista, jossa on<\/strong> suojapinnoite<\/p>\n<\/li>\n<li data-start=\"1008\" data-end=\"1057\">\n<p data-start=\"1010\" data-end=\"1057\"><strong data-start=\"1010\" data-end=\"1045\">Voidaan asentaa sein\u00e4\u00e4n tai puuhun<\/strong> ruuveilla<\/p>\n<\/li>\n<li data-start=\"1058\" data-end=\"1092\">\n<p data-start=\"1060\" data-end=\"1092\">Helppo t\u00e4ytt\u00e4\u00e4 ja puhdistaa<\/p>\n<\/li>\n<li data-start=\"1093\" data-end=\"1107\">\n<p data-start=\"1095\" data-end=\"1107\">V\u00e4ri: vihre\u00e4<\/p>\n<\/li>\n<\/ul>\n<h3 data-start=\"1109\" data-end=\"1128\"><strong data-start=\"1113\" data-end=\"1126\">Edut:<\/strong><\/h3>\n<ul data-start=\"1129\" data-end=\"1326\">\n<li data-start=\"1129\" data-end=\"1177\">\n<p data-start=\"1131\" data-end=\"1177\">Suojaa ruokaa suuremmilta linnuilta ja oravilta.<\/p>\n<\/li>\n<li data-start=\"1178\" data-end=\"1231\">\n<p data-start=\"1180\" data-end=\"1231\">Houkuttelee pikkulintuja, kuten sinitiaisia, tiaisia ja p\u00e4hkin\u00e4hakkeja.<\/p>\n<\/li>\n<li data-start=\"1232\" data-end=\"1277\">\n<p data-start=\"1234\" data-end=\"1277\">Vankka rakenne, joka kest\u00e4\u00e4 monta vuodenaikaa<\/p>\n<\/li>\n<li data-start=\"1278\" data-end=\"1326\">\n<p data-start=\"1280\" data-end=\"1326\">Antaa puutarhasta siistin ja j\u00e4rjest\u00e4ytyneen vaikutelman.<\/p>\n<\/li>\n<\/ul>\n<p>&nbsp;<\/p>\n<p data-start=\"1328\" data-end=\"1500\">\ud83d\udc26 T\u00e4ll\u00e4 oravan- <strong data-start=\"1341\" data-end=\"1394\">ja aarresuojatulla maap\u00e4hkin\u00e4voi-linnunruokinnalla voit herkutella<\/strong> puutarhasi pikkulinnuille energiarikkaalla herkulla <strong data-start=\"1341\" data-end=\"1394\">&#8211;<\/strong> ilman huolta kutsumattomista vieraista!<\/p>\n","protected":false},"excerpt":{"rendered":"<p data-start=\"245\" data-end=\"577\">Tarjoa pikkulinnuillesi energiaa turvallisella tavalla t\u00e4ll\u00e4 <strong data-start=\"296\" data-end=\"356\">oravan- ja aarresuojatulla maap\u00e4hkin\u00e4voi-purkkiin pakatulla linnunruokinnalla.<\/strong> Tukeva metallih\u00e4kki suojaa purkkia isommilta linnuilta ja oravilta, mutta pienet linnut p\u00e4\u00e4sev\u00e4t helposti sis\u00e4\u00e4n nauttimaan maap\u00e4hkin\u00e4voista. Ihanteellinen k\u00e4ytett\u00e4v\u00e4ksi luonnonvaraisille linnuille tarkoitettujen tavallisten lasipurkkien kanssa.<\/p>\n<p data-start=\"579\" data-end=\"796\">Linnunruokinta on valmistettu s\u00e4\u00e4nkest\u00e4v\u00e4st\u00e4 metallista, jonka jauhemaalattu vihre\u00e4 viimeistely sopii kauniisti puutarhaan. Se on helppo kiinnitt\u00e4\u00e4 sein\u00e4\u00e4n, puunrunkoon tai lintup\u00f6yt\u00e4\u00e4n takana olevan \u00e4lykk\u00e4\u00e4n kiinnikkeen ansiosta. <\/p>\n<p data-start=\"579\" data-end=\"796\">Sopii <a href=\"https:\/\/pippifoder.se\/fi\/produkt\/lintujen-ruokaa\/rasvasiemenseos\/lintujen-syottolaite-mutterit-suuri-3-kerrosta-ruostumaton-kopia-kopia-kopia-kopia\/\">maap\u00e4hkin\u00e4voille, joissa on jauhomatoja lasipurkissa, ja<\/a> <a href=\"https:\/\/pippifoder.se\/fi\/produkt\/lintujen-ruokaa\/rasvasiemenseos\/maapahkinavoi-ja-jauhomato-lasipurkissa-kopia\/\">maap\u00e4hkin\u00e4voille, joissa on murskattuja maap\u00e4hkin\u00f6it\u00e4 lasipurkissa<\/a>.<\/p>\n","protected":false},"featured_media":38345,"comment_status":"closed","ping_status":"closed","template":"","meta":{"_acf_changed":false},"product_brand":[],"product_cat":[567,174],"product_tag":[],"class_list":{"0":"post-38341","1":"product","2":"type-product","3":"status-publish","4":"has-post-thumbnail","6":"product_cat-oravan-ja-kissan-kestava-lintujen-ruokinta","7":"product_cat-lintujen-ruokinta","8":"product_group-traholk-bord","10":"first","11":"instock","12":"taxable","13":"shipping-taxable","14":"purchasable","15":"product-type-simple"},"bundled_by":[],"bundle_stock_status":"instock","bundle_stock_quantity":29,"bundle_virtual":false,"bundle_layout":"","bundle_add_to_cart_form_location":"","bundle_editable_in_cart":false,"bundle_sold_individually_context":"","bundle_item_grouping":"","bundle_min_size":"","bundle_max_size":"","bundle_price":[],"bundled_items":[],"bundle_sell_ids":[],"acf":[],"_links":{"self":[{"href":"https:\/\/pippifoder.se\/fi\/wp-json\/wp\/v2\/product\/38341","targetHints":{"allow":["GET"]}}],"collection":[{"href":"https:\/\/pippifoder.se\/fi\/wp-json\/wp\/v2\/product"}],"about":[{"href":"https:\/\/pippifoder.se\/fi\/wp-json\/wp\/v2\/types\/product"}],"replies":[{"embeddable":true,"href":"https:\/\/pippifoder.se\/fi\/wp-json\/wp\/v2\/comments?post=38341"}],"wp:featuredmedia":[{"embeddable":true,"href":"https:\/\/pippifoder.se\/fi\/wp-json\/wp\/v2\/media\/38345"}],"wp:attachment":[{"href":"https:\/\/pippifoder.se\/fi\/wp-json\/wp\/v2\/media?parent=38341"}],"wp:term":[{"taxonomy":"product_brand","embeddable":true,"href":"https:\/\/pippifoder.se\/fi\/wp-json\/wp\/v2\/product_brand?post=38341"},{"taxonomy":"product_cat","embeddable":true,"href":"https:\/\/pippifoder.se\/fi\/wp-json\/wp\/v2\/product_cat?post=38341"},{"taxonomy":"product_tag","embeddable":true,"href":"https:\/\/pippifoder.se\/fi\/wp-json\/wp\/v2\/product_tag?post=38341"}],"curies":[{"name":"wp","href":"https:\/\/api.w.org\/{rel}","templated":true}]}}