{"id":38333,"date":"2025-10-22T17:56:29","date_gmt":"2025-10-22T15:56:29","guid":{"rendered":"https:\/\/pippifoder.se\/?post_type=product&#038;p=38333"},"modified":"2026-04-15T13:03:17","modified_gmt":"2026-04-15T11:03:17","slug":"xxl-syottolaite-luonnonvaraisten-lintujen-siemenia-varten-kopia-3","status":"publish","type":"product","link":"https:\/\/pippifoder.se\/fi\/tuote\/lintujen-ruokinta\/oravan-ja-kissan-kestava-lintujen-ruokinta\/xxl-syottolaite-luonnonvaraisten-lintujen-siemenia-varten-kopia-3\/","title":{"rendered":"Oravan ja kissan kest\u00e4v\u00e4 lintujen sy\u00f6tt\u00f6laite mokkapalloja varten"},"content":{"rendered":"<h3 data-start=\"754\" data-end=\"775\"><strong data-start=\"758\" data-end=\"773\">Ominaisuudet:<\/strong><\/h3>\n<ul data-start=\"776\" data-end=\"1080\">\n<li data-start=\"776\" data-end=\"844\">\n<p data-start=\"778\" data-end=\"844\"><strong data-start=\"778\" data-end=\"809\">Orava- ja kissansuojattu muotoilu &#8211;<\/strong> suojaa ruokaa suuremmilta el\u00e4imilt\u00e4.<\/p>\n<\/li>\n<li data-start=\"845\" data-end=\"891\">\n<p data-start=\"847\" data-end=\"891\">Sopii <strong data-start=\"858\" data-end=\"889\">talipalloille ja energiapalloille<\/strong><\/p>\n<\/li>\n<li data-start=\"892\" data-end=\"953\">\n<p data-start=\"894\" data-end=\"953\"><strong data-start=\"894\" data-end=\"923\">Vakaa metallirakenne<\/strong> s\u00e4\u00e4nkest\u00e4v\u00e4ll\u00e4 pinnoitteella<\/p>\n<\/li>\n<li data-start=\"954\" data-end=\"1011\">\n<p data-start=\"956\" data-end=\"1011\"><strong data-start=\"956\" data-end=\"974\">Irrotettava kansi helpottaa<\/strong> t\u00e4ytt\u00e4mist\u00e4 ja puhdistamista<\/p>\n<\/li>\n<li data-start=\"1012\" data-end=\"1057\">\n<p data-start=\"1014\" data-end=\"1057\"><strong data-start=\"1014\" data-end=\"1033\">Yl\u00e4osassa ripustimet<\/strong> helppoa asennusta <strong data-start=\"1014\" data-end=\"1033\">varten<\/strong> <\/p>\n<\/li>\n<\/ul>\n<h3 data-start=\"1082\" data-end=\"1101\"><strong data-start=\"1086\" data-end=\"1099\">Edut:<\/strong><\/h3>\n<ul data-start=\"1102\" data-end=\"1290\">\n<li data-start=\"1102\" data-end=\"1164\">\n<p data-start=\"1104\" data-end=\"1164\">Pikkulintujen, kuten sinitiaisten, tiaisten ja kultasirkkujen, h\u00e4iri\u00f6tt\u00f6m\u00e4n ruokailun mahdollistaminen.<\/p>\n<\/li>\n<li data-start=\"1165\" data-end=\"1213\">\n<p data-start=\"1167\" data-end=\"1213\">V\u00e4henn\u00e4 j\u00e4tett\u00e4 ja pid\u00e4 ruoka tuoreena pidemp\u00e4\u00e4n<\/p>\n<\/li>\n<li data-start=\"1214\" data-end=\"1256\">\n<p data-start=\"1216\" data-end=\"1256\">Kest\u00e4v\u00e4 ja tyylik\u00e4s muotoilu vihre\u00e4st\u00e4 metallista<\/p>\n<\/li>\n<li data-start=\"1257\" data-end=\"1290\">\n<p data-start=\"1259\" data-end=\"1290\">T\u00e4ydellinen ymp\u00e4rivuotiseen ruokintaan<\/p>\n<\/li>\n<\/ul>\n<p>&nbsp;<\/p>\n<p data-start=\"1292\" data-end=\"1445\">\ud83d\udc26 T\u00e4m\u00e4n oravan- <strong data-start=\"1305\" data-end=\"1356\">ja harakanvarman linnunruokintalaitteen<\/strong> avulla <strong data-start=\"1305\" data-end=\"1356\">saat<\/strong> enemm\u00e4n pikkulintuja puutarhaan &#8211; ilman <strong data-start=\"1305\" data-end=\"1356\">,<\/strong> ett\u00e4 oravat tai harakat valtaavat ruokap\u00f6yd\u00e4n!<\/p>\n","protected":false},"excerpt":{"rendered":"<p data-start=\"231\" data-end=\"515\">Suojaa pikkulintujesi lempiruokaa kutsumattomilta vierailta t\u00e4ll\u00e4 <strong data-start=\"294\" data-end=\"345\">oravalta ja harakalta suojatulla linnunruokintapallolla.<\/strong> Nokkela muotoilu koostuu sis\u00e4isest\u00e4 mokkapallotelineest\u00e4, jota ymp\u00e4r\u00f6i tukeva metallih\u00e4kki, joka est\u00e4\u00e4 tehokkaasti isompien lintujen ja oravien p\u00e4\u00e4syn ruokaan. <\/p>\n<p data-start=\"517\" data-end=\"752\">Tukevan, s\u00e4\u00e4nkest\u00e4v\u00e4n metallirakenteen ansiosta ruokinta sopii t\u00e4ydellisesti ymp\u00e4rivuotiseen k\u00e4ytt\u00f6\u00f6n. Kansi on helppo irrottaa t\u00e4ytt\u00e4mist\u00e4 ja puhdistamista varten, ja k\u00e4yt\u00e4nn\u00f6llisen kahvan ansiosta se on helppo ripustaa puihin, koukkuihin tai lintutelineisiin. <\/p>\n","protected":false},"featured_media":38337,"comment_status":"closed","ping_status":"closed","template":"","meta":{"_acf_changed":false},"product_brand":[],"product_cat":[567,174,708,182],"product_tag":[],"class_list":{"0":"post-38333","1":"product","2":"type-product","3":"status-publish","4":"has-post-thumbnail","6":"product_cat-oravan-ja-kissan-kestava-lintujen-ruokinta","7":"product_cat-lintujen-ruokinta","8":"product_cat-lintujen-syottolaite-mokkapalloja-varten","9":"product_cat-tallapallot-pienille-linnuille","11":"first","12":"instock","13":"taxable","14":"shipping-taxable","15":"purchasable","16":"product-type-simple"},"bundled_by":[],"bundle_stock_status":"instock","bundle_stock_quantity":9,"bundle_virtual":false,"bundle_layout":"","bundle_add_to_cart_form_location":"","bundle_editable_in_cart":false,"bundle_sold_individually_context":"","bundle_item_grouping":"","bundle_min_size":"","bundle_max_size":"","bundle_price":[],"bundled_items":[],"bundle_sell_ids":[],"acf":[],"_links":{"self":[{"href":"https:\/\/pippifoder.se\/fi\/wp-json\/wp\/v2\/product\/38333","targetHints":{"allow":["GET"]}}],"collection":[{"href":"https:\/\/pippifoder.se\/fi\/wp-json\/wp\/v2\/product"}],"about":[{"href":"https:\/\/pippifoder.se\/fi\/wp-json\/wp\/v2\/types\/product"}],"replies":[{"embeddable":true,"href":"https:\/\/pippifoder.se\/fi\/wp-json\/wp\/v2\/comments?post=38333"}],"wp:featuredmedia":[{"embeddable":true,"href":"https:\/\/pippifoder.se\/fi\/wp-json\/wp\/v2\/media\/38337"}],"wp:attachment":[{"href":"https:\/\/pippifoder.se\/fi\/wp-json\/wp\/v2\/media?parent=38333"}],"wp:term":[{"taxonomy":"product_brand","embeddable":true,"href":"https:\/\/pippifoder.se\/fi\/wp-json\/wp\/v2\/product_brand?post=38333"},{"taxonomy":"product_cat","embeddable":true,"href":"https:\/\/pippifoder.se\/fi\/wp-json\/wp\/v2\/product_cat?post=38333"},{"taxonomy":"product_tag","embeddable":true,"href":"https:\/\/pippifoder.se\/fi\/wp-json\/wp\/v2\/product_tag?post=38333"}],"curies":[{"name":"wp","href":"https:\/\/api.w.org\/{rel}","templated":true}]}}