{"id":38325,"date":"2025-10-22T17:53:25","date_gmt":"2025-10-22T17:53:25","guid":{"rendered":"https:\/\/pippifoder.se\/?post_type=product&#038;p=38325"},"modified":"2026-04-15T13:03:14","modified_gmt":"2026-04-15T11:03:14","slug":"xxl-syottolaite-luonnonvaraisten-lintujen-siemenia-varten-kopia-2","status":"publish","type":"product","link":"https:\/\/pippifoder.se\/fi\/tuote\/lintujen-ruokinta\/oravan-ja-kissan-kestava-lintujen-ruokinta\/xxl-syottolaite-luonnonvaraisten-lintujen-siemenia-varten-kopia-2\/","title":{"rendered":"Oravan ja kissan kest\u00e4v\u00e4 lintujen sy\u00f6tt\u00f6laite p\u00e4hkin\u00f6ille"},"content":{"rendered":"<h3 data-start=\"773\" data-end=\"794\"><strong data-start=\"777\" data-end=\"792\">Ominaisuudet:<\/strong><\/h3>\n<ul data-start=\"795\" data-end=\"1123\">\n<li data-start=\"795\" data-end=\"870\">\n<p data-start=\"797\" data-end=\"870\"><strong data-start=\"797\" data-end=\"828\">Oravan ja aarteen kest\u00e4v\u00e4 muotoilu &#8211;<\/strong> suojaa p\u00e4hkin\u00f6it\u00e4 ei-toivotuilta vierailta<\/p>\n<\/li>\n<li data-start=\"871\" data-end=\"931\">\n<p data-start=\"873\" data-end=\"931\"><strong data-start=\"873\" data-end=\"891\">Sisempi metalliverkko &#8211;<\/strong> ihanteellinen maap\u00e4hkin\u00f6ille ja p\u00e4hkin\u00e4sekoituksille.<\/p>\n<\/li>\n<li data-start=\"932\" data-end=\"987\">\n<p data-start=\"934\" data-end=\"987\">Valmistettu <strong data-start=\"947\" data-end=\"985\">kest\u00e4v\u00e4st\u00e4 metallista, s\u00e4\u00e4nkest\u00e4v\u00e4st\u00e4 lakasta<\/strong>.<\/p>\n<\/li>\n<li data-start=\"988\" data-end=\"1045\">\n<p data-start=\"990\" data-end=\"1045\"><strong data-start=\"990\" data-end=\"1008\">Irrotettava kansi helpottaa<\/strong> t\u00e4ytt\u00e4mist\u00e4 ja puhdistamista<\/p>\n<\/li>\n<li data-start=\"1046\" data-end=\"1100\">\n<p data-start=\"1048\" data-end=\"1100\"><strong data-start=\"1048\" data-end=\"1064\">Helppo ripustaa puihin<\/strong>, koukkuihin tai lintutelineisiin.<\/p>\n<\/li>\n<\/ul>\n<h3 data-start=\"1125\" data-end=\"1144\"><strong data-start=\"1129\" data-end=\"1142\">Edut:<\/strong><\/h3>\n<ul data-start=\"1145\" data-end=\"1304\">\n<li data-start=\"1145\" data-end=\"1187\">\n<p data-start=\"1147\" data-end=\"1187\">Pikkulinnut voivat ruokailla h\u00e4iri\u00f6tt\u00e4 ymp\u00e4ri vuoden.<\/p>\n<\/li>\n<li data-start=\"1188\" data-end=\"1218\">\n<p data-start=\"1190\" data-end=\"1218\">Vuodon ja ruokah\u00e4vikin v\u00e4hent\u00e4minen<\/p>\n<\/li>\n<li data-start=\"1219\" data-end=\"1262\">\n<p data-start=\"1221\" data-end=\"1262\">Tyylik\u00e4s ja luonnollinen muotoilu tummanvihre\u00e4ll\u00e4<\/p>\n<\/li>\n<li data-start=\"1263\" data-end=\"1304\">\n<p data-start=\"1265\" data-end=\"1304\">Pitk\u00e4 k\u00e4ytt\u00f6ik\u00e4 ja kest\u00e4v\u00e4 rakenne<\/p>\n<\/li>\n<\/ul>\n<p>&nbsp;<\/p>\n<p data-start=\"1306\" data-end=\"1451\">\ud83d\udc26 T\u00e4m\u00e4n oravan- <strong data-start=\"1319\" data-end=\"1366\">ja aarresuojatun p\u00e4hkin\u00f6ille tarkoitetun lintujen ruokintalaitteen<\/strong> avulla <strong data-start=\"1319\" data-end=\"1366\">saat<\/strong> enemm\u00e4n pikkulintuja puutarhaan &#8211; ja v\u00e4hemm\u00e4n turhautumista sy\u00f6tyyn ruokaan!<\/p>\n","protected":false},"excerpt":{"rendered":"<p data-start=\"217\" data-end=\"496\">Auta pikkulintuja nauttimaan p\u00e4hkin\u00f6ist\u00e4\u00e4n rauhassa t\u00e4ll\u00e4 <strong data-start=\"284\" data-end=\"331\">oravalta ja harakalta suojatulla p\u00e4hkin\u00f6iden sy\u00f6tt\u00f6laitteella.<\/strong> Sisempi metalliverkkosylinteri sopii t\u00e4ydellisesti maap\u00e4hkin\u00f6ille ja p\u00e4hkin\u00e4sekoituksille, kun taas ulompi tukeva h\u00e4kki pit\u00e4\u00e4 isommat linnut ja oravat tehokkaasti loitolla. <\/p>\n<p data-start=\"498\" data-end=\"771\">\u00c4lykk\u00e4\u00e4n rakenteensa ansiosta pikkulinnut, kuten p\u00e4hkin\u00e4pensas, p\u00e4hkin\u00e4pensas ja sinitiainen, voivat helposti istua ja poimia p\u00e4hkin\u00f6it\u00e4 ilman, ett\u00e4 isommat k\u00e4vij\u00e4t kilpailevat. Vihre\u00e4n v\u00e4rin ansiosta ruokinta sulautuu luontevasti puutarhaan, ja s\u00e4\u00e4nkest\u00e4v\u00e4 metalli takaa pitk\u00e4aikaisen kest\u00e4vyyden. <\/p>\n","protected":false},"featured_media":38329,"comment_status":"closed","ping_status":"closed","template":"","meta":{"_acf_changed":false},"product_brand":[],"product_cat":[567,174,166],"product_tag":[],"class_list":{"0":"post-38325","1":"product","2":"type-product","3":"status-publish","4":"has-post-thumbnail","6":"product_cat-oravan-ja-kissan-kestava-lintujen-ruokinta","7":"product_cat-lintujen-ruokinta","8":"product_cat-lintujen-syottolaitteita-pahkinoita-varten","10":"first","11":"outofstock","12":"taxable","13":"shipping-taxable","14":"purchasable","15":"product-type-simple"},"bundled_by":[],"bundle_stock_status":"outofstock","bundle_stock_quantity":0,"bundle_virtual":false,"bundle_layout":"","bundle_add_to_cart_form_location":"","bundle_editable_in_cart":false,"bundle_sold_individually_context":"","bundle_item_grouping":"","bundle_min_size":"","bundle_max_size":"","bundle_price":[],"bundled_items":[],"bundle_sell_ids":[],"acf":[],"_links":{"self":[{"href":"https:\/\/pippifoder.se\/fi\/wp-json\/wp\/v2\/product\/38325","targetHints":{"allow":["GET"]}}],"collection":[{"href":"https:\/\/pippifoder.se\/fi\/wp-json\/wp\/v2\/product"}],"about":[{"href":"https:\/\/pippifoder.se\/fi\/wp-json\/wp\/v2\/types\/product"}],"replies":[{"embeddable":true,"href":"https:\/\/pippifoder.se\/fi\/wp-json\/wp\/v2\/comments?post=38325"}],"wp:featuredmedia":[{"embeddable":true,"href":"https:\/\/pippifoder.se\/fi\/wp-json\/wp\/v2\/media\/38329"}],"wp:attachment":[{"href":"https:\/\/pippifoder.se\/fi\/wp-json\/wp\/v2\/media?parent=38325"}],"wp:term":[{"taxonomy":"product_brand","embeddable":true,"href":"https:\/\/pippifoder.se\/fi\/wp-json\/wp\/v2\/product_brand?post=38325"},{"taxonomy":"product_cat","embeddable":true,"href":"https:\/\/pippifoder.se\/fi\/wp-json\/wp\/v2\/product_cat?post=38325"},{"taxonomy":"product_tag","embeddable":true,"href":"https:\/\/pippifoder.se\/fi\/wp-json\/wp\/v2\/product_tag?post=38325"}],"curies":[{"name":"wp","href":"https:\/\/api.w.org\/{rel}","templated":true}]}}