{"id":38316,"date":"2025-10-22T17:48:48","date_gmt":"2025-10-22T17:48:48","guid":{"rendered":"https:\/\/pippifoder.se\/?post_type=product&#038;p=38316"},"modified":"2026-04-15T13:03:20","modified_gmt":"2026-04-15T11:03:20","slug":"xxl-syottolaite-luonnonvaraisten-lintujen-siemenia-varten-kopia","status":"publish","type":"product","link":"https:\/\/pippifoder.se\/fi\/tuote\/lintujen-ruokinta\/oravan-ja-kissan-kestava-lintujen-ruokinta\/xxl-syottolaite-luonnonvaraisten-lintujen-siemenia-varten-kopia\/","title":{"rendered":"Oravan ja harakan kest\u00e4v\u00e4 lintujen sy\u00f6tt\u00f6laite siemeni\u00e4 varten"},"content":{"rendered":"<h3 data-start=\"734\" data-end=\"755\"><strong data-start=\"738\" data-end=\"753\">Ominaisuudet:<\/strong><\/h3>\n<ul data-start=\"756\" data-end=\"1104\">\n<li data-start=\"756\" data-end=\"826\">\n<p data-start=\"758\" data-end=\"826\">Orava- ja kissansuojattu rakenne &#8211; vain pienet linnut p\u00e4\u00e4sev\u00e4t ruokaan k\u00e4siksi.<\/p>\n<\/li>\n<li data-start=\"827\" data-end=\"894\">\n<p data-start=\"829\" data-end=\"894\">Sopii luonnonvaraisten lintujen siemenille, auringonkukansiemenille tai pienille siemenseoksille.<\/p>\n<\/li>\n<li data-start=\"895\" data-end=\"950\">\n<p data-start=\"897\" data-end=\"950\">Valmistettu vahvasta metallista ja l\u00e4pin\u00e4kyv\u00e4st\u00e4 muovista<\/p>\n<\/li>\n<li data-start=\"951\" data-end=\"1008\">\n<p data-start=\"953\" data-end=\"1008\">Irrotettava kansi helpottaa t\u00e4ytt\u00e4mist\u00e4 ja puhdistamista<\/p>\n<\/li>\n<li data-start=\"1009\" data-end=\"1081\">\n<p data-start=\"1011\" data-end=\"1081\">K\u00e4yt\u00e4nn\u00f6llinen ripustin puihin, koukkuihin tai lintujen istuimiin ripustamista varten.<\/p>\n<\/li>\n<\/ul>\n<h3 data-start=\"1106\" data-end=\"1125\"><strong data-start=\"1110\" data-end=\"1123\">Edut:<\/strong><\/h3>\n<ul data-start=\"1126\" data-end=\"1320\">\n<li data-start=\"1126\" data-end=\"1178\">\n<p data-start=\"1128\" data-end=\"1178\">Suojaa lintujen ruokaa suuremmilta linnuilta ja oravilta.<\/p>\n<\/li>\n<li data-start=\"1179\" data-end=\"1209\">\n<p data-start=\"1181\" data-end=\"1209\">Houkuttelee pikkulintuja ymp\u00e4ri vuoden<\/p>\n<\/li>\n<li data-start=\"1210\" data-end=\"1260\">\n<p data-start=\"1212\" data-end=\"1260\">Pitk\u00e4 k\u00e4ytt\u00f6ik\u00e4 ja s\u00e4\u00e4nkest\u00e4v\u00e4 rakenne<\/p>\n<\/li>\n<li data-start=\"1261\" data-end=\"1320\">\n<p data-start=\"1263\" data-end=\"1320\">Tyylik\u00e4s vihre\u00e4 muotoilu, joka sulautuu luontevasti puutarhaan.<\/p>\n<\/li>\n<\/ul>\n<p data-start=\"1322\" data-end=\"1468\">\ud83d\udc26 T\u00e4m\u00e4n oravan- <strong data-start=\"1335\" data-end=\"1380\">ja harakanvarman siemenien sy\u00f6tt\u00f6laitteen<\/strong> avulla <strong data-start=\"1335\" data-end=\"1380\">saat<\/strong> rauhallisemmat ateriat puutarhassa &#8211; jossa pikkulinnut voivat sy\u00f6d\u00e4 h\u00e4iri\u00f6tt\u00e4 p\u00e4iv\u00e4st\u00e4 toiseen.<\/p>\n","protected":false},"excerpt":{"rendered":"<p data-start=\"210\" data-end=\"571\">Anna pienille linnuille turvallinen ruokailupaikka t\u00e4ll\u00e4 <strong data-start=\"258\" data-end=\"303\">oravalta ja harakalta suojatulla siemenruokinta-astialla.<\/strong> Sis\u00e4isen siilon ymp\u00e4rill\u00e4 oleva tukeva metallih\u00e4kki tarkoittaa, ett\u00e4 vain pienet linnut p\u00e4\u00e4sev\u00e4t ruokaan, kun taas suuremmat linnut ja oravat pysyv\u00e4t loitolla. Ihanteellinen niille, jotka haluavat houkutella pikkulintuja, kuten sarvip\u00e4\u00e4skyj\u00e4, sinitiaisia ja tiaisia, puutarhaan ilman turhaa ruokah\u00e4vikki\u00e4.  <\/p>\n<p data-start=\"573\" data-end=\"732\">Linnunruokinta on valmistettu kest\u00e4vist\u00e4 materiaaleista, jotka kest\u00e4v\u00e4t elementtej\u00e4. Irrotettavan kannen ansiosta se on helppo t\u00e4ytt\u00e4\u00e4 siemenill\u00e4 ja puhdistaa tarvittaessa. <\/p>\n","protected":false},"featured_media":38321,"comment_status":"closed","ping_status":"closed","template":"","meta":{"_acf_changed":false},"product_brand":[],"product_cat":[567,171,174],"product_tag":[],"class_list":{"0":"post-38316","1":"product","2":"type-product","3":"status-publish","4":"has-post-thumbnail","6":"product_cat-oravan-ja-kissan-kestava-lintujen-ruokinta","7":"product_cat-linnunsyottolaite-linnunsiemenia-varten","8":"product_cat-lintujen-ruokinta","10":"first","11":"outofstock","12":"taxable","13":"shipping-taxable","14":"purchasable","15":"product-type-simple"},"bundled_by":[],"bundle_stock_status":"outofstock","bundle_stock_quantity":0,"bundle_virtual":false,"bundle_layout":"","bundle_add_to_cart_form_location":"","bundle_editable_in_cart":false,"bundle_sold_individually_context":"","bundle_item_grouping":"","bundle_min_size":"","bundle_max_size":"","bundle_price":[],"bundled_items":[],"bundle_sell_ids":[],"acf":[],"_links":{"self":[{"href":"https:\/\/pippifoder.se\/fi\/wp-json\/wp\/v2\/product\/38316","targetHints":{"allow":["GET"]}}],"collection":[{"href":"https:\/\/pippifoder.se\/fi\/wp-json\/wp\/v2\/product"}],"about":[{"href":"https:\/\/pippifoder.se\/fi\/wp-json\/wp\/v2\/types\/product"}],"replies":[{"embeddable":true,"href":"https:\/\/pippifoder.se\/fi\/wp-json\/wp\/v2\/comments?post=38316"}],"wp:featuredmedia":[{"embeddable":true,"href":"https:\/\/pippifoder.se\/fi\/wp-json\/wp\/v2\/media\/38321"}],"wp:attachment":[{"href":"https:\/\/pippifoder.se\/fi\/wp-json\/wp\/v2\/media?parent=38316"}],"wp:term":[{"taxonomy":"product_brand","embeddable":true,"href":"https:\/\/pippifoder.se\/fi\/wp-json\/wp\/v2\/product_brand?post=38316"},{"taxonomy":"product_cat","embeddable":true,"href":"https:\/\/pippifoder.se\/fi\/wp-json\/wp\/v2\/product_cat?post=38316"},{"taxonomy":"product_tag","embeddable":true,"href":"https:\/\/pippifoder.se\/fi\/wp-json\/wp\/v2\/product_tag?post=38316"}],"curies":[{"name":"wp","href":"https:\/\/api.w.org\/{rel}","templated":true}]}}