{"id":36515,"date":"2025-10-13T10:50:17","date_gmt":"2025-10-13T10:50:17","guid":{"rendered":"https:\/\/pippifoder.se\/?post_type=product&#038;p=36515"},"modified":"2026-04-15T12:59:29","modified_gmt":"2026-04-15T10:59:29","slug":"lintujen-syottolaite-mutterit-suuri-3-kerrosta-ruostumaton-kopia-4","status":"publish","type":"product","link":"https:\/\/pippifoder.se\/fi\/tuote\/lintujen-ruokinta\/lintujen-syottolaite-mutterit-suuri-3-kerrosta-ruostumaton-kopia-4\/","title":{"rendered":"Lintujen ruokintap\u00e4hkin\u00e4t suuret 3 tasoa, ruostumatonta ter\u00e4st\u00e4 kiilt\u00e4v\u00e4n\u00e4"},"content":{"rendered":"","protected":false},"excerpt":{"rendered":"<p>Lintujen ruokintap\u00e4hkin\u00e4t iso 3 kerrosta, ruostumatonta ter\u00e4st\u00e4 kiilt\u00e4v\u00e4 14 x 36 cm. <a href=\"https:\/\/pippifoder.se\/fi\/maapahkinat\/\">P\u00e4hkin\u00f6ille.<\/a> Valmistettu kokonaan kiilt\u00e4v\u00e4st\u00e4 metallista. Kolme alustaa tarjoavat tilaa useille linnuille kerralla. Jousituksella.    <\/p>\n","protected":false},"featured_media":36529,"comment_status":"closed","ping_status":"closed","template":"","meta":{"_acf_changed":false},"product_brand":[],"product_cat":[174,166],"product_tag":[],"class_list":{"0":"post-36515","1":"product","2":"type-product","3":"status-publish","4":"has-post-thumbnail","6":"product_cat-lintujen-ruokinta","7":"product_cat-lintujen-syottolaitteita-pahkinoita-varten","9":"first","10":"instock","11":"taxable","12":"shipping-taxable","13":"purchasable","14":"product-type-simple"},"bundled_by":[],"bundle_stock_status":"instock","bundle_stock_quantity":49,"bundle_virtual":false,"bundle_layout":"","bundle_add_to_cart_form_location":"","bundle_editable_in_cart":false,"bundle_sold_individually_context":"","bundle_item_grouping":"","bundle_min_size":"","bundle_max_size":"","bundle_price":[],"bundled_items":[],"bundle_sell_ids":[],"acf":[],"_links":{"self":[{"href":"https:\/\/pippifoder.se\/fi\/wp-json\/wp\/v2\/product\/36515","targetHints":{"allow":["GET"]}}],"collection":[{"href":"https:\/\/pippifoder.se\/fi\/wp-json\/wp\/v2\/product"}],"about":[{"href":"https:\/\/pippifoder.se\/fi\/wp-json\/wp\/v2\/types\/product"}],"replies":[{"embeddable":true,"href":"https:\/\/pippifoder.se\/fi\/wp-json\/wp\/v2\/comments?post=36515"}],"wp:featuredmedia":[{"embeddable":true,"href":"https:\/\/pippifoder.se\/fi\/wp-json\/wp\/v2\/media\/36529"}],"wp:attachment":[{"href":"https:\/\/pippifoder.se\/fi\/wp-json\/wp\/v2\/media?parent=36515"}],"wp:term":[{"taxonomy":"product_brand","embeddable":true,"href":"https:\/\/pippifoder.se\/fi\/wp-json\/wp\/v2\/product_brand?post=36515"},{"taxonomy":"product_cat","embeddable":true,"href":"https:\/\/pippifoder.se\/fi\/wp-json\/wp\/v2\/product_cat?post=36515"},{"taxonomy":"product_tag","embeddable":true,"href":"https:\/\/pippifoder.se\/fi\/wp-json\/wp\/v2\/product_tag?post=36515"}],"curies":[{"name":"wp","href":"https:\/\/api.w.org\/{rel}","templated":true}]}}