{"id":34470,"date":"2025-09-29T18:10:06","date_gmt":"2025-09-29T18:10:06","guid":{"rendered":"https:\/\/pippifoder.se\/?post_type=product&#038;p=34470"},"modified":"2025-11-11T15:43:32","modified_gmt":"2025-11-11T15:43:32","slug":"leowolf-lintujen-syottolaite-rasvasiemenseos-pahkinoilla-225g-kopia","status":"publish","type":"product","link":"https:\/\/pippifoder.se\/fi\/tuote\/alennuskulma\/leowolf-lintujen-syottolaite-rasvasiemenseos-pahkinoilla-225g-kopia\/","title":{"rendered":"FYND &#8211; 11kpl Leo&amp;Wolf Lintujen ruokintalaitteen rasvasiemenseos p\u00e4hkin\u00f6ill\u00e4 225g"},"content":{"rendered":"<h2>Miksi valita p\u00e4hkin\u00f6it\u00e4 sis\u00e4lt\u00e4v\u00e4 linnunsiemenseoksemme?<\/h2>\n<ol>\n<li>\nT<strong>\u00e4ytetty 225 g korkea-energisell\u00e4 rasvasiemenseoksella, jossa on p\u00e4hkin\u00f6it\u00e4<\/strong> Lintujen ruokintalaite sis\u00e4lt\u00e4\u00e4 225 grammaa korkealaatuista<strong>rasvasiemenseosta, jossa on p\u00e4hkin\u00f6it\u00e4<\/strong>. T\u00e4m\u00e4 sekoitus tarjoaa tasapainoisen, runsaasti energiaa ja ravintoaineita sis\u00e4lt\u00e4v\u00e4n ruokavalion, joka on ihanteellinen lintujen p\u00e4ivitt\u00e4isten tarpeiden tukemiseen erityisesti vaativissa talviolosuhteissa. <\/li>\n<li>\nV<strong>almistettu kest\u00e4v\u00e4st\u00e4, kierr\u00e4tysmuovista<\/strong> Annostelija on valmistettu kierr\u00e4tysmuovista, joten se on ymp\u00e4rist\u00f6yst\u00e4v\u00e4llinen vaihtoehto. Vankka ja s\u00e4\u00e4nkest\u00e4v\u00e4 rakenne takaa pitk\u00e4aikaisen k\u00e4yt\u00f6n ja edist\u00e4\u00e4 kest\u00e4v\u00e4\u00e4 el\u00e4m\u00e4ntapaa. <\/li>\n<li>\nK<strong>\u00e4ytt\u00f6valmis ja helppo ripustaa<\/strong> Muotoilu mahdollistaa helpon ripustamisen ja k\u00e4yt\u00f6n suoraan laatikosta. Ripusta annostelija puihin, pylv\u00e4isiin tai muihin kohoumiin ja luo nopeasti turvallinen ruokintapaikka linnuillesi. <\/li>\n<li>\nU<strong>udelleenk\u00e4ytett\u00e4v\u00e4 sy\u00f6tt\u00f6laite jatkuvaan<\/strong> k\u00e4ytt\u00f6\u00f6n Sy\u00f6tt\u00f6laite voidaan helposti k\u00e4ytt\u00e4\u00e4 uudelleen<strong>500 g:n p\u00e4hkin\u00f6it\u00e4 sis\u00e4lt\u00e4v\u00e4n rasvasiemenseoksemme<\/strong> kanssa, joten lintujen ruokkiminen on helppoa ilman, ett\u00e4 niiden tarvitsee ostaa joka kerta uusi sy\u00f6tt\u00f6laite.<\/li>\n<li>\nT<strong>urvallinen ja hygieeninen ruokinta<\/strong> Rasvasiemenseos on l\u00e4mp\u00f6k\u00e4sitelty haitallisten bakteerien riskin poistamiseksi, joten ruoka on turvallista linnuille. Verkkovapaa muotoilu est\u00e4\u00e4 lintuja j\u00e4\u00e4m\u00e4st\u00e4 kiinni ja helpottaa ruokinta-alueen puhdistamista. <\/li>\n<li>\nO<strong>ptimoitu erikokoisille linnuille<\/strong> Annostelijan muotoilu on sovitettu monenlaisille lintulajeille, joten se on monipuolinen ja sopii k\u00e4ytett\u00e4v\u00e4ksi eri ymp\u00e4rist\u00f6iss\u00e4 ja eri vuodenaikoina.<\/li>\n<\/ol>\n<h2>Edut luonnonvaraisille linnuille<\/h2>\n<ul>\n<li>\nE<strong>nergiaa ja ravintoa p\u00e4hkin\u00f6ist\u00e4<\/strong> Rasvasiemenseoksen p\u00e4hkin\u00e4t tarjoavat v\u00e4ltt\u00e4m\u00e4tt\u00f6mi\u00e4 rasvahappoja ja proteiineja, jotka tukevat lintujen terveytt\u00e4 ja elinvoimaisuutta ja auttavat niit\u00e4 s\u00e4ilytt\u00e4m\u00e4\u00e4n energiansa kylmin\u00e4 kuukausina.<\/li>\n<li>\nY<strong>mp\u00e4rist\u00f6yst\u00e4v\u00e4llinen sy\u00f6tt\u00f6laite<\/strong> Kierr\u00e4tysmuovin k\u00e4ytt\u00f6 auttaa v\u00e4hent\u00e4m\u00e4\u00e4n muovij\u00e4tett\u00e4 ja tukee resurssien kest\u00e4v\u00e4\u00e4 k\u00e4ytt\u00f6\u00e4, ja se tarjoaa samalla luotettavan sy\u00f6tt\u00f6ratkaisun.<\/li>\n<li><strong>Turvallinen ja helppo puhdistaa<\/strong><br \/>\nVerkkovapaa ja l\u00e4mp\u00f6k\u00e4sitelty rakenne takaa turvallisen ja hygieenisen ruokinta-alueen, johon linnut eiv\u00e4t voi j\u00e4\u00e4d\u00e4 kiinni tai jossa bakteerit eiv\u00e4t p\u00e4\u00e4se levi\u00e4m\u00e4\u00e4n.<\/li>\n<\/ul>\n<h2>Tilaa lintujen siemenseos p\u00e4hkin\u00f6ineen jo t\u00e4n\u00e4\u00e4n!<\/h2>\n<p>Tarjoa luonnonvaraisille linnuillesi ravitsevaa ja turvallista ruokintaa <strong>p\u00e4hkin\u00f6it\u00e4 sis\u00e4lt\u00e4v\u00e4ll\u00e4 linnunruokintarasvan siemenseoksella<\/strong>. Tilaa nyt ja osallistu lintujesi kest\u00e4v\u00e4n ja terveellisen ruokintaymp\u00e4rist\u00f6n luomiseen! <\/p>\n","protected":false},"excerpt":{"rendered":"<p><strong><span style=\"color: #000000; font-family: Roboto, sans-serif;\">FYND-tuote, saat 11 rasvasiemenseoksen p\u00e4hkin\u00f6iden kanssa vain 399 \u20ac!<\/span><\/strong><\/p>\n<p>Rikastuta luonnonvaraisten lintujesi ruokavaliota <strong>p\u00e4hkin\u00f6it\u00e4 sis\u00e4lt\u00e4v\u00e4ll\u00e4 linnunruokintarasvan siemenseoksella<\/strong>. T\u00e4m\u00e4 innovatiivinen sy\u00f6tt\u00f6laite tarjoaa yksinkertaisen, turvallisen ja ymp\u00e4rist\u00f6yst\u00e4v\u00e4llisen ratkaisun lintujen ravitsemustarpeiden tyydytt\u00e4miseen maukkaalla rasvan ja p\u00e4hkin\u00f6iden sekoituksella. <\/p>\n","protected":false},"featured_media":34467,"comment_status":"open","ping_status":"closed","template":"","meta":{"_acf_changed":false},"product_brand":[],"product_cat":[295,50,171,112,174,122,130,126],"product_tag":[],"class_list":{"0":"post-34470","1":"product","2":"type-product","3":"status-publish","4":"has-post-thumbnail","6":"product_cat-alennuskulma","7":"product_cat-fagelfron-fagelmat-pa-rea","8":"product_cat-linnunsyottolaite-linnunsiemenia-varten","9":"product_cat-lintujen-ruokaa","10":"product_cat-lintujen-ruokinta","11":"product_cat-lintujen-siemenia-ja-lintujen-ruokaa-myynnissa","12":"product_cat-maapahkinat","13":"product_cat-rasvasiemenseos","15":"first","16":"outofstock","17":"sale","18":"taxable","19":"shipping-taxable","20":"purchasable","21":"product-type-simple"},"bundled_by":[],"bundle_stock_status":"outofstock","bundle_stock_quantity":0,"bundle_virtual":false,"bundle_layout":"","bundle_add_to_cart_form_location":"","bundle_editable_in_cart":false,"bundle_sold_individually_context":"","bundle_item_grouping":"","bundle_min_size":"","bundle_max_size":"","bundle_price":[],"bundled_items":[],"bundle_sell_ids":[],"acf":[],"_links":{"self":[{"href":"https:\/\/pippifoder.se\/fi\/wp-json\/wp\/v2\/product\/34470","targetHints":{"allow":["GET"]}}],"collection":[{"href":"https:\/\/pippifoder.se\/fi\/wp-json\/wp\/v2\/product"}],"about":[{"href":"https:\/\/pippifoder.se\/fi\/wp-json\/wp\/v2\/types\/product"}],"replies":[{"embeddable":true,"href":"https:\/\/pippifoder.se\/fi\/wp-json\/wp\/v2\/comments?post=34470"}],"wp:featuredmedia":[{"embeddable":true,"href":"https:\/\/pippifoder.se\/fi\/wp-json\/wp\/v2\/media\/34467"}],"wp:attachment":[{"href":"https:\/\/pippifoder.se\/fi\/wp-json\/wp\/v2\/media?parent=34470"}],"wp:term":[{"taxonomy":"product_brand","embeddable":true,"href":"https:\/\/pippifoder.se\/fi\/wp-json\/wp\/v2\/product_brand?post=34470"},{"taxonomy":"product_cat","embeddable":true,"href":"https:\/\/pippifoder.se\/fi\/wp-json\/wp\/v2\/product_cat?post=34470"},{"taxonomy":"product_tag","embeddable":true,"href":"https:\/\/pippifoder.se\/fi\/wp-json\/wp\/v2\/product_tag?post=34470"}],"curies":[{"name":"wp","href":"https:\/\/api.w.org\/{rel}","templated":true}]}}