{"id":32577,"date":"2025-09-12T17:45:25","date_gmt":"2025-09-12T17:45:25","guid":{"rendered":"https:\/\/pippifoder.se\/?post_type=product&#038;p=32577"},"modified":"2026-04-15T13:03:32","modified_gmt":"2026-04-15T11:03:32","slug":"maapahkinavoi-ja-jauhomato-lasipurkissa-kopia","status":"publish","type":"product","link":"https:\/\/pippifoder.se\/fi\/tuote\/lintujen-ruokaa\/rasvasiemenseos\/maapahkinavoi-ja-jauhomato-lasipurkissa-kopia\/","title":{"rendered":"Maap\u00e4hkin\u00e4voi, jossa on murskattuja maap\u00e4hkin\u00f6it\u00e4 lasipurkissa"},"content":{"rendered":"<p data-start=\"728\" data-end=\"744\"><strong data-start=\"731\" data-end=\"744\">\ud83c\udf3f Edut:<\/strong><\/p>\n<ul data-start=\"745\" data-end=\"954\">\n<li data-start=\"745\" data-end=\"798\">\n<p data-start=\"747\" data-end=\"798\">Ravitsevaa ja energiatihe\u00e4\u00e4 ruokaa puutarhan linnuille.<\/p>\n<\/li>\n<li data-start=\"799\" data-end=\"861\">\n<p data-start=\"801\" data-end=\"861\">Murskattujen maap\u00e4hkin\u00f6iden kanssa<\/p>\n<\/li>\n<li data-start=\"862\" data-end=\"913\">\n<p data-start=\"864\" data-end=\"913\">Toimitetaan uudelleenk\u00e4ytett\u00e4v\u00e4ss\u00e4 lasipurkissa (340 g).<\/p>\n<\/li>\n<li data-start=\"914\" data-end=\"954\">\n<p data-start=\"916\" data-end=\"954\">Sopii maap\u00e4hkin\u00e4voin haltijoille<\/p>\n<\/li>\n<\/ul>\n<p>&nbsp;<\/p>\n<p data-start=\"956\" data-end=\"1067\">\ud83d\udd4a\ufe0f Auta lintuja ymp\u00e4ri vuoden t\u00e4ll\u00e4 maukkaalla lis\u00e4ravinteella &#8211; joka on jokaisen lintuyst\u00e4v\u00e4llisen puutarhan suosikki!<\/p>\n","protected":false},"excerpt":{"rendered":"<p data-start=\"176\" data-end=\"449\">Anna puutarhasi luonnonvaraisille linnuille lis\u00e4energiaa t\u00e4ll\u00e4 maukkaalla maap\u00e4hkin\u00e4voilla, jossa on murskattuja maap\u00e4hkin\u00f6it\u00e4 ja joka on suunniteltu erityisesti pienten lintujen tarpeisiin. Se on pakattu k\u00e4tev\u00e4\u00e4n lasipurkkiin, joten se on helppo sijoittaa lintujen voitelineisiin tai suoraan suojatulle ruokintap\u00f6yd\u00e4lle.<\/p>\n<p data-start=\"451\" data-end=\"726\">Maap\u00e4hkin\u00e4voi ei sis\u00e4ll\u00e4 lis\u00e4tty\u00e4 suolaa, ja se on rikastettu murskatuilla maap\u00e4hkin\u00f6ill\u00e4, joita esimerkiksi sinitiaiset, tiaiset ja punarinnat arvostavat. T\u00e4ydellinen kylmiin talvip\u00e4iviin tai pesim\u00e4aikaan, jolloin ravinnon tarve on erityisen suuri. <\/p>\n<p data-start=\"451\" data-end=\"726\">Sopiva sy\u00f6tt\u00f6laite\/pidike: <a href=\"https:\/\/pippifoder.se\/fi\/tuote\/lintujen-ruokinta\/lintujen-syottolaite-mutterit-suuri-3-kerrosta-ruostumaton-kopia-kopia-kopia-kopia-kopia\/\">Maap\u00e4hkin\u00e4voinpidike lasipurkissa<\/a>.<\/p>\n","protected":false},"featured_media":32581,"comment_status":"closed","ping_status":"closed","template":"","meta":{"_acf_changed":false},"product_brand":[],"product_cat":[126,112,130],"product_tag":[],"class_list":{"0":"post-32577","1":"product","2":"type-product","3":"status-publish","4":"has-post-thumbnail","6":"product_cat-rasvasiemenseos","7":"product_cat-lintujen-ruokaa","8":"product_cat-maapahkinat","10":"first","11":"instock","12":"sale","13":"taxable","14":"shipping-taxable","15":"purchasable","16":"product-type-variable","17":"has-default-attributes"},"bundled_by":[],"bundle_stock_status":"instock","bundle_stock_quantity":57,"bundle_virtual":false,"bundle_layout":"","bundle_add_to_cart_form_location":"","bundle_editable_in_cart":false,"bundle_sold_individually_context":"","bundle_item_grouping":"","bundle_min_size":"","bundle_max_size":"","bundle_price":[],"bundled_items":[],"bundle_sell_ids":[],"acf":[],"_links":{"self":[{"href":"https:\/\/pippifoder.se\/fi\/wp-json\/wp\/v2\/product\/32577","targetHints":{"allow":["GET"]}}],"collection":[{"href":"https:\/\/pippifoder.se\/fi\/wp-json\/wp\/v2\/product"}],"about":[{"href":"https:\/\/pippifoder.se\/fi\/wp-json\/wp\/v2\/types\/product"}],"replies":[{"embeddable":true,"href":"https:\/\/pippifoder.se\/fi\/wp-json\/wp\/v2\/comments?post=32577"}],"wp:featuredmedia":[{"embeddable":true,"href":"https:\/\/pippifoder.se\/fi\/wp-json\/wp\/v2\/media\/32581"}],"wp:attachment":[{"href":"https:\/\/pippifoder.se\/fi\/wp-json\/wp\/v2\/media?parent=32577"}],"wp:term":[{"taxonomy":"product_brand","embeddable":true,"href":"https:\/\/pippifoder.se\/fi\/wp-json\/wp\/v2\/product_brand?post=32577"},{"taxonomy":"product_cat","embeddable":true,"href":"https:\/\/pippifoder.se\/fi\/wp-json\/wp\/v2\/product_cat?post=32577"},{"taxonomy":"product_tag","embeddable":true,"href":"https:\/\/pippifoder.se\/fi\/wp-json\/wp\/v2\/product_tag?post=32577"}],"curies":[{"name":"wp","href":"https:\/\/api.w.org\/{rel}","templated":true}]}}