{"id":32549,"date":"2025-09-12T14:53:29","date_gmt":"2025-09-12T14:53:29","guid":{"rendered":"https:\/\/pippifoder.se\/?post_type=product&#038;p=32549"},"modified":"2025-11-14T12:11:17","modified_gmt":"2025-11-14T12:11:17","slug":"fynd-20kg-orgaanisia-kuorittuja-auringonkukansiemenia-tynnyrissa-kopia-3","status":"publish","type":"product","link":"https:\/\/pippifoder.se\/fi\/tuote\/alennuskulma\/fynd-20kg-orgaanisia-kuorittuja-auringonkukansiemenia-tynnyrissa-kopia-3\/","title":{"rendered":"FYND &#8211; 15 kg raidallisia auringonkukansiemeni\u00e4 tynnyriss\u00e4."},"content":{"rendered":"","protected":false},"excerpt":{"rendered":"<p>Noin 12 kg <a href=\"https:\/\/pippifoder.se\/no\/produkt\/fuglemat\/solsikkefro-til-fugler\/stripete-solsikkefro-15-kg\/\">raidallisia auringonkukansiemeni\u00e4 tynnyriss\u00e4<\/a> (v\u00e4ri voi poiketa kuvasta). HUOM, tynnyriss\u00e4 ei ole s\u00e4kki\u00e4, siemenet ovat rikkoutuneista s\u00e4kist\u00e4, jotka kaadoimme rehutynnyriin. Rehussa ei ole mit\u00e4\u00e4n vikaa, mutta emme voi myyd\u00e4 sit\u00e4, kun s\u00e4kki on rikki.<\/p>\n","protected":false},"featured_media":27736,"comment_status":"open","ping_status":"closed","template":"","meta":{"_acf_changed":false},"product_brand":[],"product_cat":[295,132,131,112,122],"product_tag":[],"class_list":{"0":"post-32549","1":"product","2":"type-product","3":"status-publish","4":"has-post-thumbnail","6":"product_cat-alennuskulma","7":"product_cat-auringonkukansiemenet","8":"product_cat-auringonkukansiemenet-linnuille","9":"product_cat-lintujen-ruokaa","10":"product_cat-lintujen-siemenia-ja-lintujen-ruokaa-myynnissa","11":"product_group-10kg-sack","13":"first","14":"outofstock","15":"sale","16":"taxable","17":"shipping-taxable","18":"purchasable","19":"product-type-simple"},"bundled_by":[],"bundle_stock_status":"outofstock","bundle_stock_quantity":0,"bundle_virtual":false,"bundle_layout":"","bundle_add_to_cart_form_location":"","bundle_editable_in_cart":false,"bundle_sold_individually_context":"","bundle_item_grouping":"","bundle_min_size":"","bundle_max_size":"","bundle_price":[],"bundled_items":[],"bundle_sell_ids":[],"acf":[],"_links":{"self":[{"href":"https:\/\/pippifoder.se\/fi\/wp-json\/wp\/v2\/product\/32549","targetHints":{"allow":["GET"]}}],"collection":[{"href":"https:\/\/pippifoder.se\/fi\/wp-json\/wp\/v2\/product"}],"about":[{"href":"https:\/\/pippifoder.se\/fi\/wp-json\/wp\/v2\/types\/product"}],"replies":[{"embeddable":true,"href":"https:\/\/pippifoder.se\/fi\/wp-json\/wp\/v2\/comments?post=32549"}],"wp:featuredmedia":[{"embeddable":true,"href":"https:\/\/pippifoder.se\/fi\/wp-json\/wp\/v2\/media\/27736"}],"wp:attachment":[{"href":"https:\/\/pippifoder.se\/fi\/wp-json\/wp\/v2\/media?parent=32549"}],"wp:term":[{"taxonomy":"product_brand","embeddable":true,"href":"https:\/\/pippifoder.se\/fi\/wp-json\/wp\/v2\/product_brand?post=32549"},{"taxonomy":"product_cat","embeddable":true,"href":"https:\/\/pippifoder.se\/fi\/wp-json\/wp\/v2\/product_cat?post=32549"},{"taxonomy":"product_tag","embeddable":true,"href":"https:\/\/pippifoder.se\/fi\/wp-json\/wp\/v2\/product_tag?post=32549"}],"curies":[{"name":"wp","href":"https:\/\/api.w.org\/{rel}","templated":true}]}}