{"id":30733,"date":"2025-08-26T17:38:07","date_gmt":"2025-08-26T17:38:07","guid":{"rendered":"https:\/\/pippifoder.se\/?post_type=product&#038;p=30733"},"modified":"2026-04-15T12:59:33","modified_gmt":"2026-04-15T10:59:33","slug":"kuoritut-auringonkukansiemenet-15kg-helpall-50kpl-kopia","status":"publish","type":"product","link":"https:\/\/pippifoder.se\/fi\/tuote\/lintujen-ruokaa\/wild-bird-mix\/kuoritut-auringonkukansiemenet-15kg-helpall-50kpl-kopia\/","title":{"rendered":"Kuorellinen lintusekoitus 15kg &#8211; Helpall (50kpl)"},"content":{"rendered":"<h2>Wild bird mix suuressa pakkauksessa<\/h2>\n<p>Osta kokonainen lava 50 kpl 15 kg:n pusseja luonnonvaraisten lintujen sekoitusta ilman kuorta ehdottomasti edullisimpaan hintaan. Ilmainen toimitus kotiovellesi. <\/p>\n","protected":false},"excerpt":{"rendered":"<p>T\u00e4ysi lava 50 15 kg:n s\u00e4kki\u00e4 korkealaatuista kuorimatonta luonnonvaraisten lintujen rehuseosta. Yhteens\u00e4 750 kg! T\u00e4ydellinen tilattavaksi, jos teit\u00e4 on useita, jotka haluavat jakaa, jotta jo ennest\u00e4\u00e4n halpa hintamme laskee entisest\u00e4\u00e4n! Kuoreton villiintyneiden lintujen sekoitus sopii erinomaisesti kaikenlaisille linnuille. Ilmainen toimitus kotiinkuljetuksella koko Pohjoismaissa!    <\/p>\n","protected":false},"featured_media":6671,"comment_status":"closed","ping_status":"closed","template":"","meta":{"_acf_changed":false},"product_brand":[],"product_cat":[179,113,127,112,122,184],"product_tag":[103,100],"class_list":{"0":"post-30733","1":"product","2":"type-product","3":"status-publish","4":"has-post-thumbnail","6":"product_cat-wild-bird-mix","7":"product_cat-illiintyneiden-lintujen-siemenet-villiintyneiden-lintujen-ruoka","8":"product_cat-linnunsiemen","9":"product_cat-lintujen-ruokaa","10":"product_cat-lintujen-siemenia-ja-lintujen-ruokaa-myynnissa","11":"product_cat-suuri-pakkaus","12":"product_tag-auringonkukansiemenet","13":"product_tag-lintujen-ruokaa","14":"product_shipping_class-ruotsi","16":"first","17":"instock","18":"sale","19":"taxable","20":"shipping-taxable","21":"purchasable","22":"product-type-simple"},"bundled_by":[],"bundle_stock_status":"instock","bundle_stock_quantity":8,"bundle_virtual":false,"bundle_layout":"","bundle_add_to_cart_form_location":"","bundle_editable_in_cart":false,"bundle_sold_individually_context":"","bundle_item_grouping":"","bundle_min_size":"","bundle_max_size":"","bundle_price":[],"bundled_items":[],"bundle_sell_ids":[],"acf":[],"_links":{"self":[{"href":"https:\/\/pippifoder.se\/fi\/wp-json\/wp\/v2\/product\/30733","targetHints":{"allow":["GET"]}}],"collection":[{"href":"https:\/\/pippifoder.se\/fi\/wp-json\/wp\/v2\/product"}],"about":[{"href":"https:\/\/pippifoder.se\/fi\/wp-json\/wp\/v2\/types\/product"}],"replies":[{"embeddable":true,"href":"https:\/\/pippifoder.se\/fi\/wp-json\/wp\/v2\/comments?post=30733"}],"wp:featuredmedia":[{"embeddable":true,"href":"https:\/\/pippifoder.se\/fi\/wp-json\/wp\/v2\/media\/6671"}],"wp:attachment":[{"href":"https:\/\/pippifoder.se\/fi\/wp-json\/wp\/v2\/media?parent=30733"}],"wp:term":[{"taxonomy":"product_brand","embeddable":true,"href":"https:\/\/pippifoder.se\/fi\/wp-json\/wp\/v2\/product_brand?post=30733"},{"taxonomy":"product_cat","embeddable":true,"href":"https:\/\/pippifoder.se\/fi\/wp-json\/wp\/v2\/product_cat?post=30733"},{"taxonomy":"product_tag","embeddable":true,"href":"https:\/\/pippifoder.se\/fi\/wp-json\/wp\/v2\/product_tag?post=30733"}],"curies":[{"name":"wp","href":"https:\/\/api.w.org\/{rel}","templated":true}]}}