{"id":29956,"date":"2025-08-20T06:03:02","date_gmt":"2025-08-20T06:03:02","guid":{"rendered":"https:\/\/pippifoder.se\/Ei-luokiteltu\/12-kpl-leo-wolf-tallow-seed-bars-energy-600g-vanhentunut\/"},"modified":"2025-08-20T06:03:02","modified_gmt":"2025-08-20T06:03:02","slug":"12-kpl-leo-wolf-tallow-seed-bars-energy-600g-vanhentunut","status":"publish","type":"product","link":"https:\/\/pippifoder.se\/fi\/tuote\/alennuskulma\/12-kpl-leo-wolf-tallow-seed-bars-energy-600g-vanhentunut\/","title":{"rendered":"12 kpl Leo &amp; Wolf Tallow Seed Bars &#8211; Energy 600g vanhentunut"},"content":{"rendered":"<p>Eritt\u00e4in runsasenerginen talisiemenpatukka luonnonvaraisille linnuille. Uusi innovatiivinen ja parannettu kilpailija mokkapalloille! <\/p>\n","protected":false},"excerpt":{"rendered":"<p>Parasta ennen -p\u00e4iv\u00e4ys on kulunut, mutta sis\u00e4ll\u00f6ss\u00e4 ei ole mit\u00e4\u00e4n vikaa.<\/p>\n","protected":false},"featured_media":29321,"comment_status":"open","ping_status":"closed","template":"","meta":{"_acf_changed":false},"product_brand":[],"product_cat":[295,122],"product_tag":[],"class_list":{"0":"post-29956","1":"product","2":"type-product","3":"status-publish","4":"has-post-thumbnail","6":"product_cat-alennuskulma","7":"product_cat-lintujen-siemenia-ja-lintujen-ruokaa-myynnissa","9":"first","10":"outofstock","11":"sale","12":"taxable","13":"shipping-taxable","14":"purchasable","15":"product-type-simple"},"bundled_by":[],"bundle_stock_status":"outofstock","bundle_stock_quantity":0,"bundle_virtual":false,"bundle_layout":"","bundle_add_to_cart_form_location":"","bundle_editable_in_cart":false,"bundle_sold_individually_context":"","bundle_item_grouping":"","bundle_min_size":"","bundle_max_size":"","bundle_price":[],"bundled_items":[],"bundle_sell_ids":[],"acf":[],"_links":{"self":[{"href":"https:\/\/pippifoder.se\/fi\/wp-json\/wp\/v2\/product\/29956","targetHints":{"allow":["GET"]}}],"collection":[{"href":"https:\/\/pippifoder.se\/fi\/wp-json\/wp\/v2\/product"}],"about":[{"href":"https:\/\/pippifoder.se\/fi\/wp-json\/wp\/v2\/types\/product"}],"replies":[{"embeddable":true,"href":"https:\/\/pippifoder.se\/fi\/wp-json\/wp\/v2\/comments?post=29956"}],"wp:featuredmedia":[{"embeddable":true,"href":"https:\/\/pippifoder.se\/fi\/wp-json\/wp\/v2\/media\/29321"}],"wp:attachment":[{"href":"https:\/\/pippifoder.se\/fi\/wp-json\/wp\/v2\/media?parent=29956"}],"wp:term":[{"taxonomy":"product_brand","embeddable":true,"href":"https:\/\/pippifoder.se\/fi\/wp-json\/wp\/v2\/product_brand?post=29956"},{"taxonomy":"product_cat","embeddable":true,"href":"https:\/\/pippifoder.se\/fi\/wp-json\/wp\/v2\/product_cat?post=29956"},{"taxonomy":"product_tag","embeddable":true,"href":"https:\/\/pippifoder.se\/fi\/wp-json\/wp\/v2\/product_tag?post=29956"}],"curies":[{"name":"wp","href":"https:\/\/api.w.org\/{rel}","templated":true}]}}