{"id":29171,"date":"2025-08-18T17:58:27","date_gmt":"2025-08-18T17:58:27","guid":{"rendered":"https:\/\/pippifoder.se\/?post_type=product&#038;p=29171"},"modified":"2026-02-08T19:29:42","modified_gmt":"2026-02-08T19:29:42","slug":"lintujen-syottolaite-mutterit-suuri-3-kerrosta-ruostumaton-kopia-kopia-kopia-kopia-kopia-kopia-kopia-kopia","status":"publish","type":"product","link":"https:\/\/pippifoder.se\/fi\/tuote\/tarvikkeet\/lintujen-syottolaite-mutterit-suuri-3-kerrosta-ruostumaton-kopia-kopia-kopia-kopia-kopia-kopia-kopia-kopia\/","title":{"rendered":"Ikkunatarra, linnut oksalla"},"content":{"rendered":"<p>Pituus: 33cm<br \/>\nLeveys: 0,1cm<br \/>\nKorkeus: 23cm.<\/p>\n<h3 data-start=\"541\" data-end=\"562\"><strong data-start=\"545\" data-end=\"560\">Ominaisuudet:<\/strong><\/h3>\n<ul data-start=\"563\" data-end=\"837\">\n<li data-start=\"563\" data-end=\"603\">\n<p data-start=\"565\" data-end=\"603\">Arkki, jossa on lintujen siluetteja oksalla<\/p>\n<\/li>\n<li data-start=\"604\" data-end=\"656\">\n<p data-start=\"606\" data-end=\"656\">Helppo kiinnitt\u00e4\u00e4 ja irrottaa j\u00e4lki\u00e4 j\u00e4tt\u00e4m\u00e4tt\u00e4<\/p>\n<\/li>\n<li data-start=\"657\" data-end=\"716\">\n<p data-start=\"659\" data-end=\"716\">Voidaan k\u00e4ytt\u00e4\u00e4 ikkunoissa, peileiss\u00e4 tai muilla sileill\u00e4 pinnoilla.<\/p>\n<\/li>\n<li data-start=\"717\" data-end=\"750\">\n<p data-start=\"719\" data-end=\"750\">Uudelleenk\u00e4ytett\u00e4v\u00e4 ja kest\u00e4v\u00e4<\/p>\n<\/li>\n<li data-start=\"751\" data-end=\"837\">\n<p data-start=\"753\" data-end=\"837\">Tarjoaa sek\u00e4 <strong data-start=\"762\" data-end=\"782\">koristeellisen vaikutuksen ett\u00e4<\/strong> <strong data-start=\"787\" data-end=\"808\">k\u00e4yt\u00e4nn\u00f6llisen toiminnon<\/strong> luonnonvaraisten lintujen <strong data-start=\"787\" data-end=\"808\">suojana<\/strong>.<\/p>\n<\/li>\n<\/ul>\n<h3 data-start=\"839\" data-end=\"858\"><strong data-start=\"843\" data-end=\"856\">Edut:<\/strong><\/h3>\n<ul data-start=\"859\" data-end=\"1048\">\n<li data-start=\"859\" data-end=\"914\">\n<p data-start=\"861\" data-end=\"914\">Ikkunoiden muuttaminen <strong data-start=\"888\" data-end=\"912\">luontokuvaksi lintujen kanssa<\/strong><\/p>\n<\/li>\n<li data-start=\"915\" data-end=\"956\">\n<p data-start=\"917\" data-end=\"956\">Helppo kokoonpano &#8211; ei tarvita ty\u00f6kaluja<\/p>\n<\/li>\n<li data-start=\"957\" data-end=\"1000\">\n<p data-start=\"959\" data-end=\"1000\">Turvallisuuden luominen linnuille puutarhassa<\/p>\n<\/li>\n<li data-start=\"1001\" data-end=\"1048\">\n<p data-start=\"1003\" data-end=\"1048\">Sopii sek\u00e4 kotiin ett\u00e4 loma-asuntoon<\/p>\n<\/li>\n<\/ul>\n<p data-start=\"1050\" data-end=\"1159\">\u2728 <strong data-start=\"1056\" data-end=\"1091\">Ikkunatarroilla &#8211; linnut oksalla saat yhdistetty\u00e4<\/strong> kauniin sisustuksen ja luonnosta huolehtimisen.<\/p>\n","protected":false},"excerpt":{"rendered":"<p data-start=\"156\" data-end=\"405\">Luo kotiisi kaunis ja elinvoimainen ilme n\u00e4ill\u00e4 koristeellisilla <strong data-start=\"225\" data-end=\"262\">ikkunatarroilla, joissa on lintuja oksilla.<\/strong> Tarrat on muotoiltu tyylikk\u00e4iksi silueteiksi, ja ne antavat luonnon inspiroiman vaikutelman, joka sopii t\u00e4ydellisesti olohuoneeseen, keitti\u00f6\u00f6n, lastenhuoneeseen tai talvihuoneeseen. <\/p>\n<p data-start=\"407\" data-end=\"539\">Koristeellisuuden lis\u00e4ksi ne toimivat my\u00f6s lintujen <strong data-start=\"456\" data-end=\"470\">pys\u00e4ytt\u00e4jin\u00e4, mik\u00e4 v\u00e4hent\u00e4\u00e4<\/strong> ikkunaan lent\u00e4vien luonnonvaraisten lintujen riski\u00e4.<\/p>\n","protected":false},"featured_media":29175,"comment_status":"closed","ping_status":"closed","template":"","meta":{"_acf_changed":false},"product_brand":[],"product_cat":[165,324],"product_tag":[],"class_list":{"0":"post-29171","1":"product","2":"type-product","3":"status-publish","4":"has-post-thumbnail","6":"product_cat-tarvikkeet","7":"product_cat-tradgard-fi","8":"product_group-foderstang-talgfrobar-kokosnot","10":"first","11":"instock","12":"taxable","13":"shipping-taxable","14":"purchasable","15":"product-type-simple"},"bundled_by":[],"bundle_stock_status":"instock","bundle_stock_quantity":253,"bundle_virtual":false,"bundle_layout":"","bundle_add_to_cart_form_location":"","bundle_editable_in_cart":false,"bundle_sold_individually_context":"","bundle_item_grouping":"","bundle_min_size":"","bundle_max_size":"","bundle_price":[],"bundled_items":[],"bundle_sell_ids":[],"acf":[],"_links":{"self":[{"href":"https:\/\/pippifoder.se\/fi\/wp-json\/wp\/v2\/product\/29171","targetHints":{"allow":["GET"]}}],"collection":[{"href":"https:\/\/pippifoder.se\/fi\/wp-json\/wp\/v2\/product"}],"about":[{"href":"https:\/\/pippifoder.se\/fi\/wp-json\/wp\/v2\/types\/product"}],"replies":[{"embeddable":true,"href":"https:\/\/pippifoder.se\/fi\/wp-json\/wp\/v2\/comments?post=29171"}],"wp:featuredmedia":[{"embeddable":true,"href":"https:\/\/pippifoder.se\/fi\/wp-json\/wp\/v2\/media\/29175"}],"wp:attachment":[{"href":"https:\/\/pippifoder.se\/fi\/wp-json\/wp\/v2\/media?parent=29171"}],"wp:term":[{"taxonomy":"product_brand","embeddable":true,"href":"https:\/\/pippifoder.se\/fi\/wp-json\/wp\/v2\/product_brand?post=29171"},{"taxonomy":"product_cat","embeddable":true,"href":"https:\/\/pippifoder.se\/fi\/wp-json\/wp\/v2\/product_cat?post=29171"},{"taxonomy":"product_tag","embeddable":true,"href":"https:\/\/pippifoder.se\/fi\/wp-json\/wp\/v2\/product_tag?post=29171"}],"curies":[{"name":"wp","href":"https:\/\/api.w.org\/{rel}","templated":true}]}}