{"id":29154,"date":"2025-08-18T17:48:24","date_gmt":"2025-08-18T17:48:24","guid":{"rendered":"https:\/\/pippifoder.se\/?post_type=product&#038;p=29154"},"modified":"2026-04-15T12:59:39","modified_gmt":"2026-04-15T10:59:39","slug":"lintujen-syottolaite-mutterit-suuri-3-kerrosta-ruostumaton-kopia-kopia-kopia-kopia-kopia-kopia","status":"publish","type":"product","link":"https:\/\/pippifoder.se\/fi\/tuote\/lintujen-ruokinta\/lintujen-syottolaite-mutterit-suuri-3-kerrosta-ruostumaton-kopia-kopia-kopia-kopia-kopia-kopia\/","title":{"rendered":"Musta metallinen sy\u00f6tt\u00f6laite muttereille"},"content":{"rendered":"<p>Pituus: 16,5cm<br \/>\nLeveys: 16,5cm<br \/>\nKorkeus: 30cm.<\/p>\n<h3 data-start=\"772\" data-end=\"793\"><strong data-start=\"776\" data-end=\"791\">Ominaisuudet:<\/strong><\/h3>\n<ul data-start=\"794\" data-end=\"1129\">\n<li data-start=\"794\" data-end=\"851\">\n<p data-start=\"796\" data-end=\"851\">Vankka rakenne <strong data-start=\"818\" data-end=\"849\">mustaksi jauhemaalattua metallia<\/strong><\/p>\n<\/li>\n<li data-start=\"852\" data-end=\"902\">\n<p data-start=\"854\" data-end=\"902\">Mukautettu <strong data-start=\"867\" data-end=\"900\"><a href=\"https:\/\/pippifoder.se\/fi\/maapahkinat\/\">maap\u00e4hkin\u00f6it\u00e4 ja<\/a> p\u00e4hkin\u00e4sekoituksia<\/strong> varten<\/p>\n<\/li>\n<li data-start=\"903\" data-end=\"966\">\n<p data-start=\"905\" data-end=\"966\"><strong data-start=\"905\" data-end=\"923\">Hienosilm\u00e4inen verkko, jonka avulla<\/strong> pikkulintujen on helppo sy\u00f6d\u00e4.<\/p>\n<\/li>\n<li data-start=\"967\" data-end=\"1014\">\n<p data-start=\"969\" data-end=\"1014\">Suuri suojakatto pit\u00e4\u00e4 rehun kuivana<\/p>\n<\/li>\n<li data-start=\"1015\" data-end=\"1052\">\n<p data-start=\"1017\" data-end=\"1052\">Pohjalla oleva lokero v\u00e4hent\u00e4\u00e4 roiskeita.<\/p>\n<\/li>\n<li data-start=\"1053\" data-end=\"1087\">\n<p data-start=\"1055\" data-end=\"1087\">Helppo t\u00e4ytt\u00e4\u00e4 ja puhdistaa<\/p>\n<\/li>\n<li data-start=\"1088\" data-end=\"1129\">\n<p data-start=\"1090\" data-end=\"1129\">Varustettu <strong data-start=\"1103\" data-end=\"1127\">k\u00e4yt\u00e4nn\u00f6llisell\u00e4 jousituksella<\/strong><\/p>\n<\/li>\n<\/ul>\n<h3 data-start=\"1131\" data-end=\"1150\"><strong data-start=\"1135\" data-end=\"1148\">Edut:<\/strong><\/h3>\n<ul data-start=\"1151\" data-end=\"1353\">\n<li data-start=\"1151\" data-end=\"1185\">\n<p data-start=\"1153\" data-end=\"1185\">Pit\u00e4\u00e4 p\u00e4hkin\u00e4t tuoreina pidemp\u00e4\u00e4n<\/p>\n<\/li>\n<li data-start=\"1186\" data-end=\"1243\">\n<p data-start=\"1188\" data-end=\"1243\">Houkuttelee enemm\u00e4n pikkulintuja, kuten tiaisia, p\u00e4hkin\u00e4hakkeja ja peippoja.<\/p>\n<\/li>\n<li data-start=\"1244\" data-end=\"1303\">\n<p data-start=\"1246\" data-end=\"1303\">Tyylik\u00e4s ja tyylik\u00e4s muotoilu, joka sopii mihin tahansa puutarhaan.<\/p>\n<\/li>\n<li data-start=\"1304\" data-end=\"1353\">\n<p data-start=\"1306\" data-end=\"1353\">Pitk\u00e4 k\u00e4ytt\u00f6ik\u00e4 kest\u00e4v\u00e4n materiaalin ansiosta<\/p>\n<\/li>\n<\/ul>\n<p data-start=\"1355\" data-end=\"1516\">\ud83d\udc26 Luo elinvoimainen puutarha t\u00e4ynn\u00e4 linnunlaulua &#8211; tilaa musta metallinen <strong data-start=\"1417\" data-end=\"1459\">p\u00e4hkin\u00e4sy\u00f6tt\u00f6laite jo t\u00e4n\u00e4\u00e4n ja vaikuta<\/strong> luonnonvaraisiin lintuihin ymp\u00e4ri vuoden!<\/p>\n","protected":false},"excerpt":{"rendered":"<p data-start=\"189\" data-end=\"435\">Anna puutarhasi linnuille parasta ruokaa t\u00e4ll\u00e4 tyylikk\u00e4\u00e4ll\u00e4<strong> mustalla metallisella linnunruokinta-astialla, jossa on kuparin n\u00e4k\u00f6inen ritil\u00e4 p\u00e4hkin\u00f6ille.<\/strong> Muotoilussa yhdistyv\u00e4t <strong data-start=\"318\" data-end=\"361\">moderni tyyli ja k\u00e4yt\u00e4nn\u00f6llinen toiminnallisuus, ja<\/strong> se sopii t\u00e4ydellisesti maap\u00e4hkin\u00f6iden ja muiden p\u00e4hkin\u00e4sekoitusten tarjoiluun. <\/p>\n<p data-start=\"437\" data-end=\"770\">Annostelija on valmistettu <strong data-start=\"463\" data-end=\"496\">kest\u00e4v\u00e4st\u00e4, s\u00e4\u00e4nkest\u00e4v\u00e4st\u00e4 jauhemaalatusta metallista.<\/strong> Hieno verkko helpottaa lintuja poimimaan ruokaa ja est\u00e4\u00e4 samalla suurempien palojen putoamisen. Suuri katto suojaa p\u00e4hkin\u00f6it\u00e4 sateelta ja lumelta, ja pohjalokero ker\u00e4\u00e4 roiskeet, jotta ruokaa voidaan k\u00e4ytt\u00e4\u00e4 enemm\u00e4n.  <\/p>\n","protected":false},"featured_media":29158,"comment_status":"closed","ping_status":"closed","template":"","meta":{"_acf_changed":false},"product_brand":[],"product_cat":[174,166],"product_tag":[],"class_list":{"0":"post-29154","1":"product","2":"type-product","3":"status-publish","4":"has-post-thumbnail","6":"product_cat-lintujen-ruokinta","7":"product_cat-lintujen-syottolaitteita-pahkinoita-varten","9":"first","10":"instock","11":"taxable","12":"shipping-taxable","13":"purchasable","14":"product-type-simple"},"bundled_by":[],"bundle_stock_status":"instock","bundle_stock_quantity":18,"bundle_virtual":false,"bundle_layout":"","bundle_add_to_cart_form_location":"","bundle_editable_in_cart":false,"bundle_sold_individually_context":"","bundle_item_grouping":"","bundle_min_size":"","bundle_max_size":"","bundle_price":[],"bundled_items":[],"bundle_sell_ids":[],"acf":[],"_links":{"self":[{"href":"https:\/\/pippifoder.se\/fi\/wp-json\/wp\/v2\/product\/29154","targetHints":{"allow":["GET"]}}],"collection":[{"href":"https:\/\/pippifoder.se\/fi\/wp-json\/wp\/v2\/product"}],"about":[{"href":"https:\/\/pippifoder.se\/fi\/wp-json\/wp\/v2\/types\/product"}],"replies":[{"embeddable":true,"href":"https:\/\/pippifoder.se\/fi\/wp-json\/wp\/v2\/comments?post=29154"}],"wp:featuredmedia":[{"embeddable":true,"href":"https:\/\/pippifoder.se\/fi\/wp-json\/wp\/v2\/media\/29158"}],"wp:attachment":[{"href":"https:\/\/pippifoder.se\/fi\/wp-json\/wp\/v2\/media?parent=29154"}],"wp:term":[{"taxonomy":"product_brand","embeddable":true,"href":"https:\/\/pippifoder.se\/fi\/wp-json\/wp\/v2\/product_brand?post=29154"},{"taxonomy":"product_cat","embeddable":true,"href":"https:\/\/pippifoder.se\/fi\/wp-json\/wp\/v2\/product_cat?post=29154"},{"taxonomy":"product_tag","embeddable":true,"href":"https:\/\/pippifoder.se\/fi\/wp-json\/wp\/v2\/product_tag?post=29154"}],"curies":[{"name":"wp","href":"https:\/\/api.w.org\/{rel}","templated":true}]}}