{"id":29042,"date":"2025-08-18T10:14:37","date_gmt":"2025-08-18T10:14:37","guid":{"rendered":"https:\/\/pippifoder.se\/?post_type=product&#038;p=29042"},"modified":"2026-04-15T12:59:40","modified_gmt":"2026-04-15T10:59:40","slug":"lintujen-syottolaite-mutterit-suuri-3-kerrosta-ruostumaton-kopia-kopia-kopia-kopia-kopia-2","status":"publish","type":"product","link":"https:\/\/pippifoder.se\/fi\/tuote\/lintujen-ruokinta\/lintujen-syottolaite-mutterit-suuri-3-kerrosta-ruostumaton-kopia-kopia-kopia-kopia-kopia-2\/","title":{"rendered":"Harjatusta ter\u00e4ksest\u00e4 valmistettu lintujen sy\u00f6tt\u00f6laite mokkapalloja varten"},"content":{"rendered":"<p>Pituus: 17cm<br \/>\nLeveys: 17cm<br \/>\nKorkeus: 28cm.<\/p>\n<h3 data-start=\"786\" data-end=\"807\"><strong data-start=\"790\" data-end=\"805\">Ominaisuudet:<\/strong><\/h3>\n<ul data-start=\"808\" data-end=\"1095\">\n<li data-start=\"808\" data-end=\"865\">\n<p data-start=\"810\" data-end=\"865\">Valmistettu <strong data-start=\"823\" data-end=\"839\">harjattua ter\u00e4st\u00e4 &#8211;<\/strong> kest\u00e4v\u00e4 ja tyylik\u00e4s<\/p>\n<\/li>\n<li data-start=\"866\" data-end=\"897\">\n<p data-start=\"868\" data-end=\"897\">Mukautettu <a href=\"https:\/\/pippifoder.se\/fi\/tallapallot-pienille-linnuille\/\"><strong data-start=\"881\" data-end=\"895\">talipallot<\/strong><\/a><\/p>\n<\/li>\n<li data-start=\"898\" data-end=\"953\">\n<p data-start=\"900\" data-end=\"953\"><strong data-start=\"900\" data-end=\"911\">Verkkokori, jonka<\/strong> ansiosta lintujen on helppo sy\u00f6d\u00e4.<\/p>\n<\/li>\n<li data-start=\"954\" data-end=\"1001\">\n<p data-start=\"956\" data-end=\"1001\">Suuri suojakatto pit\u00e4\u00e4 rehun kuivana<\/p>\n<\/li>\n<li data-start=\"1002\" data-end=\"1036\">\n<p data-start=\"1004\" data-end=\"1036\">Helppo t\u00e4ytt\u00e4\u00e4 ja puhdistaa<\/p>\n<\/li>\n<li data-start=\"1037\" data-end=\"1095\">\n<p data-start=\"1039\" data-end=\"1095\">Varustettu <strong data-start=\"1052\" data-end=\"1072\">k\u00e4yt\u00e4nn\u00f6llisell\u00e4 ripustimella<\/strong> helppoa sijoittelua <strong data-start=\"1052\" data-end=\"1072\">varten<\/strong>.<\/p>\n<\/li>\n<\/ul>\n<h3 data-start=\"1097\" data-end=\"1116\"><strong data-start=\"1101\" data-end=\"1114\">Edut:<\/strong><\/h3>\n<ul data-start=\"1117\" data-end=\"1302\">\n<li data-start=\"1117\" data-end=\"1155\">\n<p data-start=\"1119\" data-end=\"1155\">Houkuttelemalla lis\u00e4\u00e4 lintuja puutarhaan<\/p>\n<\/li>\n<li data-start=\"1156\" data-end=\"1211\">\n<p data-start=\"1158\" data-end=\"1211\">Pit\u00e4\u00e4 ruoan tuoreena ja suojattuna s\u00e4\u00e4lt\u00e4<\/p>\n<\/li>\n<li data-start=\"1212\" data-end=\"1255\">\n<p data-start=\"1214\" data-end=\"1255\">Tyylik\u00e4s muotoilu sopii mihin tahansa puutarhaan<\/p>\n<\/li>\n<li data-start=\"1256\" data-end=\"1302\">\n<p data-start=\"1258\" data-end=\"1302\">Ihanteellinen pienten lintujen ymp\u00e4rivuotiseen ruokintaan<\/p>\n<\/li>\n<\/ul>\n<p data-start=\"1304\" data-end=\"1459\">\ud83d\udc26 Luo elinvoimainen ja miellytt\u00e4v\u00e4 puutarha &#8211; tilaa harjattua <strong data-start=\"1359\" data-end=\"1404\">ter\u00e4st\u00e4 oleva linnunruokintalaite mokkapalloille jo t\u00e4n\u00e4\u00e4n ja tee<\/strong> jotain hyv\u00e4\u00e4 naapurustosi pikkulinnuille!<\/p>\n","protected":false},"excerpt":{"rendered":"<p data-start=\"195\" data-end=\"482\">Tarjoa puutarhan linnuillesi ravitsevaa ruokaa k\u00e4yt\u00e4nn\u00f6llisell\u00e4 ja tyylikk\u00e4\u00e4ll\u00e4 tavalla t\u00e4ll\u00e4 <strong data-start=\"277\" data-end=\"322\">harjattua ter\u00e4st\u00e4 olevalla linnunruokinta-astialla.<\/strong> J\u00e4m\u00e4k\u00e4n <strong data-start=\"353\" data-end=\"388\">ruostumattoman, s\u00e4\u00e4nkest\u00e4v\u00e4n ter\u00e4srakenteen<\/strong> ansiosta ruokkija kest\u00e4\u00e4 kaikki vuodenajat ja tuo samalla tyylikk\u00e4\u00e4n lis\u00e4n puutarhaan. <\/p>\n<p data-start=\"484\" data-end=\"784\">\u00c4lykk\u00e4\u00e4n <strong data-start=\"508\" data-end=\"519\">verkkokorin muotoilun<\/strong> ansiosta pikkulinnut voivat helposti tarttua mokkapalloihin ja sy\u00f6d\u00e4 niist\u00e4, ja suuri <strong data-start=\"611\" data-end=\"639\">ter\u00e4skuppi suojaa rehua sateelta<\/strong> ja lumelta. Ruokinta on helppo t\u00e4ytt\u00e4\u00e4 ja puhdistaa, ja siihen mahtuu useita mokkapalloja kerrallaan &#8211; t\u00e4ydellinen keino houkutella paljon lintuja. <\/p>\n","protected":false},"featured_media":29046,"comment_status":"closed","ping_status":"closed","template":"","meta":{"_acf_changed":false},"product_brand":[],"product_cat":[174,708],"product_tag":[],"class_list":{"0":"post-29042","1":"product","2":"type-product","3":"status-publish","4":"has-post-thumbnail","6":"product_cat-lintujen-ruokinta","7":"product_cat-lintujen-syottolaite-mokkapalloja-varten","9":"first","10":"instock","11":"taxable","12":"shipping-taxable","13":"purchasable","14":"product-type-simple"},"bundled_by":[],"bundle_stock_status":"instock","bundle_stock_quantity":14,"bundle_virtual":false,"bundle_layout":"","bundle_add_to_cart_form_location":"","bundle_editable_in_cart":false,"bundle_sold_individually_context":"","bundle_item_grouping":"","bundle_min_size":"","bundle_max_size":"","bundle_price":[],"bundled_items":[],"bundle_sell_ids":[],"acf":[],"_links":{"self":[{"href":"https:\/\/pippifoder.se\/fi\/wp-json\/wp\/v2\/product\/29042","targetHints":{"allow":["GET"]}}],"collection":[{"href":"https:\/\/pippifoder.se\/fi\/wp-json\/wp\/v2\/product"}],"about":[{"href":"https:\/\/pippifoder.se\/fi\/wp-json\/wp\/v2\/types\/product"}],"replies":[{"embeddable":true,"href":"https:\/\/pippifoder.se\/fi\/wp-json\/wp\/v2\/comments?post=29042"}],"wp:featuredmedia":[{"embeddable":true,"href":"https:\/\/pippifoder.se\/fi\/wp-json\/wp\/v2\/media\/29046"}],"wp:attachment":[{"href":"https:\/\/pippifoder.se\/fi\/wp-json\/wp\/v2\/media?parent=29042"}],"wp:term":[{"taxonomy":"product_brand","embeddable":true,"href":"https:\/\/pippifoder.se\/fi\/wp-json\/wp\/v2\/product_brand?post=29042"},{"taxonomy":"product_cat","embeddable":true,"href":"https:\/\/pippifoder.se\/fi\/wp-json\/wp\/v2\/product_cat?post=29042"},{"taxonomy":"product_tag","embeddable":true,"href":"https:\/\/pippifoder.se\/fi\/wp-json\/wp\/v2\/product_tag?post=29042"}],"curies":[{"name":"wp","href":"https:\/\/api.w.org\/{rel}","templated":true}]}}