{"id":28744,"date":"2025-08-12T13:15:58","date_gmt":"2025-08-12T13:15:58","guid":{"rendered":"https:\/\/pippifoder.se\/?post_type=product&#038;p=28744"},"modified":"2025-08-22T12:00:19","modified_gmt":"2025-08-22T12:00:19","slug":"fynd-20kg-orgaanisia-kuorittuja-auringonkukansiemenia-tynnyrissa-kopia-2","status":"publish","type":"product","link":"https:\/\/pippifoder.se\/fi\/tuote\/alennuskulma\/fynd-20kg-orgaanisia-kuorittuja-auringonkukansiemenia-tynnyrissa-kopia-2\/","title":{"rendered":"FYND &#8211; Kananmysli 25 kg rehutynnyriss\u00e4"},"content":{"rendered":"<p>25kg kanamysli, valmistettu Ruotsissa. Kanamysli on kanojen ja kanojen t\u00e4ydennysrehu. Kanamysli sis\u00e4lt\u00e4\u00e4: <a href=\"https:\/\/pippifoder.se\/no\/produkt\/kylling\/for-og-mat-til-kyllinger\/maisknus-25-kg\/\">Maissi<\/a>, vehn\u00e4, ohra, saflori, dari, hirssi, <a href=\"https:\/\/pippifoder.se\/no\/produkt\/fuglemat\/fuglefro-no\/nakenhavre-25-kg\/\">nakokaura<\/a>, rypsi, <a href=\"https:\/\/pippifoder.se\/fi\/auringonkukansiemenet-linnuille\/\">auringonkukansiemenet<\/a>, hernejyv\u00e4t. Sopii erinomaisesti kanojen lis\u00e4herkuksi.   <\/p>\n","protected":false},"excerpt":{"rendered":"<p>Noin 25 kg kananmysli\u00e4 25 kg rehutynnyriss\u00e4 keltaisessa rehutynnyriss\u00e4. HUOM, tynnyriss\u00e4 ei ole s\u00e4kki\u00e4, siemenet ovat rikkoutuneista s\u00e4kist\u00e4, jotka kaadoimme rehutynnyriin. Rehussa ei ole mit\u00e4\u00e4n vikaa, mutta emme voi myyd\u00e4 sit\u00e4, kun s\u00e4kki on rikki.  <\/p>\n","protected":false},"featured_media":27736,"comment_status":"open","ping_status":"closed","template":"","meta":{"_acf_changed":false},"product_brand":[],"product_cat":[295,122],"product_tag":[],"class_list":{"0":"post-28744","1":"product","2":"type-product","3":"status-publish","4":"has-post-thumbnail","6":"product_cat-alennuskulma","7":"product_cat-lintujen-siemenia-ja-lintujen-ruokaa-myynnissa","9":"first","10":"outofstock","11":"sale","12":"taxable","13":"shipping-taxable","14":"purchasable","15":"product-type-simple"},"bundled_by":[],"bundle_stock_status":"outofstock","bundle_stock_quantity":0,"bundle_virtual":false,"bundle_layout":"","bundle_add_to_cart_form_location":"","bundle_editable_in_cart":false,"bundle_sold_individually_context":"","bundle_item_grouping":"","bundle_min_size":"","bundle_max_size":"","bundle_price":[],"bundled_items":[],"bundle_sell_ids":[],"acf":[],"_links":{"self":[{"href":"https:\/\/pippifoder.se\/fi\/wp-json\/wp\/v2\/product\/28744","targetHints":{"allow":["GET"]}}],"collection":[{"href":"https:\/\/pippifoder.se\/fi\/wp-json\/wp\/v2\/product"}],"about":[{"href":"https:\/\/pippifoder.se\/fi\/wp-json\/wp\/v2\/types\/product"}],"replies":[{"embeddable":true,"href":"https:\/\/pippifoder.se\/fi\/wp-json\/wp\/v2\/comments?post=28744"}],"wp:featuredmedia":[{"embeddable":true,"href":"https:\/\/pippifoder.se\/fi\/wp-json\/wp\/v2\/media\/27736"}],"wp:attachment":[{"href":"https:\/\/pippifoder.se\/fi\/wp-json\/wp\/v2\/media?parent=28744"}],"wp:term":[{"taxonomy":"product_brand","embeddable":true,"href":"https:\/\/pippifoder.se\/fi\/wp-json\/wp\/v2\/product_brand?post=28744"},{"taxonomy":"product_cat","embeddable":true,"href":"https:\/\/pippifoder.se\/fi\/wp-json\/wp\/v2\/product_cat?post=28744"},{"taxonomy":"product_tag","embeddable":true,"href":"https:\/\/pippifoder.se\/fi\/wp-json\/wp\/v2\/product_tag?post=28744"}],"curies":[{"name":"wp","href":"https:\/\/api.w.org\/{rel}","templated":true}]}}