{"id":28551,"date":"2025-08-06T10:06:05","date_gmt":"2025-08-06T10:06:05","guid":{"rendered":"https:\/\/pippifoder.se\/?post_type=product&#038;p=28551"},"modified":"2026-02-14T09:29:11","modified_gmt":"2026-02-14T09:29:11","slug":"simpukankuoret-15kg-kopia","status":"publish","type":"product","link":"https:\/\/pippifoder.se\/fi\/tuote\/kanat\/kanojen-rehu-ja-ruoka\/simpukankuoret-15kg-kopia\/","title":{"rendered":"Simpukankuoret 4kg"},"content":{"rendered":"<p data-start=\"393\" data-end=\"756\"><strong data-start=\"393\" data-end=\"420\">Simpukankuorien hy\u00f6dyt:<\/strong><br data-start=\"420\" data-end=\"423\">\u2705 <strong data-start=\"425\" data-end=\"444\">Vahvistaa munankuorta<\/strong> &#8211; V\u00e4hent\u00e4\u00e4 murtuneiden munien riski\u00e4.<br data-start=\"479\" data-end=\"482\">\u2705 <strong data-start=\"484\" data-end=\"509\">Luonnollinen kalsiumin l\u00e4hde<\/strong> &#8211; Sis\u00e4lt\u00e4\u00e4 94 % kalsiumkarbonaattia ja 1 % magnesiumkarbonaattia.<br data-start=\"570\" data-end=\"573\">\u2705 <strong data-start=\"575\" data-end=\"604\">Parantaa ruoansulatusta<\/strong> &#8211; Auttaa kanoja pilkkomaan rehua.<br data-start=\"643\" data-end=\"646\">\u2705 <strong data-start=\"648\" data-end=\"672\">Monipuolinen k\u00e4ytt\u00f6<\/strong> &#8211; Voidaan k\u00e4ytt\u00e4\u00e4 my\u00f6s portaiden ja kulkuv\u00e4ylien liukastumisenestoon sek\u00e4 kaivon kalkkina.<\/p>\n<p data-start=\"758\" data-end=\"937\"><strong data-start=\"758\" data-end=\"781\">Tuotetiedot:<\/strong><br data-start=\"781\" data-end=\"784\"><strong data-start=\"787\" data-end=\"798\">\ud83d\udccc Koko<\/strong>: 0,5-2,5 mm<br data-start=\"808\" data-end=\"811\">\ud83d\udccc <strong data-start=\"814\" data-end=\"829\">Pakkaus: 4 kg:n s\u00e4kki<\/strong><br data-start=\"871\" data-end=\"874\">\ud83d\udccc <strong data-start=\"877\" data-end=\"892\">Kalsiumpitoisuus: 38<\/strong>%<br data-start=\"898\" data-end=\"901\"><strong data-start=\"904\" data-end=\"917\">\ud83d\udccc Liukoisuus<\/strong>: 39 \u00b0C:ssa, pH 2,7.<\/p>\n<p data-start=\"939\" data-end=\"1041\">Levitett\u00e4ess\u00e4 simpukankuoret voivat p\u00f6lyynty\u00e4 &#8211; suosittelemme hengityssuojaimen k\u00e4ytt\u00f6\u00e4 p\u00f6lyn v\u00e4ltt\u00e4miseksi.<\/p>\n<p>&nbsp;<\/p>\n<p data-start=\"1043\" data-end=\"1168\">Anna kanoillesi luonnollista ravintoa, jota ne tarvitsevat pysy\u00e4kseen tervein\u00e4 ja tuottaakseen vahvoja munia.  <strong data-start=\"1139\" data-end=\"1166\">Tilaa simpukankuoria jo t\u00e4n\u00e4\u00e4n!<\/strong><\/p>\n<h2>Usein kysyttyj\u00e4 kysymyksi\u00e4 simpukoista<\/h2>\n<p>Olemme ker\u00e4nneet t\u00e4h\u00e4n muutamia usein kysyttyj\u00e4 kysymyksi\u00e4 simpukankuorista.<\/p>\n<h3>Kuinka paljon kuorta kanoilla pit\u00e4isi olla<\/h3>\n<p data-start=\"0\" data-end=\"120\">Kuoren m\u00e4\u00e4r\u00e4 riippuu kanojen i\u00e4st\u00e4, rodusta ja siit\u00e4, ovatko ne munivia kanoja vai eiv\u00e4t. Yleisesti suositellaan: <\/p>\n<p data-start=\"122\" data-end=\"426\">\u2705 <strong data-start=\"124\" data-end=\"136\">Munivat kanat<\/strong>: noin <strong data-start=\"144\" data-end=\"184\">5-10 grammaa kuoria kanaa kohti p\u00e4iv\u00e4ss\u00e4<\/strong>.<br data-start=\"185\" data-end=\"188\">\u2705 <strong data-start=\"190\" data-end=\"214\">Nuoret kanat ja kukot: Nuoret kanat ja kukot<\/strong> eiv\u00e4t yleens\u00e4 tarvitse lis\u00e4kuoria, jos ne saavat tasapainoista ruokavaliota.<br data-start=\"287\" data-end=\"290\">\u2705 <strong data-start=\"292\" data-end=\"308\">Vapaa p\u00e4\u00e4sy<\/strong>: Simpukankuoria on parasta tarjota erillisess\u00e4 astiassa, jotta kanat voivat itse s\u00e4\u00e4dell\u00e4 saantiaan tarpeen mukaan.<\/p>\n<p data-start=\"428\" data-end=\"552\" data-is-last-node=\"\" data-is-only-node=\"\">Kuorilla ruokkiminen varmistaa, ett\u00e4 kanat saavat riitt\u00e4v\u00e4sti kalsiumia, joka edist\u00e4\u00e4 munien vahvaa kuorta ja hyv\u00e4\u00e4 terveytt\u00e4. \ud83d\udc14\ud83e\udd5a <\/p>\n<h3>Mist\u00e4 simpukankuoret on tehty<\/h3>\n<p data-start=\"0\" data-end=\"240\">Simpukat koostuvat p\u00e4\u00e4asiassa <strong data-start=\"34\" data-end=\"61\">kalsiumkarbonaatista (CaCO\u2083<\/strong>), joka on luonnollinen mineraali, josta etanoiden ja simpukoiden kuoret koostuvat. Kalsiumkarbonaatin lis\u00e4ksi simpukankuoret sis\u00e4lt\u00e4v\u00e4t pieni\u00e4 m\u00e4\u00e4ri\u00e4 <strong data-start=\"196\" data-end=\"217\">magnesiumkarbonaattia<\/strong> ja muita hivenaineita. <\/p>\n<p>&nbsp;<\/p>\n<p data-start=\"242\" data-end=\"421\" data-is-last-node=\"\" data-is-only-node=\"\">Korkean kalsiumpitoisuutensa vuoksi murskattuja simpukankuoria k\u00e4ytet\u00e4\u00e4n usein <strong data-start=\"345\" data-end=\"353\">kanojen<\/strong> luonnollisena lis\u00e4ravinteena munankuorien vahvistamiseksi sek\u00e4 kaivojen kalkitsemiseen ja liukastumisen est\u00e4miseen. \ud83d\udc1a\ud83e\udd5a <\/p>\n","protected":false},"excerpt":{"rendered":"<p><strong>Shell for hens 4kg &#8211; Luonnollinen kalsium vahvoille kuorille.<\/strong><\/p>\n<p>Anna muniville kanoillesi paras kalsiumlis\u00e4 murskatuilla simpukankuorillamme. Kalsium on v\u00e4ltt\u00e4m\u00e4t\u00f6nt\u00e4, jotta kanasi voivat tuottaa munia, joilla on vahva ja kest\u00e4v\u00e4 kuori. Ilman riitt\u00e4v\u00e4sti kalsiumia kanasi ovat vaarassa munia, joiden kuori on ohut ja hauras.  <\/p>\n","protected":false},"featured_media":28555,"comment_status":"open","ping_status":"closed","template":"","meta":{"_acf_changed":false},"product_brand":[],"product_cat":[129],"product_tag":[],"class_list":{"0":"post-28551","1":"product","2":"type-product","3":"status-publish","4":"has-post-thumbnail","6":"product_cat-kanojen-rehu-ja-ruoka","7":"product_group-hink-4kg","9":"first","10":"instock","11":"taxable","12":"shipping-taxable","13":"purchasable","14":"product-type-simple"},"bundled_by":[],"bundle_stock_status":"instock","bundle_stock_quantity":855,"bundle_virtual":false,"bundle_layout":"","bundle_add_to_cart_form_location":"","bundle_editable_in_cart":false,"bundle_sold_individually_context":"","bundle_item_grouping":"","bundle_min_size":"","bundle_max_size":"","bundle_price":[],"bundled_items":[],"bundle_sell_ids":[],"acf":[],"_links":{"self":[{"href":"https:\/\/pippifoder.se\/fi\/wp-json\/wp\/v2\/product\/28551","targetHints":{"allow":["GET"]}}],"collection":[{"href":"https:\/\/pippifoder.se\/fi\/wp-json\/wp\/v2\/product"}],"about":[{"href":"https:\/\/pippifoder.se\/fi\/wp-json\/wp\/v2\/types\/product"}],"replies":[{"embeddable":true,"href":"https:\/\/pippifoder.se\/fi\/wp-json\/wp\/v2\/comments?post=28551"}],"wp:featuredmedia":[{"embeddable":true,"href":"https:\/\/pippifoder.se\/fi\/wp-json\/wp\/v2\/media\/28555"}],"wp:attachment":[{"href":"https:\/\/pippifoder.se\/fi\/wp-json\/wp\/v2\/media?parent=28551"}],"wp:term":[{"taxonomy":"product_brand","embeddable":true,"href":"https:\/\/pippifoder.se\/fi\/wp-json\/wp\/v2\/product_brand?post=28551"},{"taxonomy":"product_cat","embeddable":true,"href":"https:\/\/pippifoder.se\/fi\/wp-json\/wp\/v2\/product_cat?post=28551"},{"taxonomy":"product_tag","embeddable":true,"href":"https:\/\/pippifoder.se\/fi\/wp-json\/wp\/v2\/product_tag?post=28551"}],"curies":[{"name":"wp","href":"https:\/\/api.w.org\/{rel}","templated":true}]}}