{"id":28436,"date":"2025-08-03T19:08:37","date_gmt":"2025-08-03T17:08:37","guid":{"rendered":"https:\/\/pippifoder.se\/?post_type=product&#038;p=28436"},"modified":"2026-04-15T12:59:47","modified_gmt":"2026-04-15T10:59:47","slug":"lintujen-syottolaite-mutterit-suuri-3-kerrosta-ruostumaton-kopia-kopia-kopia-kopia-kopia","status":"publish","type":"product","link":"https:\/\/pippifoder.se\/fi\/tuote\/lintujen-ruokinta\/lintujen-syottolaite-mutterit-suuri-3-kerrosta-ruostumaton-kopia-kopia-kopia-kopia-kopia\/","title":{"rendered":"Maap\u00e4hkin\u00e4voin pidike lasipurkissa"},"content":{"rendered":"<p data-start=\"734\" data-end=\"750\"><strong data-start=\"737\" data-end=\"750\">\ud83c\udf3f Edut:<\/strong><\/p>\n<ul data-start=\"751\" data-end=\"923\">\n<li data-start=\"751\" data-end=\"794\">\n<p data-start=\"753\" data-end=\"794\">Valmistettu 100 % FSC\u00ae-sertifioidusta puusta<\/p>\n<\/li>\n<li data-start=\"795\" data-end=\"849\">\n<p data-start=\"797\" data-end=\"849\">Sopii tavallisiin maap\u00e4hkin\u00e4voi-purkkeihin linnuille<\/p>\n<\/li>\n<li data-start=\"850\" data-end=\"885\">\n<p data-start=\"852\" data-end=\"885\">S\u00e4\u00e4nkest\u00e4v\u00e4 katto mustaa puuta<\/p>\n<\/li>\n<li data-start=\"886\" data-end=\"923\">\n<p data-start=\"888\" data-end=\"923\">Helppo ripustaa tai asentaa<\/p>\n<\/li>\n<\/ul>\n<p>&nbsp;<\/p>\n<p data-start=\"925\" data-end=\"1026\">\ud83d\udd4a\ufe0f Luo ruokailualue, josta sek\u00e4 sin\u00e4 ett\u00e4 puutarhalintusi voivat nauttia &#8211; kest\u00e4v\u00e4, kaunis ja k\u00e4yt\u00e4nn\u00f6llinen!<\/p>\n","protected":false},"excerpt":{"rendered":"<p data-start=\"176\" data-end=\"471\">Tarjoa <a href=\"https:\/\/pippifoder.se\/fi\/tuote\/lintujen-ruokaa\/rasvasiemenseos\/lintujen-syottolaite-mutterit-suuri-3-kerrosta-ruostumaton-kopia-kopia-kopia-kopia\/\">maap\u00e4hkin\u00e4voita linnunpoikasille<\/a> tyylikk\u00e4\u00e4sti ja kest\u00e4v\u00e4sti! T\u00e4m\u00e4 tukeva pidike on valmistettu 100-prosenttisesti FSC\u00ae-sertifioidusta puusta, joka takaa, ett\u00e4 materiaali on per\u00e4isin vastuullisesta mets\u00e4taloudesta. Yksinkertaisen mutta toimivan muotoilunsa ansiosta se sopii t\u00e4ydellisesti sek\u00e4 puutarhaan ett\u00e4 parvekkeelle.  <\/p>\n<p data-start=\"473\" data-end=\"732\">Etupuolella oleva suuri py\u00f6re\u00e4 reik\u00e4 sopii lintujen maap\u00e4hkin\u00e4voin lasipurkille, ja muotoilun ansiosta lintujen on helppo istua mukavasti ruokailun aikana. Mustaksi lakattu puukatto suojaa sis\u00e4lt\u00f6\u00e4 sateelta ja antaa pidikkeelle rustiikkisen ja tyylikk\u00e4\u00e4n ilmeen. <\/p>\n<p data-start=\"473\" data-end=\"732\">Sopii: <a href=\"https:\/\/pippifoder.se\/fi\/tuote\/lintujen-ruokaa\/rasvasiemenseos\/lintujen-syottolaite-mutterit-suuri-3-kerrosta-ruostumaton-kopia-kopia-kopia-kopia\/\">Maap\u00e4hkin\u00e4voi ja jauhomato lasipurkissa.<\/a><\/p>\n","protected":false},"featured_media":28440,"comment_status":"closed","ping_status":"closed","template":"","meta":{"_acf_changed":false},"product_brand":[],"product_cat":[174],"product_tag":[],"class_list":{"0":"post-28436","1":"product","2":"type-product","3":"status-publish","4":"has-post-thumbnail","6":"product_cat-lintujen-ruokinta","8":"first","9":"instock","10":"taxable","11":"shipping-taxable","12":"purchasable","13":"product-type-simple"},"bundled_by":["30024"],"bundle_stock_status":"instock","bundle_stock_quantity":78,"bundle_virtual":false,"bundle_layout":"","bundle_add_to_cart_form_location":"","bundle_editable_in_cart":false,"bundle_sold_individually_context":"","bundle_item_grouping":"","bundle_min_size":"","bundle_max_size":"","bundle_price":[],"bundled_items":[],"bundle_sell_ids":[],"acf":[],"_links":{"self":[{"href":"https:\/\/pippifoder.se\/fi\/wp-json\/wp\/v2\/product\/28436","targetHints":{"allow":["GET"]}}],"collection":[{"href":"https:\/\/pippifoder.se\/fi\/wp-json\/wp\/v2\/product"}],"about":[{"href":"https:\/\/pippifoder.se\/fi\/wp-json\/wp\/v2\/types\/product"}],"replies":[{"embeddable":true,"href":"https:\/\/pippifoder.se\/fi\/wp-json\/wp\/v2\/comments?post=28436"}],"wp:featuredmedia":[{"embeddable":true,"href":"https:\/\/pippifoder.se\/fi\/wp-json\/wp\/v2\/media\/28440"}],"wp:attachment":[{"href":"https:\/\/pippifoder.se\/fi\/wp-json\/wp\/v2\/media?parent=28436"}],"wp:term":[{"taxonomy":"product_brand","embeddable":true,"href":"https:\/\/pippifoder.se\/fi\/wp-json\/wp\/v2\/product_brand?post=28436"},{"taxonomy":"product_cat","embeddable":true,"href":"https:\/\/pippifoder.se\/fi\/wp-json\/wp\/v2\/product_cat?post=28436"},{"taxonomy":"product_tag","embeddable":true,"href":"https:\/\/pippifoder.se\/fi\/wp-json\/wp\/v2\/product_tag?post=28436"}],"curies":[{"name":"wp","href":"https:\/\/api.w.org\/{rel}","templated":true}]}}