{"id":28428,"date":"2025-08-03T18:59:20","date_gmt":"2025-08-03T18:59:20","guid":{"rendered":"https:\/\/pippifoder.se\/?post_type=product&#038;p=28428"},"modified":"2026-04-15T12:59:51","modified_gmt":"2026-04-15T10:59:51","slug":"lintujen-syottolaite-mutterit-suuri-3-kerrosta-ruostumaton-kopia-kopia-kopia-kopia","status":"publish","type":"product","link":"https:\/\/pippifoder.se\/fi\/tuote\/lintujen-ruokaa\/rasvasiemenseos\/lintujen-syottolaite-mutterit-suuri-3-kerrosta-ruostumaton-kopia-kopia-kopia-kopia\/","title":{"rendered":"Maap\u00e4hkin\u00e4voi ja jauhomato lasipurkissa"},"content":{"rendered":"<p data-start=\"728\" data-end=\"744\"><strong data-start=\"731\" data-end=\"744\">\ud83c\udf3f Edut:<\/strong><\/p>\n<ul data-start=\"745\" data-end=\"954\">\n<li data-start=\"745\" data-end=\"798\">\n<p data-start=\"747\" data-end=\"798\">Ravitsevaa ja energiatihe\u00e4\u00e4 ruokaa puutarhan linnuille.<\/p>\n<\/li>\n<li data-start=\"799\" data-end=\"861\">\n<p data-start=\"801\" data-end=\"861\">Jauhomatojen kanssa &#8211; lis\u00e4proteiinia kasvuun ja palautumiseen<\/p>\n<\/li>\n<li data-start=\"862\" data-end=\"913\">\n<p data-start=\"864\" data-end=\"913\">Toimitetaan uudelleenk\u00e4ytett\u00e4v\u00e4ss\u00e4 lasipurkissa (340 g).<\/p>\n<\/li>\n<li data-start=\"914\" data-end=\"954\">\n<p data-start=\"916\" data-end=\"954\">Sopii maap\u00e4hkin\u00e4voin haltijoille<\/p>\n<\/li>\n<\/ul>\n<p>&nbsp;<\/p>\n<p data-start=\"956\" data-end=\"1067\">\ud83d\udd4a\ufe0f Auta lintuja ymp\u00e4ri vuoden t\u00e4ll\u00e4 maukkaalla lis\u00e4ravinteella &#8211; joka on jokaisen lintuyst\u00e4v\u00e4llisen puutarhan suosikki!<\/p>\n","protected":false},"excerpt":{"rendered":"<p data-start=\"176\" data-end=\"449\">Anna puutarhasi luonnonvaraisille linnuille lis\u00e4energiaa t\u00e4ll\u00e4 maukkaalla maap\u00e4hkin\u00e4voilla ja jauhomatoilla <a href=\"https:\/\/pippifoder.se\/fi\/jauhomato\/\">, jotka on suunniteltu erityisesti<\/a> pienten lintujen tarpeisiin. Se on pakattu k\u00e4tev\u00e4\u00e4n lasipurkkiin, joten se on helppo sijoittaa lintujen voitelineisiin tai suoraan suojatulle ruokintap\u00f6yd\u00e4lle. <\/p>\n<p data-start=\"451\" data-end=\"726\">Maap\u00e4hkin\u00e4voi ei sis\u00e4ll\u00e4 lis\u00e4ttyj\u00e4 suoloja, ja se on rikastettu kuivatuilla jauhomatoilla &#8211; luonnollisella proteiinilis\u00e4ll\u00e4, jota sinitiaiset, tiaiset ja punarinnat arvostavat. T\u00e4ydellinen kylmin\u00e4 talvip\u00e4ivin\u00e4 tai pesim\u00e4aikana, jolloin ravinnon tarve on erityisen suuri. <\/p>\n<p data-start=\"451\" data-end=\"726\">Sopiva sy\u00f6tt\u00f6laite\/pidike: <a href=\"https:\/\/pippifoder.se\/fi\/tuote\/lintujen-ruokinta\/lintujen-syottolaite-mutterit-suuri-3-kerrosta-ruostumaton-kopia-kopia-kopia-kopia-kopia\/\">Maap\u00e4hkin\u00e4voinpidike lasipurkissa<\/a>.<\/p>\n","protected":false},"featured_media":28432,"comment_status":"closed","ping_status":"closed","template":"","meta":{"_acf_changed":false},"product_brand":[],"product_cat":[126,205,112],"product_tag":[],"class_list":{"0":"post-28428","1":"product","2":"type-product","3":"status-publish","4":"has-post-thumbnail","6":"product_cat-rasvasiemenseos","7":"product_cat-jauhomato","8":"product_cat-lintujen-ruokaa","10":"first","11":"instock","12":"sale","13":"taxable","14":"shipping-taxable","15":"purchasable","16":"product-type-variable","17":"has-default-attributes"},"bundled_by":["30024"],"bundle_stock_status":"instock","bundle_stock_quantity":69,"bundle_virtual":false,"bundle_layout":"","bundle_add_to_cart_form_location":"","bundle_editable_in_cart":false,"bundle_sold_individually_context":"","bundle_item_grouping":"","bundle_min_size":"","bundle_max_size":"","bundle_price":[],"bundled_items":[],"bundle_sell_ids":[],"acf":[],"_links":{"self":[{"href":"https:\/\/pippifoder.se\/fi\/wp-json\/wp\/v2\/product\/28428","targetHints":{"allow":["GET"]}}],"collection":[{"href":"https:\/\/pippifoder.se\/fi\/wp-json\/wp\/v2\/product"}],"about":[{"href":"https:\/\/pippifoder.se\/fi\/wp-json\/wp\/v2\/types\/product"}],"replies":[{"embeddable":true,"href":"https:\/\/pippifoder.se\/fi\/wp-json\/wp\/v2\/comments?post=28428"}],"wp:featuredmedia":[{"embeddable":true,"href":"https:\/\/pippifoder.se\/fi\/wp-json\/wp\/v2\/media\/28432"}],"wp:attachment":[{"href":"https:\/\/pippifoder.se\/fi\/wp-json\/wp\/v2\/media?parent=28428"}],"wp:term":[{"taxonomy":"product_brand","embeddable":true,"href":"https:\/\/pippifoder.se\/fi\/wp-json\/wp\/v2\/product_brand?post=28428"},{"taxonomy":"product_cat","embeddable":true,"href":"https:\/\/pippifoder.se\/fi\/wp-json\/wp\/v2\/product_cat?post=28428"},{"taxonomy":"product_tag","embeddable":true,"href":"https:\/\/pippifoder.se\/fi\/wp-json\/wp\/v2\/product_tag?post=28428"}],"curies":[{"name":"wp","href":"https:\/\/api.w.org\/{rel}","templated":true}]}}