{"id":28321,"date":"2025-07-31T05:48:17","date_gmt":"2025-07-31T05:48:17","guid":{"rendered":"https:\/\/pippifoder.se\/?post_type=product&#038;p=28321"},"modified":"2026-04-19T20:04:34","modified_gmt":"2026-04-19T18:04:34","slug":"kanamysli-10kg-kopia-kopia","status":"publish","type":"product","link":"https:\/\/pippifoder.se\/fi\/tuote\/kanat\/kanojen-rehu-ja-ruoka\/kanamysli-10kg-kopia-kopia\/","title":{"rendered":"Kanojen kasvu &#8211; Pelletointi"},"content":{"rendered":"<p data-start=\"187\" data-end=\"239\"><strong data-start=\"187\" data-end=\"239\">T\u00e4ysrehu turvallista ja tasapainoista kasvua varten<\/strong><\/p>\n<p data-start=\"241\" data-end=\"535\">Kyckling Tillv\u00e4xt &#8211; Pelletskross on ruotsalainen t\u00e4ysrehu, joka on tarkoitettu kanojen kasvuvaiheeseen noin 6-16 viikon i\u00e4ss\u00e4. Rehu on huolellisesti tasapainotettu luuston, h\u00f6yhenen ja lihaksiston optimaalisen kehityksen varmistamiseksi ja vahvan immuunij\u00e4rjestelm\u00e4n tukemiseksi. <\/p>\n<p data-start=\"537\" data-end=\"645\">Hienorakeiset, tummanvihre\u00e4t pelletit ovat rakenteeltaan helppoja sy\u00f6d\u00e4 ja v\u00e4hent\u00e4v\u00e4t roiskeriski\u00e4.<\/p>\n<h4 data-start=\"647\" data-end=\"669\">\u2705 T\u00e4rkeimm\u00e4t edut:<\/h4>\n<ul data-start=\"670\" data-end=\"881\">\n<li data-start=\"670\" data-end=\"716\">\n<p data-start=\"672\" data-end=\"716\"><strong data-start=\"672\" data-end=\"716\">T\u00e4ydellinen ravinto kasvaville kanoille<\/strong><\/p>\n<\/li>\n<li data-start=\"717\" data-end=\"781\">\n<p data-start=\"719\" data-end=\"781\"><strong data-start=\"719\" data-end=\"752\">V\u00e4hennetty proteiinipitoisuus (15 %) &#8211; sovitettu<\/strong> kasvuvaiheeseen.<\/p>\n<\/li>\n<li data-start=\"782\" data-end=\"827\">\n<p data-start=\"784\" data-end=\"827\"><strong data-start=\"784\" data-end=\"804\">Ruotsalainen vilja &#8211;<\/strong> vehn\u00e4, ohra ja kaura<\/p>\n<\/li>\n<li data-start=\"828\" data-end=\"881\">\n<p data-start=\"830\" data-end=\"881\"><strong data-start=\"830\" data-end=\"881\">Lis\u00e4ttyj\u00e4 vitamiineja ja kivenn\u00e4isaineita hyv\u00e4n terveyden takaamiseksi<\/strong><\/p>\n<\/li>\n<\/ul>\n<h4 data-start=\"883\" data-end=\"916\">\ud83d\udc14 Ravintosis\u00e4lt\u00f6 (per kg):<\/h4>\n<ul data-start=\"917\" data-end=\"1084\">\n<li data-start=\"917\" data-end=\"932\">\n<p data-start=\"919\" data-end=\"932\">Energia: 11 MJ<\/p>\n<\/li>\n<li data-start=\"933\" data-end=\"950\">\n<p data-start=\"935\" data-end=\"950\">Raakavalkuainen: 15 %.<\/p>\n<\/li>\n<li data-start=\"951\" data-end=\"964\">\n<p data-start=\"953\" data-end=\"964\">Raakarasva: 4 %.<\/p>\n<\/li>\n<li data-start=\"965\" data-end=\"980\">\n<p data-start=\"967\" data-end=\"980\">Kasvikuitua: 5 %.<\/p>\n<\/li>\n<li data-start=\"981\" data-end=\"995\">\n<p data-start=\"983\" data-end=\"995\">Kalsiumia: 9 g<\/p>\n<\/li>\n<li data-start=\"996\" data-end=\"1009\">\n<p data-start=\"998\" data-end=\"1009\">Fosfori: 6 g<\/p>\n<\/li>\n<li data-start=\"1010\" data-end=\"1056\">\n<p data-start=\"1012\" data-end=\"1056\">A-vitamiini: 10 000 IU, D3: 2 750 IU, E: 50 mg.<\/p>\n<\/li>\n<li data-start=\"1057\" data-end=\"1084\">\n<p data-start=\"1059\" data-end=\"1084\">Lysiini: 7 g, metioniini: 3 g.<\/p>\n<\/li>\n<\/ul>\n<p data-start=\"1086\" data-end=\"1210\">Se sis\u00e4lt\u00e4\u00e4 my\u00f6s t\u00e4rkeit\u00e4 hivenaineita, kuten kuparia ja seleeni\u00e4, sek\u00e4 v\u00e4ltt\u00e4m\u00e4tt\u00f6mi\u00e4 aminohappoja, jotka edist\u00e4v\u00e4t tervett\u00e4 kasvua.<\/p>\n<h4 data-start=\"1212\" data-end=\"1232\">\ud83d\udce6 Pakkaus:<\/h4>\n<ul data-start=\"1233\" data-end=\"1297\">\n<li data-start=\"1233\" data-end=\"1246\">\n<p data-start=\"1235\" data-end=\"1246\">Paino: 20 kg<\/p>\n<\/li>\n<\/ul>\n<h4 data-start=\"1299\" data-end=\"1318\">\ud83d\udccc K\u00e4yt\u00e4:<\/h4>\n<p data-start=\"1319\" data-end=\"1427\">Tarjoa vapaata p\u00e4\u00e4sy\u00e4 6-16 viikon i\u00e4st\u00e4 alkaen. Poikasilla on aina oltava vapaa p\u00e4\u00e4sy raikkaaseen veteen. <\/p>\n<h4 data-start=\"1429\" data-end=\"1447\">\ud83d\udce6 Varastointi:<\/h4>\n<p>&nbsp;<\/p>\n<p data-start=\"1448\" data-end=\"1512\">S\u00e4ilyt\u00e4 kuivassa, pime\u00e4ss\u00e4 ja viile\u00e4ss\u00e4 paikassa &#8211; enint\u00e4\u00e4n normaalissa huoneenl\u00e4mm\u00f6ss\u00e4.<\/p>\n","protected":false},"excerpt":{"rendered":"<p>20kg kanan kasvupelletit, valmistettu Ruotsissa. Chicken Growth on t\u00e4ysrehu 6-16 viikon ik\u00e4isille kanoille. Rikastettu korkea proteiinipitoisuus vain luonnontuotteista. Pelletti sis\u00e4lt\u00e4\u00e4: Vehn\u00e4\u00e4, ohraa, kauraa.   <\/p>\n","protected":false},"featured_media":28334,"comment_status":"closed","ping_status":"closed","template":"","meta":{"_acf_changed":false},"product_brand":[],"product_cat":[129,112],"product_tag":[],"class_list":{"0":"post-28321","1":"product","2":"type-product","3":"status-publish","4":"has-post-thumbnail","6":"product_cat-kanojen-rehu-ja-ruoka","7":"product_cat-lintujen-ruokaa","9":"first","10":"instock","11":"taxable","12":"shipping-taxable","13":"purchasable","14":"product-type-simple"},"bundled_by":[],"bundle_stock_status":"instock","bundle_stock_quantity":20,"bundle_virtual":false,"bundle_layout":"","bundle_add_to_cart_form_location":"","bundle_editable_in_cart":false,"bundle_sold_individually_context":"","bundle_item_grouping":"","bundle_min_size":"","bundle_max_size":"","bundle_price":[],"bundled_items":[],"bundle_sell_ids":[],"acf":[],"_links":{"self":[{"href":"https:\/\/pippifoder.se\/fi\/wp-json\/wp\/v2\/product\/28321","targetHints":{"allow":["GET"]}}],"collection":[{"href":"https:\/\/pippifoder.se\/fi\/wp-json\/wp\/v2\/product"}],"about":[{"href":"https:\/\/pippifoder.se\/fi\/wp-json\/wp\/v2\/types\/product"}],"replies":[{"embeddable":true,"href":"https:\/\/pippifoder.se\/fi\/wp-json\/wp\/v2\/comments?post=28321"}],"wp:featuredmedia":[{"embeddable":true,"href":"https:\/\/pippifoder.se\/fi\/wp-json\/wp\/v2\/media\/28334"}],"wp:attachment":[{"href":"https:\/\/pippifoder.se\/fi\/wp-json\/wp\/v2\/media?parent=28321"}],"wp:term":[{"taxonomy":"product_brand","embeddable":true,"href":"https:\/\/pippifoder.se\/fi\/wp-json\/wp\/v2\/product_brand?post=28321"},{"taxonomy":"product_cat","embeddable":true,"href":"https:\/\/pippifoder.se\/fi\/wp-json\/wp\/v2\/product_cat?post=28321"},{"taxonomy":"product_tag","embeddable":true,"href":"https:\/\/pippifoder.se\/fi\/wp-json\/wp\/v2\/product_tag?post=28321"}],"curies":[{"name":"wp","href":"https:\/\/api.w.org\/{rel}","templated":true}]}}