{"id":28313,"date":"2025-07-31T05:39:49","date_gmt":"2025-07-31T05:39:49","guid":{"rendered":"https:\/\/pippifoder.se\/?post_type=product&#038;p=28313"},"modified":"2026-05-03T20:08:22","modified_gmt":"2026-05-03T18:08:22","slug":"kanamysli-10kg-kopia","status":"publish","type":"product","link":"https:\/\/pippifoder.se\/fi\/tuote\/kanat\/kanojen-rehu-ja-ruoka\/kanamysli-10kg-kopia\/","title":{"rendered":"Kananpoikien k\u00e4ynnistyslaite &#8211; Pelletinmurskain &#8211; Pelletinmurskain"},"content":{"rendered":"<p data-start=\"183\" data-end=\"243\"><strong data-start=\"183\" data-end=\"243\">T\u00e4ydellinen aloitusrehu, joka takaa hyv\u00e4n kasvun ensimm\u00e4isest\u00e4 p\u00e4iv\u00e4st\u00e4 alkaen.<\/strong><\/p>\n<p data-start=\"245\" data-end=\"510\">Kyckling Start &#8211; Pelletskross on ruotsalaisvalmisteinen t\u00e4ysrehu, joka on suunniteltu antamaan kanoille paras alku el\u00e4m\u00e4\u00e4n. Rehua annetaan ensimm\u00e4isest\u00e4 elinviikosta noin 6 viikon ik\u00e4\u00e4n asti, ja se sis\u00e4lt\u00e4\u00e4 kaiken, mit\u00e4 kanasi tarvitsevat terveeseen ja voimakkaaseen kasvuun. <\/p>\n<p data-start=\"512\" data-end=\"635\">Pelletit on murskattu hienorakeiseksi rakeeksi, jonka v\u00e4ri on tummanvihre\u00e4 ja joka on helppo sy\u00f6d\u00e4 pienimmillekin kanoille.<\/p>\n<h4 data-start=\"637\" data-end=\"659\">\u2705 T\u00e4rkeimm\u00e4t edut:<\/h4>\n<ul data-start=\"660\" data-end=\"914\">\n<li data-start=\"660\" data-end=\"731\">\n<p data-start=\"662\" data-end=\"731\"><strong data-start=\"662\" data-end=\"681\">T\u00e4ydellinen ravinto &#8211;<\/strong> sis\u00e4lt\u00e4\u00e4 kaikki v\u00e4ltt\u00e4m\u00e4tt\u00f6m\u00e4t vitamiinit ja kivenn\u00e4isaineet.<\/p>\n<\/li>\n<li data-start=\"732\" data-end=\"799\">\n<p data-start=\"734\" data-end=\"799\"><strong data-start=\"734\" data-end=\"759\">Korkea proteiinipitoisuus (18 %) &#8211; edist\u00e4\u00e4<\/strong> lihasten kehityst\u00e4 ja kasvua.<\/p>\n<\/li>\n<li data-start=\"800\" data-end=\"857\">\n<p data-start=\"802\" data-end=\"857\"><strong data-start=\"802\" data-end=\"822\">Sopiva rakenne &#8211;<\/strong> hienoksi murskattu pelletti pienille nokille.<\/p>\n<\/li>\n<li data-start=\"858\" data-end=\"914\">\n<p data-start=\"860\" data-end=\"914\"><strong data-start=\"860\" data-end=\"884\">Made in Sweden &#8211;<\/strong> raaka-aineet ruotsalaisilta maatiloilta.<\/p>\n<\/li>\n<\/ul>\n<h4 data-start=\"916\" data-end=\"949\">\ud83d\udc23 Ravintosis\u00e4lt\u00f6 (kg:ssa):<\/h4>\n<ul data-start=\"950\" data-end=\"1090\">\n<li data-start=\"950\" data-end=\"965\">\n<p data-start=\"952\" data-end=\"965\">Energia: 11 MJ<\/p>\n<\/li>\n<li data-start=\"966\" data-end=\"983\">\n<p data-start=\"968\" data-end=\"983\">Raakavalkuainen: 18 %.<\/p>\n<\/li>\n<li data-start=\"984\" data-end=\"997\">\n<p data-start=\"986\" data-end=\"997\">Raakarasva: 6 %.<\/p>\n<\/li>\n<li data-start=\"998\" data-end=\"1013\">\n<p data-start=\"1000\" data-end=\"1013\">Kasvikuitua: 5 %.<\/p>\n<\/li>\n<li data-start=\"1014\" data-end=\"1029\">\n<p data-start=\"1016\" data-end=\"1029\">Kalsium: 10 g<\/p>\n<\/li>\n<li data-start=\"1030\" data-end=\"1043\">\n<p data-start=\"1032\" data-end=\"1043\">Fosfori: 7 g<\/p>\n<\/li>\n<li data-start=\"1044\" data-end=\"1090\">\n<p data-start=\"1046\" data-end=\"1090\">A-vitamiini: 10 000 IU, D3: 2 750 IU, E: 50 mg.<\/p>\n<\/li>\n<\/ul>\n<p data-start=\"1092\" data-end=\"1233\">Rehu sis\u00e4lt\u00e4\u00e4 my\u00f6s lis\u00e4aineita, kuten kuparia ja seleeni\u00e4 vahvan immuunij\u00e4rjestelm\u00e4n toiminnan varmistamiseksi sek\u00e4 aminohappoja lysiini\u00e4 ja metioniinia optimaalisen kasvun varmistamiseksi.<\/p>\n<h4 data-start=\"1235\" data-end=\"1255\">\ud83d\udce6 Pakkaus:<\/h4>\n<ul data-start=\"1256\" data-end=\"1320\">\n<li data-start=\"1256\" data-end=\"1269\">\n<p data-start=\"1258\" data-end=\"1269\">Paino: 20 kg<\/p>\n<\/li>\n<\/ul>\n<h4 data-start=\"1322\" data-end=\"1341\">\ud83d\udccc K\u00e4yt\u00e4:<\/h4>\n<p data-start=\"1342\" data-end=\"1465\">Tarjoa vapaa p\u00e4\u00e4sy 1. p\u00e4iv\u00e4st\u00e4 noin 6 viikon ik\u00e4\u00e4n asti. Muista, ett\u00e4 poikasilla on aina oltava saatavilla raikasta vett\u00e4. <\/p>\n<h4 data-start=\"1467\" data-end=\"1485\">\ud83d\udce6 Varastointi:<\/h4>\n<p data-start=\"1486\" data-end=\"1551\">S\u00e4ilyt\u00e4 kuivassa, pime\u00e4ss\u00e4 ja viile\u00e4ss\u00e4 paikassa &#8211; enint\u00e4\u00e4n normaalissa huoneenl\u00e4mm\u00f6ss\u00e4.<\/p>\n","protected":false},"excerpt":{"rendered":"<p>20kg kanan start &#8211; pellettirehu, valmistettu Ruotsissa. Chicken start on t\u00e4ysrehu 0-6 viikon ik\u00e4isille kanoille. Rikastettu korkea proteiinipitoisuus vain luonnontuotteista. Pelletti sis\u00e4lt\u00e4\u00e4: Vehn\u00e4\u00e4, kauraa.   <\/p>\n","protected":false},"featured_media":28330,"comment_status":"closed","ping_status":"closed","template":"","meta":{"_acf_changed":false},"product_brand":[],"product_cat":[129,112],"product_tag":[],"class_list":{"0":"post-28313","1":"product","2":"type-product","3":"status-publish","4":"has-post-thumbnail","6":"product_cat-kanojen-rehu-ja-ruoka","7":"product_cat-lintujen-ruokaa","9":"first","10":"instock","11":"taxable","12":"shipping-taxable","13":"purchasable","14":"product-type-simple"},"bundled_by":[],"bundle_stock_status":"instock","bundle_stock_quantity":5,"bundle_virtual":false,"bundle_layout":"","bundle_add_to_cart_form_location":"","bundle_editable_in_cart":false,"bundle_sold_individually_context":"","bundle_item_grouping":"","bundle_min_size":"","bundle_max_size":"","bundle_price":[],"bundled_items":[],"bundle_sell_ids":[],"acf":[],"_links":{"self":[{"href":"https:\/\/pippifoder.se\/fi\/wp-json\/wp\/v2\/product\/28313","targetHints":{"allow":["GET"]}}],"collection":[{"href":"https:\/\/pippifoder.se\/fi\/wp-json\/wp\/v2\/product"}],"about":[{"href":"https:\/\/pippifoder.se\/fi\/wp-json\/wp\/v2\/types\/product"}],"replies":[{"embeddable":true,"href":"https:\/\/pippifoder.se\/fi\/wp-json\/wp\/v2\/comments?post=28313"}],"wp:featuredmedia":[{"embeddable":true,"href":"https:\/\/pippifoder.se\/fi\/wp-json\/wp\/v2\/media\/28330"}],"wp:attachment":[{"href":"https:\/\/pippifoder.se\/fi\/wp-json\/wp\/v2\/media?parent=28313"}],"wp:term":[{"taxonomy":"product_brand","embeddable":true,"href":"https:\/\/pippifoder.se\/fi\/wp-json\/wp\/v2\/product_brand?post=28313"},{"taxonomy":"product_cat","embeddable":true,"href":"https:\/\/pippifoder.se\/fi\/wp-json\/wp\/v2\/product_cat?post=28313"},{"taxonomy":"product_tag","embeddable":true,"href":"https:\/\/pippifoder.se\/fi\/wp-json\/wp\/v2\/product_tag?post=28313"}],"curies":[{"name":"wp","href":"https:\/\/api.w.org\/{rel}","templated":true}]}}