{"id":28169,"date":"2025-07-25T18:57:16","date_gmt":"2025-07-25T16:57:16","guid":{"rendered":"https:\/\/pippifoder.se\/?post_type=product&#038;p=28169"},"modified":"2026-04-30T07:53:56","modified_gmt":"2026-04-30T05:53:56","slug":"lintujen-syottolaite-mutterit-suuri-3-kerrosta-ruostumaton-kopia-kopia-kopia-3","status":"publish","type":"product","link":"https:\/\/pippifoder.se\/fi\/tuote\/lintujen-ruokaa\/rasvasiemenseos\/lintujen-syottolaite-mutterit-suuri-3-kerrosta-ruostumaton-kopia-kopia-kopia-3\/","title":{"rendered":"Tallow cone luonnonvaraisten lintujen siemeni\u00e4"},"content":{"rendered":"<h4 data-start=\"661\" data-end=\"677\">Ominaisuudet:<\/h4>\n<ul data-start=\"678\" data-end=\"948\">\n<li data-start=\"678\" data-end=\"727\">\n<p data-start=\"680\" data-end=\"727\">Valmis ripustettava talikartio &#8211; helppo k\u00e4ytt\u00e4\u00e4<\/p>\n<\/li>\n<li data-start=\"728\" data-end=\"782\">\n<p data-start=\"730\" data-end=\"782\">Sis\u00e4lt\u00e4\u00e4 luonnonvaraisten lintujen siemeni\u00e4 ja rasvaa lis\u00e4energiaa varten.<\/p>\n<\/li>\n<li data-start=\"783\" data-end=\"850\">\n<p data-start=\"785\" data-end=\"850\">Ihanteellinen pienille linnuille, kuten suop\u00f6ll\u00f6lle, sinitiaiselle, pajulinnulle ja viherpeipolle.<\/p>\n<\/li>\n<li data-start=\"851\" data-end=\"892\">\n<p data-start=\"853\" data-end=\"892\">Luonnon kartio &#8211; ei tarvita muoviverkkoja<\/p>\n<\/li>\n<li data-start=\"893\" data-end=\"948\">\n<p data-start=\"895\" data-end=\"948\">Voidaan ripustaa suoraan puihin, pensaisiin tai lintup\u00f6ytiin.<\/p>\n<\/li>\n<\/ul>\n<p>&nbsp;<\/p>\n<p data-start=\"950\" data-end=\"1052\">T\u00e4ydellinen ymp\u00e4rivuotiseen ruokintaan ja erityisen arvostettu talvella, kun linnut tarvitsevat lis\u00e4energiaa.<\/p>\n","protected":false},"excerpt":{"rendered":"<p data-start=\"175\" data-end=\"519\">Anna puutarhasi pikkulinnuille ravitseva energianl\u00e4hde t\u00e4ll\u00e4 koristeellisella mokkakupilla, <strong data-start=\"247\" data-end=\"283\">joka on t\u00e4ynn\u00e4 luonnonvaraisten lintujen siemeni\u00e4.<\/strong> Imeskelyt\u00f6tter\u00f6 on valmis ripustettavaksi puihin, pensaisiin tai lintup\u00f6yd\u00e4lle &#8211; ilman verkkoja tai ylim\u00e4\u00e4r\u00e4isi\u00e4 pidikkeit\u00e4. Se on t\u00e4ynn\u00e4 korkealaatuisia siemeni\u00e4 ja rasvaa, jotka antavat linnuille elint\u00e4rke\u00e4\u00e4 energiaa kylmin\u00e4 talvip\u00e4ivin\u00e4 ja alkukev\u00e4\u00e4st\u00e4.  <\/p>\n<p data-start=\"521\" data-end=\"659\">Luonnollisen kartiomaisen muodon ansiosta lintujen on helppo tarttua siihen ja sy\u00f6d\u00e4 sit\u00e4, ja se on samalla vieh\u00e4tt\u00e4v\u00e4 ja luonnollinen yksityiskohta puutarhassa.<\/p>\n","protected":false},"featured_media":28173,"comment_status":"closed","ping_status":"closed","template":"","meta":{"_acf_changed":false},"product_brand":[],"product_cat":[126,112],"product_tag":[],"class_list":{"0":"post-28169","1":"product","2":"type-product","3":"status-publish","4":"has-post-thumbnail","6":"product_cat-rasvasiemenseos","7":"product_cat-lintujen-ruokaa","9":"first","10":"outofstock","11":"taxable","12":"shipping-taxable","13":"purchasable","14":"product-type-simple"},"bundled_by":["30024"],"bundle_stock_status":"outofstock","bundle_stock_quantity":0,"bundle_virtual":false,"bundle_layout":"","bundle_add_to_cart_form_location":"","bundle_editable_in_cart":false,"bundle_sold_individually_context":"","bundle_item_grouping":"","bundle_min_size":"","bundle_max_size":"","bundle_price":[],"bundled_items":[],"bundle_sell_ids":[],"acf":[],"_links":{"self":[{"href":"https:\/\/pippifoder.se\/fi\/wp-json\/wp\/v2\/product\/28169","targetHints":{"allow":["GET"]}}],"collection":[{"href":"https:\/\/pippifoder.se\/fi\/wp-json\/wp\/v2\/product"}],"about":[{"href":"https:\/\/pippifoder.se\/fi\/wp-json\/wp\/v2\/types\/product"}],"replies":[{"embeddable":true,"href":"https:\/\/pippifoder.se\/fi\/wp-json\/wp\/v2\/comments?post=28169"}],"wp:featuredmedia":[{"embeddable":true,"href":"https:\/\/pippifoder.se\/fi\/wp-json\/wp\/v2\/media\/28173"}],"wp:attachment":[{"href":"https:\/\/pippifoder.se\/fi\/wp-json\/wp\/v2\/media?parent=28169"}],"wp:term":[{"taxonomy":"product_brand","embeddable":true,"href":"https:\/\/pippifoder.se\/fi\/wp-json\/wp\/v2\/product_brand?post=28169"},{"taxonomy":"product_cat","embeddable":true,"href":"https:\/\/pippifoder.se\/fi\/wp-json\/wp\/v2\/product_cat?post=28169"},{"taxonomy":"product_tag","embeddable":true,"href":"https:\/\/pippifoder.se\/fi\/wp-json\/wp\/v2\/product_tag?post=28169"}],"curies":[{"name":"wp","href":"https:\/\/api.w.org\/{rel}","templated":true}]}}