{"id":28161,"date":"2025-07-25T18:52:55","date_gmt":"2025-07-25T18:52:55","guid":{"rendered":"https:\/\/pippifoder.se\/?post_type=product&#038;p=28161"},"modified":"2026-02-08T19:29:21","modified_gmt":"2026-02-08T19:29:21","slug":"lintujen-syottolaite-mutterit-suuri-3-kerrosta-ruostumaton-kopia-kopia-kopia-2","status":"publish","type":"product","link":"https:\/\/pippifoder.se\/fi\/tuote\/linnunpesa\/lintujen-syottolaite-mutterit-suuri-3-kerrosta-ruostumaton-kopia-kopia-kopia-2\/","title":{"rendered":"Polyresiinist\u00e4 valmistettu lintukoto, joka muistuttaa k\u00e4kikelloa."},"content":{"rendered":"<p>Pituus: 16,2cm<br \/>\nLeveys: 14,8cm<br \/>\nKorkeus: 27,8cm.<\/p>\n<h4 data-start=\"782\" data-end=\"798\">Ominaisuudet:<\/h4>\n<ul data-start=\"799\" data-end=\"1068\">\n<li data-start=\"799\" data-end=\"859\">\n<p data-start=\"801\" data-end=\"859\">Linnunp\u00f6ntt\u00f6, jossa on perinteisen k\u00e4kikellon kaltainen yksityiskohtainen muotoilu.<\/p>\n<\/li>\n<li data-start=\"860\" data-end=\"915\">\n<p data-start=\"862\" data-end=\"915\">Valmistettu kest\u00e4v\u00e4st\u00e4 ja s\u00e4\u00e4nkest\u00e4v\u00e4st\u00e4 polyresiinist\u00e4<\/p>\n<\/li>\n<li data-start=\"916\" data-end=\"972\">\n<p data-start=\"918\" data-end=\"972\">K\u00e4tev\u00e4 sis\u00e4\u00e4nk\u00e4ynti pienille linnuille, kuten sinitiaisille ja tiaisille.<\/p>\n<\/li>\n<li data-start=\"973\" data-end=\"1022\">\n<p data-start=\"975\" data-end=\"1022\">Helppo ripustaa sein\u00e4lle, puuhun tai pylv\u00e4\u00e4seen.<\/p>\n<\/li>\n<li data-start=\"1023\" data-end=\"1068\">\n<p data-start=\"1025\" data-end=\"1068\">Voidaan k\u00e4ytt\u00e4\u00e4 my\u00f6s puutarhan koristeena<\/p>\n<\/li>\n<\/ul>\n<p data-start=\"1070\" data-end=\"1183\">Sijoita pes\u00e4 rauhalliseen ja suojaisaan paikkaan, mieluiten 1,5-2 metrin korkeuteen, jotta pikkulinnuille syntyy turvallinen ymp\u00e4rist\u00f6.<\/p>\n","protected":false},"excerpt":{"rendered":"<p data-start=\"194\" data-end=\"534\">Lis\u00e4\u00e4 puutarhaan leikkis\u00e4 ja koristeellinen kosketus t\u00e4ll\u00e4 ainutlaatuisella <strong data-start=\"255\" data-end=\"280\">polyresiinisell\u00e4 linnunp\u00f6nt\u00f6ll\u00e4,<\/strong> joka on muotoiltu klassiseksi k\u00e4kikelloksi. Yksityiskohtainen muotoilu, jossa on kellotaulu, kattotiilet, pienet ikkunat ja hahmo sis\u00e4\u00e4nk\u00e4ynnin luona, tekee pes\u00e4st\u00e4 vieh\u00e4tt\u00e4v\u00e4n ja huomiota her\u00e4tt\u00e4v\u00e4n &#8211; samalla kun se tarjoaa pienille linnuille turvallisen pes\u00e4paikan.<\/p>\n<p data-start=\"536\" data-end=\"780\">Polyresiini on kest\u00e4v\u00e4 ja s\u00e4\u00e4nkest\u00e4v\u00e4 materiaali, joka kest\u00e4\u00e4 sadetta, aurinkoa ja kylm\u00e4\u00e4, joten se sopii erinomaisesti ymp\u00e4rivuotiseen k\u00e4ytt\u00f6\u00f6n. Se toimii yht\u00e4 hyvin linnunp\u00f6ntt\u00f6n\u00e4 kuin koristeellisena koristeena puutarhassa, parvekkeella tai terassilla. <\/p>\n","protected":false},"featured_media":28165,"comment_status":"closed","ping_status":"closed","template":"","meta":{"_acf_changed":false},"product_brand":[],"product_cat":[123,570],"product_tag":[],"class_list":{"0":"post-28161","1":"product","2":"type-product","3":"status-publish","4":"has-post-thumbnail","6":"product_cat-linnunpesa","7":"product_cat-joululahjaideoita-lintujen-ystaville-vuonna-2025","8":"product_group-traholk-bord","10":"first","11":"instock","12":"taxable","13":"shipping-taxable","14":"purchasable","15":"product-type-simple"},"bundled_by":[],"bundle_stock_status":"instock","bundle_stock_quantity":19,"bundle_virtual":false,"bundle_layout":"","bundle_add_to_cart_form_location":"","bundle_editable_in_cart":false,"bundle_sold_individually_context":"","bundle_item_grouping":"","bundle_min_size":"","bundle_max_size":"","bundle_price":[],"bundled_items":[],"bundle_sell_ids":[],"acf":[],"_links":{"self":[{"href":"https:\/\/pippifoder.se\/fi\/wp-json\/wp\/v2\/product\/28161","targetHints":{"allow":["GET"]}}],"collection":[{"href":"https:\/\/pippifoder.se\/fi\/wp-json\/wp\/v2\/product"}],"about":[{"href":"https:\/\/pippifoder.se\/fi\/wp-json\/wp\/v2\/types\/product"}],"replies":[{"embeddable":true,"href":"https:\/\/pippifoder.se\/fi\/wp-json\/wp\/v2\/comments?post=28161"}],"wp:featuredmedia":[{"embeddable":true,"href":"https:\/\/pippifoder.se\/fi\/wp-json\/wp\/v2\/media\/28165"}],"wp:attachment":[{"href":"https:\/\/pippifoder.se\/fi\/wp-json\/wp\/v2\/media?parent=28161"}],"wp:term":[{"taxonomy":"product_brand","embeddable":true,"href":"https:\/\/pippifoder.se\/fi\/wp-json\/wp\/v2\/product_brand?post=28161"},{"taxonomy":"product_cat","embeddable":true,"href":"https:\/\/pippifoder.se\/fi\/wp-json\/wp\/v2\/product_cat?post=28161"},{"taxonomy":"product_tag","embeddable":true,"href":"https:\/\/pippifoder.se\/fi\/wp-json\/wp\/v2\/product_tag?post=28161"}],"curies":[{"name":"wp","href":"https:\/\/api.w.org\/{rel}","templated":true}]}}