{"id":28152,"date":"2025-07-25T18:48:57","date_gmt":"2025-07-25T18:48:57","guid":{"rendered":"https:\/\/pippifoder.se\/?post_type=product&#038;p=28152"},"modified":"2025-08-22T11:59:42","modified_gmt":"2025-08-22T11:59:42","slug":"lintujen-syottolaite-mutterit-suuri-3-kerrosta-ruostumaton-kopia-kopia-kopia","status":"publish","type":"product","link":"https:\/\/pippifoder.se\/fi\/tuote\/lintujen-ruokinta\/lintujen-syottolaite-mutterit-suuri-3-kerrosta-ruostumaton-kopia-kopia-kopia\/","title":{"rendered":"XL-sy\u00f6tt\u00f6laite luonnonvaraisten lintujen siemeni\u00e4 varten"},"content":{"rendered":"<p>Pituus: 13cm<br \/>\nLeveys: 13cm<br \/>\nKorkeus: 55,5cm.<\/p>\n<h4 data-start=\"683\" data-end=\"699\">Ominaisuudet:<\/h4>\n<ul data-start=\"700\" data-end=\"1012\">\n<li data-start=\"700\" data-end=\"750\">\n<p data-start=\"702\" data-end=\"750\"><strong data-start=\"702\" data-end=\"720\">Suuri kapasiteetti &#8211;<\/strong> vaatii v\u00e4hemm\u00e4n t\u00e4ytt\u00f6j\u00e4<\/p>\n<\/li>\n<li data-start=\"751\" data-end=\"812\">\n<p data-start=\"753\" data-end=\"812\"><strong data-start=\"753\" data-end=\"773\">Useita ruokintapaikkoja &#8211;<\/strong> t\u00e4ydellinen useille linnuille kerralla<\/p>\n<\/li>\n<li data-start=\"813\" data-end=\"879\">\n<p data-start=\"815\" data-end=\"879\"><strong data-start=\"815\" data-end=\"834\">L\u00e4pin\u00e4kyv\u00e4 putki &#8211;<\/strong> helppo n\u00e4hd\u00e4, milloin on aika t\u00e4ytt\u00e4\u00e4 s\u00e4ili\u00f6.<\/p>\n<\/li>\n<li data-start=\"880\" data-end=\"943\">\n<p data-start=\"882\" data-end=\"943\"><strong data-start=\"882\" data-end=\"907\">S\u00e4\u00e4nkest\u00e4v\u00e4 muotoilu &#8211;<\/strong> suojaa vuorausta sateelta ja lumelta.<\/p>\n<\/li>\n<li data-start=\"944\" data-end=\"1012\">\n<p data-start=\"946\" data-end=\"1012\"><strong data-start=\"946\" data-end=\"967\">Helppo ripustaa &#8211;<\/strong> k\u00e4yt\u00e4nn\u00f6llinen metallikannatin koukulle tai oksalle.<\/p>\n<\/li>\n<\/ul>\n<p data-start=\"1014\" data-end=\"1162\">Sopii kaikkiin yleisiin luonnonvaraisten lintujen siemeniin, kuten auringonkukansiemeniin, <a href=\"https:\/\/pippifoder.se\/fi\/hampunsiemenet\/\">hampunsiemeniin ja<\/a> <a href=\"https:\/\/pippifoder.se\/fi\/wild-bird-mix\/\">siemenseoksiin.<\/a> Ihanteellinen ruokintaan lajeille, kuten huuhkajalle, sinitiaiselle, viherpeipolle ja puuvarpuselle. <\/p>\n","protected":false},"excerpt":{"rendered":"<p data-start=\"199\" data-end=\"465\">T\u00e4m\u00e4 <strong data-start=\"205\" data-end=\"242\">XL <a href=\"https:\/\/pippifoder.se\/fi\/lintujen-ruokaa\/\">-villiintyneiden lintujen siementen sy\u00f6tt\u00f6laite<\/a> on<\/strong> t\u00e4ydellinen niille, jotka haluavat houkutella monia pikkulintuja puutarhaan. Korkean ja kapean rakenteensa ansiosta siihen mahtuu runsaasti siemeni\u00e4, ja siin\u00e4 on useita ruokintapaikkoja, jolloin useat linnut voivat sy\u00f6d\u00e4 samanaikaisesti ilman kilpailua. <\/p>\n<p data-start=\"467\" data-end=\"681\">Annostelija on valmistettu kest\u00e4v\u00e4st\u00e4 muovista, siin\u00e4 on s\u00e4\u00e4nkest\u00e4v\u00e4 kansi ja vihre\u00e4 metallijalusta. L\u00e4pin\u00e4kyv\u00e4n putken avulla on helppo pit\u00e4\u00e4 silm\u00e4ll\u00e4 sy\u00f6tt\u00f6tasoa, ja t\u00e4ytt\u00f6 onnistuu helposti kantta nostamalla. <\/p>\n","protected":false},"featured_media":28156,"comment_status":"closed","ping_status":"closed","template":"","meta":{"_acf_changed":false},"product_brand":[],"product_cat":[174,171],"product_tag":[],"class_list":{"0":"post-28152","1":"product","2":"type-product","3":"status-publish","4":"has-post-thumbnail","6":"product_cat-lintujen-ruokinta","7":"product_cat-linnunsyottolaite-linnunsiemenia-varten","8":"product_group-traholk-bord","10":"first","11":"instock","12":"taxable","13":"shipping-taxable","14":"purchasable","15":"product-type-simple"},"bundled_by":[],"bundle_stock_status":"instock","bundle_stock_quantity":6,"bundle_virtual":false,"bundle_layout":"","bundle_add_to_cart_form_location":"","bundle_editable_in_cart":false,"bundle_sold_individually_context":"","bundle_item_grouping":"","bundle_min_size":"","bundle_max_size":"","bundle_price":[],"bundled_items":[],"bundle_sell_ids":[],"acf":[],"_links":{"self":[{"href":"https:\/\/pippifoder.se\/fi\/wp-json\/wp\/v2\/product\/28152","targetHints":{"allow":["GET"]}}],"collection":[{"href":"https:\/\/pippifoder.se\/fi\/wp-json\/wp\/v2\/product"}],"about":[{"href":"https:\/\/pippifoder.se\/fi\/wp-json\/wp\/v2\/types\/product"}],"replies":[{"embeddable":true,"href":"https:\/\/pippifoder.se\/fi\/wp-json\/wp\/v2\/comments?post=28152"}],"wp:featuredmedia":[{"embeddable":true,"href":"https:\/\/pippifoder.se\/fi\/wp-json\/wp\/v2\/media\/28156"}],"wp:attachment":[{"href":"https:\/\/pippifoder.se\/fi\/wp-json\/wp\/v2\/media?parent=28152"}],"wp:term":[{"taxonomy":"product_brand","embeddable":true,"href":"https:\/\/pippifoder.se\/fi\/wp-json\/wp\/v2\/product_brand?post=28152"},{"taxonomy":"product_cat","embeddable":true,"href":"https:\/\/pippifoder.se\/fi\/wp-json\/wp\/v2\/product_cat?post=28152"},{"taxonomy":"product_tag","embeddable":true,"href":"https:\/\/pippifoder.se\/fi\/wp-json\/wp\/v2\/product_tag?post=28152"}],"curies":[{"name":"wp","href":"https:\/\/api.w.org\/{rel}","templated":true}]}}