{"id":28144,"date":"2025-07-25T18:45:23","date_gmt":"2025-07-25T16:45:23","guid":{"rendered":"https:\/\/pippifoder.se\/?post_type=product&#038;p=28144"},"modified":"2026-03-01T18:36:47","modified_gmt":"2026-03-01T18:36:47","slug":"lintujen-syottolaite-mutterit-suuri-3-kerrosta-ruostumaton-kopia-kopia-3","status":"publish","type":"product","link":"https:\/\/pippifoder.se\/fi\/tuote\/lintujen-ruokinta\/lintujen-syottolaite-mutterit-suuri-3-kerrosta-ruostumaton-kopia-kopia-3\/","title":{"rendered":"XXL-sy\u00f6tt\u00f6laite luonnonvaraisten lintujen siemeni\u00e4 varten"},"content":{"rendered":"<p>Pituus: 23cm<br \/>\nLaajuus: 23cm<br \/>\nKorkeus: 44cm<\/p>\n<h4 data-start=\"674\" data-end=\"690\">Ominaisuudet:<\/h4>\n<ul data-start=\"691\" data-end=\"993\">\n<li data-start=\"691\" data-end=\"762\">\n<p data-start=\"693\" data-end=\"762\"><strong data-start=\"693\" data-end=\"717\">Eritt\u00e4in suuri kapasiteetti &#8211;<\/strong> mahtuu paljon siemeni\u00e4, joten t\u00e4ytt\u00f6j\u00e4 on v\u00e4hemm\u00e4n.<\/p>\n<\/li>\n<li data-start=\"763\" data-end=\"833\">\n<p data-start=\"765\" data-end=\"833\"><strong data-start=\"765\" data-end=\"799\">Useita ahvenia ja aukkoja &#8211;<\/strong> useampi lintu voi ruokkia yht\u00e4 aikaa.<\/p>\n<\/li>\n<li data-start=\"834\" data-end=\"874\">\n<p data-start=\"836\" data-end=\"874\"><strong data-start=\"836\" data-end=\"872\">Vankka ja s\u00e4\u00e4nkest\u00e4v\u00e4 rakenne<\/strong><\/p>\n<\/li>\n<li data-start=\"875\" data-end=\"918\">\n<p data-start=\"877\" data-end=\"918\"><strong data-start=\"877\" data-end=\"898\">Ker\u00e4ysastia<\/strong> roiskeiden v\u00e4hent<strong data-start=\"877\" data-end=\"898\">\u00e4miseksi<\/strong> <\/p>\n<\/li>\n<li data-start=\"919\" data-end=\"993\">\n<p data-start=\"921\" data-end=\"993\"><strong data-start=\"921\" data-end=\"950\">K\u00e4yt\u00e4nn\u00f6llinen ripustuslenkki, joka on<\/strong> helppo sijoittaa puihin tai koukkuihin.<\/p>\n<\/li>\n<\/ul>\n<p data-start=\"995\" data-end=\"1110\">Ihanteellinen pienten lintujen, kuten huuhkajan, sinitiaisen, pajulinnun ja viherpeipon ruokintaan auringonkukansiemenill\u00e4 tai luonnonvaraisten lintujen sekoituksilla.<\/p>\n","protected":false},"excerpt":{"rendered":"<p data-start=\"187\" data-end=\"415\">Houkuttele lis\u00e4\u00e4 pikkulintuja puutarhaan t\u00e4ll\u00e4 <strong data-start=\"234\" data-end=\"272\">XXL <a href=\"https:\/\/pippifoder.se\/fi\/lintujen-ruokaa\/\">-villiintyneiden lintujen siemenruokinnalla<\/a>.<\/strong> Suuren kokonsa ansiosta sit\u00e4 ei tarvitse t\u00e4ytt\u00e4\u00e4 niin usein, joten se sopii t\u00e4ydellisesti talveksi tai kiireiseen aikaan. <\/p>\n<p data-start=\"417\" data-end=\"672\">Ruokinta on varustettu useilla ahvenilla ja ruokinta-aukoilla, joiden ansiosta useat linnut voivat sy\u00f6d\u00e4 samanaikaisesti. Vihre\u00e4 metallikansi suojaa rehua sateelta ja lumelta, ja pohjassa oleva ker\u00e4ysalusta minimoi roiskeet ja tarjoaa linnuille lis\u00e4tilaa istua. <\/p>\n","protected":false},"featured_media":28148,"comment_status":"closed","ping_status":"closed","template":"","meta":{"_acf_changed":false},"product_brand":[],"product_cat":[174,171],"product_tag":[],"class_list":{"0":"post-28144","1":"product","2":"type-product","3":"status-publish","4":"has-post-thumbnail","6":"product_cat-lintujen-ruokinta","7":"product_cat-linnunsyottolaite-linnunsiemenia-varten","9":"first","10":"instock","11":"taxable","12":"shipping-taxable","13":"purchasable","14":"product-type-simple"},"bundled_by":[],"bundle_stock_status":"instock","bundle_stock_quantity":8,"bundle_virtual":false,"bundle_layout":"","bundle_add_to_cart_form_location":"","bundle_editable_in_cart":false,"bundle_sold_individually_context":"","bundle_item_grouping":"","bundle_min_size":"","bundle_max_size":"","bundle_price":[],"bundled_items":[],"bundle_sell_ids":[],"acf":[],"_links":{"self":[{"href":"https:\/\/pippifoder.se\/fi\/wp-json\/wp\/v2\/product\/28144","targetHints":{"allow":["GET"]}}],"collection":[{"href":"https:\/\/pippifoder.se\/fi\/wp-json\/wp\/v2\/product"}],"about":[{"href":"https:\/\/pippifoder.se\/fi\/wp-json\/wp\/v2\/types\/product"}],"replies":[{"embeddable":true,"href":"https:\/\/pippifoder.se\/fi\/wp-json\/wp\/v2\/comments?post=28144"}],"wp:featuredmedia":[{"embeddable":true,"href":"https:\/\/pippifoder.se\/fi\/wp-json\/wp\/v2\/media\/28148"}],"wp:attachment":[{"href":"https:\/\/pippifoder.se\/fi\/wp-json\/wp\/v2\/media?parent=28144"}],"wp:term":[{"taxonomy":"product_brand","embeddable":true,"href":"https:\/\/pippifoder.se\/fi\/wp-json\/wp\/v2\/product_brand?post=28144"},{"taxonomy":"product_cat","embeddable":true,"href":"https:\/\/pippifoder.se\/fi\/wp-json\/wp\/v2\/product_cat?post=28144"},{"taxonomy":"product_tag","embeddable":true,"href":"https:\/\/pippifoder.se\/fi\/wp-json\/wp\/v2\/product_tag?post=28144"}],"curies":[{"name":"wp","href":"https:\/\/api.w.org\/{rel}","templated":true}]}}