{"id":28135,"date":"2025-07-25T18:40:59","date_gmt":"2025-07-25T18:40:59","guid":{"rendered":"https:\/\/pippifoder.se\/?post_type=product&#038;p=28135"},"modified":"2026-04-15T13:00:09","modified_gmt":"2026-04-15T11:00:09","slug":"lintujen-syottolaite-mutterit-suuri-3-kerrosta-ruostumaton-kopia-kopia-2","status":"publish","type":"product","link":"https:\/\/pippifoder.se\/fi\/tuote\/lintujen-ruokinta\/lintujen-syottolaite-mutterit-suuri-3-kerrosta-ruostumaton-kopia-kopia-2\/","title":{"rendered":"Jauhomatojen ruokintakone"},"content":{"rendered":"<p>Pituus: 12,5cm<br \/>\nLeveys: 12,5cm<br \/>\nKorkeus: 22,5cm.<\/p>\n<h4 data-start=\"683\" data-end=\"699\">Ominaisuudet:<\/h4>\n<ul data-start=\"700\" data-end=\"950\">\n<li data-start=\"700\" data-end=\"749\">\n<p data-start=\"702\" data-end=\"749\">Suunniteltu erityisesti <a href=\"https:\/\/pippifoder.se\/fi\/jauhomato\/\">jauhomatojen ja<\/a> hy\u00f6nteisten ruokintaan.<\/p>\n<\/li>\n<li data-start=\"750\" data-end=\"801\">\n<p data-start=\"752\" data-end=\"801\">s\u00e4\u00e4nkest\u00e4v\u00e4t katot, jotka suojaavat sateelta ja lumelta.<\/p>\n<\/li>\n<li data-start=\"802\" data-end=\"836\">\n<p data-start=\"804\" data-end=\"836\">Helppo t\u00e4ytt\u00e4\u00e4 ja puhdistaa<\/p>\n<\/li>\n<li data-start=\"837\" data-end=\"904\">\n<p data-start=\"839\" data-end=\"904\">Tukeva metallinen kiinnike puihin, koukkuihin tai pylv\u00e4isiin ripustamista varten.<\/p>\n<\/li>\n<li data-start=\"905\" data-end=\"950\">\n<p data-start=\"907\" data-end=\"950\">Pit\u00e4\u00e4 rehun tuoreena ja minimoi roiskeet.<\/p>\n<\/li>\n<\/ul>\n<p data-start=\"952\" data-end=\"1128\">T\u00e4m\u00e4 sy\u00f6tt\u00f6laite on loistava lis\u00e4 <a href=\"https:\/\/pippifoder.se\/fi\/lintujen-ruokinta\/\">siemen- ja mokkapalloruokintalaitteisiin, ja<\/a> sen avulla on mahdollista tarjota puutarhan linnuille laajempi ja ravinteikkaampi ravintovalikoima.<\/p>\n","protected":false},"excerpt":{"rendered":"<p data-start=\"186\" data-end=\"439\">T\u00e4ll\u00e4 k\u00e4tev\u00e4ll\u00e4 <strong data-start=\"206\" data-end=\"235\"> <a href=\"https:\/\/pippifoder.se\/fi\/jauhomato\/\">jauhomatosy\u00f6tt\u00f6laitteella<\/a><\/strong> voit helposti ruokkia hy\u00f6nteissy\u00f6ji\u00e4 <strong data-start=\"206\" data-end=\"235\">,<\/strong> kuten punarintoja, r\u00e4k\u00e4ttirastas ja mustap\u00e4\u00e4kerttuja. \u00c4lykk\u00e4\u00e4n katon ansiosta ruokintalaite on automaattisesti suojattu sateelta ja lumelta, joten ruoka s\u00e4ilyy tuoreena pidemp\u00e4\u00e4n ja vuotoja tulee v\u00e4hemm\u00e4n. <\/p>\n<p data-start=\"441\" data-end=\"681\">Pohjan l\u00e4hell\u00e4 olevien aukkojen ansiosta lintujen on helppo poimia jauhomatoja ja muuta proteiinipitoista rehua suoraan annostelijasta. Vankka metalli- ja muovirakenne tekee siit\u00e4 s\u00e4\u00e4nkest\u00e4v\u00e4n ja kest\u00e4v\u00e4n ymp\u00e4rivuotiseen k\u00e4ytt\u00f6\u00f6n. <\/p>\n","protected":false},"featured_media":28139,"comment_status":"closed","ping_status":"closed","template":"","meta":{"_acf_changed":false},"product_brand":[],"product_cat":[174],"product_tag":[],"class_list":{"0":"post-28135","1":"product","2":"type-product","3":"status-publish","4":"has-post-thumbnail","6":"product_cat-lintujen-ruokinta","8":"first","9":"instock","10":"taxable","11":"shipping-taxable","12":"purchasable","13":"product-type-simple"},"bundled_by":[],"bundle_stock_status":"instock","bundle_stock_quantity":21,"bundle_virtual":false,"bundle_layout":"","bundle_add_to_cart_form_location":"","bundle_editable_in_cart":false,"bundle_sold_individually_context":"","bundle_item_grouping":"","bundle_min_size":"","bundle_max_size":"","bundle_price":[],"bundled_items":[],"bundle_sell_ids":[],"acf":[],"_links":{"self":[{"href":"https:\/\/pippifoder.se\/fi\/wp-json\/wp\/v2\/product\/28135","targetHints":{"allow":["GET"]}}],"collection":[{"href":"https:\/\/pippifoder.se\/fi\/wp-json\/wp\/v2\/product"}],"about":[{"href":"https:\/\/pippifoder.se\/fi\/wp-json\/wp\/v2\/types\/product"}],"replies":[{"embeddable":true,"href":"https:\/\/pippifoder.se\/fi\/wp-json\/wp\/v2\/comments?post=28135"}],"wp:featuredmedia":[{"embeddable":true,"href":"https:\/\/pippifoder.se\/fi\/wp-json\/wp\/v2\/media\/28139"}],"wp:attachment":[{"href":"https:\/\/pippifoder.se\/fi\/wp-json\/wp\/v2\/media?parent=28135"}],"wp:term":[{"taxonomy":"product_brand","embeddable":true,"href":"https:\/\/pippifoder.se\/fi\/wp-json\/wp\/v2\/product_brand?post=28135"},{"taxonomy":"product_cat","embeddable":true,"href":"https:\/\/pippifoder.se\/fi\/wp-json\/wp\/v2\/product_cat?post=28135"},{"taxonomy":"product_tag","embeddable":true,"href":"https:\/\/pippifoder.se\/fi\/wp-json\/wp\/v2\/product_tag?post=28135"}],"curies":[{"name":"wp","href":"https:\/\/api.w.org\/{rel}","templated":true}]}}