{"id":28126,"date":"2025-07-25T18:36:11","date_gmt":"2025-07-25T16:36:11","guid":{"rendered":"https:\/\/pippifoder.se\/?post_type=product&#038;p=28126"},"modified":"2026-02-27T09:01:24","modified_gmt":"2026-02-27T09:01:24","slug":"lintujen-syottolaite-mutterit-suuri-3-kerrosta-ruostumaton-kopia-kopia","status":"publish","type":"product","link":"https:\/\/pippifoder.se\/fi\/tuote\/lintujen-ruokinta\/lintujen-syottolaite-mutterit-suuri-3-kerrosta-ruostumaton-kopia-kopia\/","title":{"rendered":"XXL-p\u00e4hkin\u00f6iden sy\u00f6tt\u00f6laite p\u00e4hkin\u00f6ille"},"content":{"rendered":"<p>Pituus: 23cm<br \/>\nLaajuus: 23cm<br \/>\nKorkeus: 44cm<\/p>\n<h4 data-start=\"725\" data-end=\"741\">Ominaisuudet:<\/h4>\n<ul data-start=\"742\" data-end=\"1116\">\n<li data-start=\"742\" data-end=\"814\">\n<p data-start=\"744\" data-end=\"814\"><strong data-start=\"744\" data-end=\"774\">Suunniteltu erityisesti p\u00e4hkin\u00f6ille &#8211;<\/strong> esim. maap\u00e4hkin\u00f6ille tai <a href=\"https:\/\/pippifoder.se\/fi\/maapahkinat\/\">hasselp\u00e4hkin\u00f6ille<\/a>.<\/p>\n<\/li>\n<li data-start=\"815\" data-end=\"868\">\n<p data-start=\"817\" data-end=\"868\"><strong data-start=\"817\" data-end=\"835\">Suuri kapasiteetti &#8211;<\/strong> t\u00e4ytet\u00e4\u00e4n harvemmin.<\/p>\n<\/li>\n<li data-start=\"869\" data-end=\"931\">\n<p data-start=\"871\" data-end=\"931\"><strong data-start=\"871\" data-end=\"884\">Metalliverkko, jonka<\/strong> ansiosta linnut p\u00e4\u00e4sev\u00e4t helposti rehuun.<\/p>\n<\/li>\n<li data-start=\"932\" data-end=\"973\">\n<p data-start=\"934\" data-end=\"973\"><strong data-start=\"934\" data-end=\"957\">S\u00e4\u00e4nkest\u00e4v\u00e4 suojus<\/strong> vihre\u00e4\u00e4 metallia<\/p>\n<\/li>\n<li data-start=\"974\" data-end=\"1041\">\n<p data-start=\"976\" data-end=\"1041\"><strong data-start=\"976\" data-end=\"997\">Ker\u00e4ysalusta<\/strong> v\u00e4hent\u00e4\u00e4 roiskeita ja tarjoaa ylim\u00e4\u00e4r\u00e4ist\u00e4 istumapaikkaa.<\/p>\n<\/li>\n<li data-start=\"1042\" data-end=\"1116\">\n<p data-start=\"1044\" data-end=\"1116\"><strong data-start=\"1044\" data-end=\"1073\">K\u00e4yt\u00e4nn\u00f6llinen ripustuslenkki, joka on<\/strong> helppo kiinnitt\u00e4\u00e4 puihin tai koukkuihin.<\/p>\n<\/li>\n<\/ul>\n<p data-start=\"1118\" data-end=\"1199\">Soveltuu monille luonnonvaraisille lintulajeille, kuten lokkilinnulle, p\u00e4hkin\u00e4hakille, viherpeipolle ja kirjosiepolle.<\/p>\n","protected":false},"excerpt":{"rendered":"<p data-start=\"191\" data-end=\"552\">Anna puutarhan linnuillesi runsas ja ravinteikas ateria t\u00e4ll\u00e4 <strong data-start=\"258\" data-end=\"289\">XXL-p\u00e4hkin\u00e4sy\u00f6tt\u00f6laitteella.<\/strong> Eritt\u00e4in suuren tilavuuden ansiosta sit\u00e4 ei tarvitse t\u00e4ytt\u00e4\u00e4 yht\u00e4 usein, joten se sopii erinomaisesti talveksi tai ajanjaksoiksi, jolloin lintuja k\u00e4y paljon. Metalliverkolla varustetun sylinterim\u00e4isen muotoilun ansiosta lintujen on helppo tarttua <a href=\"https:\/\/pippifoder.se\/fi\/maapahkinat\/\">p\u00e4hkin\u00f6ihin ja nokkia niit\u00e4 joka puolelta<\/a>.<\/p>\n<p data-start=\"554\" data-end=\"723\">Vihre\u00e4ksi maalattu kansi suojaa rehua sateelta ja lumelta, ja pohjassa oleva tukeva ker\u00e4ysalusta ker\u00e4\u00e4 mahdolliset roiskeet ja tarjoaa linnuille mukavan laskeutumisalustan.<\/p>\n","protected":false},"featured_media":28130,"comment_status":"closed","ping_status":"closed","template":"","meta":{"_acf_changed":false},"product_brand":[],"product_cat":[174,570,166],"product_tag":[],"class_list":{"0":"post-28126","1":"product","2":"type-product","3":"status-publish","4":"has-post-thumbnail","6":"product_cat-lintujen-ruokinta","7":"product_cat-joululahjaideoita-lintujen-ystaville-vuonna-2025","8":"product_cat-lintujen-syottolaitteita-pahkinoita-varten","10":"first","11":"instock","12":"taxable","13":"shipping-taxable","14":"purchasable","15":"product-type-simple"},"bundled_by":[],"bundle_stock_status":"instock","bundle_stock_quantity":34,"bundle_virtual":false,"bundle_layout":"","bundle_add_to_cart_form_location":"","bundle_editable_in_cart":false,"bundle_sold_individually_context":"","bundle_item_grouping":"","bundle_min_size":"","bundle_max_size":"","bundle_price":[],"bundled_items":[],"bundle_sell_ids":[],"acf":[],"_links":{"self":[{"href":"https:\/\/pippifoder.se\/fi\/wp-json\/wp\/v2\/product\/28126","targetHints":{"allow":["GET"]}}],"collection":[{"href":"https:\/\/pippifoder.se\/fi\/wp-json\/wp\/v2\/product"}],"about":[{"href":"https:\/\/pippifoder.se\/fi\/wp-json\/wp\/v2\/types\/product"}],"replies":[{"embeddable":true,"href":"https:\/\/pippifoder.se\/fi\/wp-json\/wp\/v2\/comments?post=28126"}],"wp:featuredmedia":[{"embeddable":true,"href":"https:\/\/pippifoder.se\/fi\/wp-json\/wp\/v2\/media\/28130"}],"wp:attachment":[{"href":"https:\/\/pippifoder.se\/fi\/wp-json\/wp\/v2\/media?parent=28126"}],"wp:term":[{"taxonomy":"product_brand","embeddable":true,"href":"https:\/\/pippifoder.se\/fi\/wp-json\/wp\/v2\/product_brand?post=28126"},{"taxonomy":"product_cat","embeddable":true,"href":"https:\/\/pippifoder.se\/fi\/wp-json\/wp\/v2\/product_cat?post=28126"},{"taxonomy":"product_tag","embeddable":true,"href":"https:\/\/pippifoder.se\/fi\/wp-json\/wp\/v2\/product_tag?post=28126"}],"curies":[{"name":"wp","href":"https:\/\/api.w.org\/{rel}","templated":true}]}}