{"id":28079,"date":"2025-07-23T19:19:38","date_gmt":"2025-07-23T19:19:38","guid":{"rendered":"https:\/\/pippifoder.se\/?post_type=product&#038;p=28079"},"modified":"2026-04-15T13:00:13","modified_gmt":"2026-04-15T11:00:13","slug":"lintujen-syottolaite-mutterit-suuri-3-kerrosta-ruostumaton-kopia-3","status":"publish","type":"product","link":"https:\/\/pippifoder.se\/fi\/tuote\/lintujen-ruokinta\/lintujen-syottolaite-mutterit-suuri-3-kerrosta-ruostumaton-kopia-3\/","title":{"rendered":"XXL-sy\u00f6tt\u00f6laite talipalloja varten"},"content":{"rendered":"<p>Pituus: 23cm<br \/>\nLaajuus: 23cm<br \/>\nKorkeus: 44cm<\/p>\n<h4 data-start=\"698\" data-end=\"714\">Ominaisuudet:<\/h4>\n<ul data-start=\"715\" data-end=\"1048\">\n<li data-start=\"715\" data-end=\"785\">\n<p data-start=\"717\" data-end=\"785\"><strong data-start=\"717\" data-end=\"754\">S\u00e4ilytt\u00e4\u00e4 monta talipalloa kerralla &#8211;<\/strong> t\u00e4ydellinen talvitarpeisiin.<\/p>\n<\/li>\n<li data-start=\"786\" data-end=\"855\">\n<p data-start=\"788\" data-end=\"855\"><strong data-start=\"788\" data-end=\"808\">Vahva metalliverkko antaa<\/strong> linnuille hyv\u00e4n otteen ja helpon p\u00e4\u00e4syn.<\/p>\n<\/li>\n<li data-start=\"856\" data-end=\"905\">\n<p data-start=\"858\" data-end=\"905\"><strong data-start=\"858\" data-end=\"881\">S\u00e4\u00e4nkest\u00e4v\u00e4 suojus<\/strong> vihre\u00e4ksi emaloitua metallia<\/p>\n<\/li>\n<li data-start=\"906\" data-end=\"979\">\n<p data-start=\"908\" data-end=\"979\"><strong data-start=\"908\" data-end=\"929\">Ker\u00e4yslokero ker\u00e4\u00e4<\/strong> ruokaj\u00e4tteet ja tarjoaa ylim\u00e4\u00e4r\u00e4ist\u00e4 laskutilaa.<\/p>\n<\/li>\n<li data-start=\"980\" data-end=\"1048\">\n<p data-start=\"982\" data-end=\"1048\"><strong data-start=\"982\" data-end=\"1007\">Suuri ripustuslenkki &#8211;<\/strong> helppo ripustaa puihin tai koukkuihin.<\/p>\n<\/li>\n<\/ul>\n<p data-start=\"1050\" data-end=\"1218\">T\u00e4yt\u00e4 annostelija rasva- ja energiapitoisilla mokkapalloilla ja tarjoa linnuille ravinnonl\u00e4hde kylmin\u00e4 kuukausina. Sopii esimerkiksi harmaap\u00e4\u00e4tikkaalle, sinitiaiselle, p\u00e4hkin\u00e4pensaslinnulle ja isosy\u00f6tik\u00e4lle. <\/p>\n<p>&nbsp;<\/p>\n<p data-start=\"1225\" data-end=\"1339\"><strong data-start=\"1225\" data-end=\"1234\">Vinkki: Yhdist\u00e4<\/strong> <a href=\"https:\/\/pippifoder.se\/fi\/lintujen-ruokinta\/\">siemenannostelijoiden ja<\/a> <a href=\"https:\/\/pippifoder.se\/fi\/linnunpesa\/\">linnunp\u00f6ntt\u00f6jen kanssa , niin luot<\/a> kokonaisen keidas puutarhan linnuille ymp\u00e4ri vuoden.<\/p>\n","protected":false},"excerpt":{"rendered":"<p data-start=\"210\" data-end=\"524\">T\u00e4m\u00e4 <strong data-start=\"216\" data-end=\"236\">XXL-sy\u00f6tt\u00f6laite on<\/strong> suunniteltu erityisesti niin, ett\u00e4 siihen mahtuu monta <a href=\"https:\/\/pippifoder.se\/fi\/tallapallot-pienille-linnuille\/\">mokkapalloa kerralla<\/a> &#8211; t\u00e4ydellinen niille, jotka haluavat houkutella enemm\u00e4n pikkulintuja puutarhaan ilman, ett\u00e4 niit\u00e4 tarvitsee t\u00e4ytt\u00e4\u00e4 yht\u00e4 usein. Lieri\u00f6m\u00e4isen metalliverkkomallin ansiosta linnut voivat helposti kiivet\u00e4 koko annostelijan ymp\u00e4ri ja saada ruokaa joka puolelta. <\/p>\n<p data-start=\"526\" data-end=\"696\">S\u00e4\u00e4nkest\u00e4v\u00e4 vihre\u00e4 katto pit\u00e4\u00e4 rehun kuivempana pidemp\u00e4\u00e4n, ja pohjassa oleva tukeva ker\u00e4ysastia minimoi roiskeet ja antaa linnuille lis\u00e4\u00e4 istumatilaa.<\/p>\n","protected":false},"featured_media":28083,"comment_status":"closed","ping_status":"closed","template":"","meta":{"_acf_changed":false},"product_brand":[],"product_cat":[174,570,708,182],"product_tag":[],"class_list":{"0":"post-28079","1":"product","2":"type-product","3":"status-publish","4":"has-post-thumbnail","6":"product_cat-lintujen-ruokinta","7":"product_cat-joululahjaideoita-lintujen-ystaville-vuonna-2025","8":"product_cat-lintujen-syottolaite-mokkapalloja-varten","9":"product_cat-tallapallot-pienille-linnuille","11":"first","12":"instock","13":"taxable","14":"shipping-taxable","15":"purchasable","16":"product-type-simple"},"bundled_by":[],"bundle_stock_status":"instock","bundle_stock_quantity":35,"bundle_virtual":false,"bundle_layout":"","bundle_add_to_cart_form_location":"","bundle_editable_in_cart":false,"bundle_sold_individually_context":"","bundle_item_grouping":"","bundle_min_size":"","bundle_max_size":"","bundle_price":[],"bundled_items":[],"bundle_sell_ids":[],"acf":[],"_links":{"self":[{"href":"https:\/\/pippifoder.se\/fi\/wp-json\/wp\/v2\/product\/28079","targetHints":{"allow":["GET"]}}],"collection":[{"href":"https:\/\/pippifoder.se\/fi\/wp-json\/wp\/v2\/product"}],"about":[{"href":"https:\/\/pippifoder.se\/fi\/wp-json\/wp\/v2\/types\/product"}],"replies":[{"embeddable":true,"href":"https:\/\/pippifoder.se\/fi\/wp-json\/wp\/v2\/comments?post=28079"}],"wp:featuredmedia":[{"embeddable":true,"href":"https:\/\/pippifoder.se\/fi\/wp-json\/wp\/v2\/media\/28083"}],"wp:attachment":[{"href":"https:\/\/pippifoder.se\/fi\/wp-json\/wp\/v2\/media?parent=28079"}],"wp:term":[{"taxonomy":"product_brand","embeddable":true,"href":"https:\/\/pippifoder.se\/fi\/wp-json\/wp\/v2\/product_brand?post=28079"},{"taxonomy":"product_cat","embeddable":true,"href":"https:\/\/pippifoder.se\/fi\/wp-json\/wp\/v2\/product_cat?post=28079"},{"taxonomy":"product_tag","embeddable":true,"href":"https:\/\/pippifoder.se\/fi\/wp-json\/wp\/v2\/product_tag?post=28079"}],"curies":[{"name":"wp","href":"https:\/\/api.w.org\/{rel}","templated":true}]}}