{"id":28071,"date":"2025-07-23T19:13:16","date_gmt":"2025-07-23T17:13:16","guid":{"rendered":"https:\/\/pippifoder.se\/?post_type=product&#038;p=28071"},"modified":"2026-04-15T13:00:10","modified_gmt":"2026-04-15T11:00:10","slug":"lintujen-syottolaite-mutterit-suuri-3-kerrosta-ruostumaton-kopia-2","status":"publish","type":"product","link":"https:\/\/pippifoder.se\/fi\/tuote\/lintujen-ruokinta\/lintujen-syottolaite-mutterit-suuri-3-kerrosta-ruostumaton-kopia-2\/","title":{"rendered":"XXL 3-in-1-linturuokinta luonnonvaraisten lintujen siemenille, mokkapalloille ja p\u00e4hkin\u00f6ille."},"content":{"rendered":"<p>Pituus: 23cm<br \/>\nLaajuus: 23cm<br \/>\nKorkeus: 44cm<\/p>\n<h4 data-start=\"738\" data-end=\"754\">Ominaisuudet:<\/h4>\n<ul data-start=\"755\" data-end=\"1117\">\n<li data-start=\"755\" data-end=\"814\">\n<p data-start=\"757\" data-end=\"814\"><strong data-start=\"757\" data-end=\"775\">3-in-1-toiminto:<\/strong> siemenille, maap\u00e4hkin\u00f6ille ja talipalloille.<\/p>\n<\/li>\n<li data-start=\"815\" data-end=\"872\">\n<p data-start=\"817\" data-end=\"872\"><strong data-start=\"817\" data-end=\"835\">Suuri kapasiteetti &#8211;<\/strong> ei tarvitse t\u00e4ytt\u00e4\u00e4 niin usein uudelleen.<\/p>\n<\/li>\n<li data-start=\"873\" data-end=\"931\">\n<p data-start=\"875\" data-end=\"931\"><strong data-start=\"875\" data-end=\"910\">Vakaa ja kest\u00e4v\u00e4 metalli-<\/strong> ja <strong data-start=\"875\" data-end=\"910\">muovirakenne<\/strong> <\/p>\n<\/li>\n<li data-start=\"932\" data-end=\"974\">\n<p data-start=\"934\" data-end=\"974\"><strong data-start=\"934\" data-end=\"972\">Irrotettava yl\u00e4osa helppoa t\u00e4ytt\u00f6\u00e4 varten<\/strong><\/p>\n<\/li>\n<li data-start=\"975\" data-end=\"1048\">\n<p data-start=\"977\" data-end=\"1048\"><strong data-start=\"977\" data-end=\"998\">Ker\u00e4ysalusta, joka<\/strong> ker\u00e4\u00e4 siemeni\u00e4 ja tarjoaa ylim\u00e4\u00e4r\u00e4ist\u00e4 istumapaikkaa.<\/p>\n<\/li>\n<li data-start=\"1049\" data-end=\"1117\">\n<p data-start=\"1051\" data-end=\"1117\">K\u00e4yt\u00e4nn\u00f6llinen <strong data-start=\"1060\" data-end=\"1080\">ripustuskoukku &#8211;<\/strong> roikkuu puusta, koukusta tai tolpasta.<\/p>\n<\/li>\n<\/ul>\n<p data-start=\"1119\" data-end=\"1284\">Ruokinta tarjoaa pienille linnuille, kuten huuhkajalle, sinitiaiselle, p\u00e4hkin\u00e4hakille, pajutiaiselle ja viherpeipposelle, monipuolisen ruokavalion, joka sopii erinomaisesti lintujen el\u00e4m\u00e4n tukemiseen kaikkina vuodenaikoina.<\/p>\n","protected":false},"excerpt":{"rendered":"<p data-start=\"260\" data-end=\"571\">T\u00e4m\u00e4 suuri ja \u00e4lykk\u00e4\u00e4sti muotoiltu <strong data-start=\"292\" data-end=\"321\">XXL-linturuokinta on<\/strong> t\u00e4ydellinen valinta niille, jotka haluavat tarjota useita erilaisia lintujen ruokia samassa paikassa. Kolme erillist\u00e4 lokeroa &#8211; yksi <a href=\"https:\/\/pippifoder.se\/fi\/auringonkukansiemenet-linnuille\/\">luonnonvaraisten lintujen siemenille,<\/a> yksi p\u00e4hkin\u00f6ille <a href=\"https:\/\/pippifoder.se\/fi\/maapahkinat\/\">ja yksi<\/a> <a href=\"https:\/\/pippifoder.se\/fi\/tallapallot-pienille-linnuille\/\">mokkapalloille &#8211; houkuttelevat<\/a> monenlaisia lintulajeja puutarhaan ymp\u00e4ri vuoden. <\/p>\n<p data-start=\"573\" data-end=\"736\">Valmistettu kest\u00e4v\u00e4st\u00e4 metalliverkosta ja muovista, jossa on s\u00e4\u00e4nkest\u00e4v\u00e4 vihre\u00e4 yl\u00e4osa ja alareunassa ker\u00e4ysastia, joka v\u00e4hent\u00e4\u00e4 vuotoja ja tarjoaa linnuille mukavan istumapaikan.<\/p>\n","protected":false},"featured_media":28075,"comment_status":"closed","ping_status":"closed","template":"","meta":{"_acf_changed":false},"product_brand":[],"product_cat":[174,570,708,166],"product_tag":[],"class_list":{"0":"post-28071","1":"product","2":"type-product","3":"status-publish","4":"has-post-thumbnail","6":"product_cat-lintujen-ruokinta","7":"product_cat-joululahjaideoita-lintujen-ystaville-vuonna-2025","8":"product_cat-lintujen-syottolaite-mokkapalloja-varten","9":"product_cat-lintujen-syottolaitteita-pahkinoita-varten","11":"first","12":"instock","13":"taxable","14":"shipping-taxable","15":"purchasable","16":"product-type-simple"},"bundled_by":[],"bundle_stock_status":"instock","bundle_stock_quantity":49,"bundle_virtual":false,"bundle_layout":"","bundle_add_to_cart_form_location":"","bundle_editable_in_cart":false,"bundle_sold_individually_context":"","bundle_item_grouping":"","bundle_min_size":"","bundle_max_size":"","bundle_price":[],"bundled_items":[],"bundle_sell_ids":[],"acf":[],"_links":{"self":[{"href":"https:\/\/pippifoder.se\/fi\/wp-json\/wp\/v2\/product\/28071","targetHints":{"allow":["GET"]}}],"collection":[{"href":"https:\/\/pippifoder.se\/fi\/wp-json\/wp\/v2\/product"}],"about":[{"href":"https:\/\/pippifoder.se\/fi\/wp-json\/wp\/v2\/types\/product"}],"replies":[{"embeddable":true,"href":"https:\/\/pippifoder.se\/fi\/wp-json\/wp\/v2\/comments?post=28071"}],"wp:featuredmedia":[{"embeddable":true,"href":"https:\/\/pippifoder.se\/fi\/wp-json\/wp\/v2\/media\/28075"}],"wp:attachment":[{"href":"https:\/\/pippifoder.se\/fi\/wp-json\/wp\/v2\/media?parent=28071"}],"wp:term":[{"taxonomy":"product_brand","embeddable":true,"href":"https:\/\/pippifoder.se\/fi\/wp-json\/wp\/v2\/product_brand?post=28071"},{"taxonomy":"product_cat","embeddable":true,"href":"https:\/\/pippifoder.se\/fi\/wp-json\/wp\/v2\/product_cat?post=28071"},{"taxonomy":"product_tag","embeddable":true,"href":"https:\/\/pippifoder.se\/fi\/wp-json\/wp\/v2\/product_tag?post=28071"}],"curies":[{"name":"wp","href":"https:\/\/api.w.org\/{rel}","templated":true}]}}