{"id":27932,"date":"2025-07-18T18:52:07","date_gmt":"2025-07-18T16:52:07","guid":{"rendered":"https:\/\/pippifoder.se\/?post_type=product&#038;p=27932"},"modified":"2026-02-08T19:29:30","modified_gmt":"2026-02-08T19:29:30","slug":"lintujen-syottolaite-mutterit-suuri-3-kerrosta-ruostumaton-kopia","status":"publish","type":"product","link":"https:\/\/pippifoder.se\/fi\/tuote\/lintujen-ruokinta\/lintujen-syottolaite-mutterit-suuri-3-kerrosta-ruostumaton-kopia\/","title":{"rendered":"Lintujen sy\u00f6tt\u00f6laite imukupilla ikkunoihin"},"content":{"rendered":"<h4 data-start=\"414\" data-end=\"437\">T\u00e4rkeimm\u00e4t ominaisuudet<\/h4>\n<ul data-start=\"438\" data-end=\"899\">\n<li data-start=\"438\" data-end=\"514\">\n<p data-start=\"440\" data-end=\"514\"><strong data-start=\"440\" data-end=\"462\">Kristallinkirkas akryyli &#8211;<\/strong> UV-kest\u00e4v\u00e4, naarmuuntumaton ja huomaamaton ikkunaa vasten.<\/p>\n<\/li>\n<li data-start=\"515\" data-end=\"598\">\n<p data-start=\"517\" data-end=\"598\"><strong data-start=\"517\" data-end=\"544\">Kolme kest\u00e4v\u00e4\u00e4 imutyyny\u00e4 &#8211;<\/strong> turvallinen kiinnitys, joka pit\u00e4\u00e4 kiinni my\u00f6s tuulessa ja m\u00e4riss\u00e4 olosuhteissa.<\/p>\n<\/li>\n<li data-start=\"599\" data-end=\"669\">\n<p data-start=\"601\" data-end=\"669\"><strong data-start=\"601\" data-end=\"627\">Avoin etuosa ja istuimen reuna &#8211;<\/strong> helppo p\u00e4\u00e4sy tiaisille, finkuille jne.<\/p>\n<\/li>\n<li data-start=\"670\" data-end=\"754\">\n<p data-start=\"672\" data-end=\"754\"><strong data-start=\"672\" data-end=\"695\">Tilava siemens\u00e4ili\u00f6 &#8211;<\/strong> sopii <a href=\"https:\/\/pippifoder.se\/fi\/auringonkukansiemenet-linnuille\/\">auringonkukansiemenille,<\/a> <a href=\"https:\/\/pippifoder.se\/fi\/maapahkinat\/\">maap\u00e4hkin\u00f6ille,<\/a> <a href=\"https:\/\/pippifoder.se\/fi\/wild-bird-mix\/\">lintusekoitukselle jne.<\/a> <\/p>\n<\/li>\n<li data-start=\"755\" data-end=\"836\">\n<p data-start=\"757\" data-end=\"836\"><strong data-start=\"757\" data-end=\"777\">Helppo t\u00e4ytt\u00f6 &#8211;<\/strong> nosta sy\u00f6tt\u00f6laite ikkunasta tai t\u00e4yt\u00e4 suoraan ylh\u00e4\u00e4lt\u00e4 k\u00e4sin<\/p>\n<\/li>\n<li data-start=\"837\" data-end=\"899\">\n<p data-start=\"839\" data-end=\"899\">Pohjassa <strong data-start=\"839\" data-end=\"856\">olevat tyhjennysaukot<\/strong> v\u00e4hent\u00e4v\u00e4t kosteuden ja homeen riski\u00e4.<\/p>\n<\/li>\n<\/ul>\n<h4 data-start=\"901\" data-end=\"942\">Miksi sinun pit\u00e4isi valita ikkunasy\u00f6tt\u00f6laite<\/h4>\n<ul data-start=\"943\" data-end=\"1268\">\n<li data-start=\"943\" data-end=\"1055\">\n<p data-start=\"945\" data-end=\"1055\"><strong data-start=\"945\" data-end=\"967\">Suurin mahdollinen l\u00e4heisyys:<\/strong> Ihanteellinen lapsille, lemmikeille ja kaikille, jotka haluavat tutkia lintujen k\u00e4ytt\u00e4ytymist\u00e4 l\u00e4helt\u00e4.<\/p>\n<\/li>\n<li data-start=\"1056\" data-end=\"1148\">\n<p data-start=\"1058\" data-end=\"1148\"><strong data-start=\"1058\" data-end=\"1077\">Turvallinen sijoittaminen:<\/strong> Korkeammalla lasin p\u00e4\u00e4ll\u00e4 suojaa lintuja kissoilta ja muilta saalistajilta.<\/p>\n<\/li>\n<li data-start=\"1149\" data-end=\"1268\">\n<p data-start=\"1151\" data-end=\"1268\"><strong data-start=\"1151\" data-end=\"1173\">Joustava ymp\u00e4ri vuoden:<\/strong> Vaihda helposti energiarikkaiden siementen v\u00e4lill\u00e4 talvella ja viilent\u00e4v\u00e4n veden tai jauhomatojen v\u00e4lill\u00e4 kes\u00e4ll\u00e4.<\/p>\n<\/li>\n<\/ul>\n<h4 data-start=\"1270\" data-end=\"1294\">Asennus ja huolto<\/h4>\n<p>&nbsp;<\/p>\n<ol data-start=\"1295\" data-end=\"1542\">\n<li data-start=\"1295\" data-end=\"1345\">\n<p data-start=\"1298\" data-end=\"1345\">Puhdista ikkunalasi perusteellisesti ja pyyhi kuivaksi.<\/p>\n<\/li>\n<li data-start=\"1346\" data-end=\"1421\">\n<p data-start=\"1349\" data-end=\"1421\">Kostuta imutulpat kevyesti lis\u00e4tyhji\u00f6n aikaansaamiseksi ja paina ne tiukasti lasia vasten.<\/p>\n<\/li>\n<li data-start=\"1422\" data-end=\"1475\">\n<p data-start=\"1425\" data-end=\"1475\">T\u00e4yt\u00e4 tuoreella rehulla ja aseta sy\u00f6tt\u00f6laite takaisin paikalleen.<\/p>\n<\/li>\n<li data-start=\"1476\" data-end=\"1542\">\n<p data-start=\"1479\" data-end=\"1542\">Pese sy\u00f6tt\u00f6laite viikoittain parhaan hygienian ja siementen laadun varmistamiseksi.<\/p>\n<\/li>\n<\/ol>\n","protected":false},"excerpt":{"rendered":"<p>Koe lintujen el\u00e4m\u00e4 eturivist\u00e4! T\u00e4m\u00e4 \u00e4lyk\u00e4s kirkas akryyli-ikkunaruokinta kiinnittyy kolmella vahvalla imukupilla suoraan lasiin, joten voit katsella lintuja ikkunan l\u00e4pi h\u00e4iritsem\u00e4tt\u00e4 niit\u00e4. L\u00e4pin\u00e4kyv\u00e4n muotoilun ansiosta sek\u00e4 sin\u00e4 ett\u00e4 linnut n\u00e4kev\u00e4t rehun selv\u00e4sti, ja irrotettava ahven tarjoaa mukavan laskeutumispaikan.  <\/p>\n","protected":false},"featured_media":27936,"comment_status":"closed","ping_status":"closed","template":"","meta":{"_acf_changed":false},"product_brand":[],"product_cat":[174,171,173],"product_tag":[],"class_list":{"0":"post-27932","1":"product","2":"type-product","3":"status-publish","4":"has-post-thumbnail","6":"product_cat-lintujen-ruokinta","7":"product_cat-linnunsyottolaite-linnunsiemenia-varten","8":"product_cat-lintupoyta","10":"first","11":"outofstock","12":"taxable","13":"shipping-taxable","14":"purchasable","15":"product-type-simple"},"bundled_by":[],"bundle_stock_status":"outofstock","bundle_stock_quantity":0,"bundle_virtual":false,"bundle_layout":"","bundle_add_to_cart_form_location":"","bundle_editable_in_cart":false,"bundle_sold_individually_context":"","bundle_item_grouping":"","bundle_min_size":"","bundle_max_size":"","bundle_price":[],"bundled_items":[],"bundle_sell_ids":[],"acf":[],"_links":{"self":[{"href":"https:\/\/pippifoder.se\/fi\/wp-json\/wp\/v2\/product\/27932","targetHints":{"allow":["GET"]}}],"collection":[{"href":"https:\/\/pippifoder.se\/fi\/wp-json\/wp\/v2\/product"}],"about":[{"href":"https:\/\/pippifoder.se\/fi\/wp-json\/wp\/v2\/types\/product"}],"replies":[{"embeddable":true,"href":"https:\/\/pippifoder.se\/fi\/wp-json\/wp\/v2\/comments?post=27932"}],"wp:featuredmedia":[{"embeddable":true,"href":"https:\/\/pippifoder.se\/fi\/wp-json\/wp\/v2\/media\/27936"}],"wp:attachment":[{"href":"https:\/\/pippifoder.se\/fi\/wp-json\/wp\/v2\/media?parent=27932"}],"wp:term":[{"taxonomy":"product_brand","embeddable":true,"href":"https:\/\/pippifoder.se\/fi\/wp-json\/wp\/v2\/product_brand?post=27932"},{"taxonomy":"product_cat","embeddable":true,"href":"https:\/\/pippifoder.se\/fi\/wp-json\/wp\/v2\/product_cat?post=27932"},{"taxonomy":"product_tag","embeddable":true,"href":"https:\/\/pippifoder.se\/fi\/wp-json\/wp\/v2\/product_tag?post=27932"}],"curies":[{"name":"wp","href":"https:\/\/api.w.org\/{rel}","templated":true}]}}