{"id":27923,"date":"2025-07-18T18:41:45","date_gmt":"2025-07-18T18:41:45","guid":{"rendered":"https:\/\/pippifoder.se\/?post_type=product&#038;p=27923"},"modified":"2026-04-15T13:00:20","modified_gmt":"2026-04-15T11:00:20","slug":"ruokintalaatikko-oravia-varten-kopia","status":"publish","type":"product","link":"https:\/\/pippifoder.se\/fi\/tuote\/tarvikkeet\/oravasyotin\/ruokintalaatikko-oravia-varten-kopia\/","title":{"rendered":"Oravan sy\u00f6tt\u00f6laite"},"content":{"rendered":"<h2 data-start=\"678\" data-end=\"694\">Oravasy\u00f6tt\u00f6laitteen ominaisuudet:<\/h2>\n<ul data-start=\"695\" data-end=\"918\">\n<li data-start=\"695\" data-end=\"741\">\n<p data-start=\"697\" data-end=\"741\">Luonnonpuusta valmistettu oravanruokinta, jossa on avattava kansi<\/p>\n<\/li>\n<li data-start=\"742\" data-end=\"783\">\n<p data-start=\"744\" data-end=\"783\">L\u00e4pin\u00e4kyv\u00e4 etuosa, jotta voit n\u00e4hd\u00e4 sy\u00f6tt\u00f6tason<\/p>\n<\/li>\n<li data-start=\"784\" data-end=\"816\">\n<p data-start=\"786\" data-end=\"816\">Katto s\u00e4\u00e4nkest\u00e4v\u00e4\u00e4 mustaa puuta<\/p>\n<\/li>\n<li data-start=\"817\" data-end=\"876\">\n<p data-start=\"819\" data-end=\"876\">Helppo t\u00e4ydent\u00e4\u00e4 p\u00e4hkin\u00f6ill\u00e4, auringonkukansiemenill\u00e4 tai sekarehulla.<\/p>\n<\/li>\n<li data-start=\"877\" data-end=\"918\">\n<p data-start=\"879\" data-end=\"918\">Voidaan asentaa sein\u00e4\u00e4n, tolppaan tai puuhun<\/p>\n<\/li>\n<\/ul>\n<p data-start=\"920\" data-end=\"1096\">Sijoita oravanruokinta noin 1,5 metrin korkeudelle, mieluiten l\u00e4helle puita tai pensaita, joissa orava tuntee olonsa turvalliseksi. Se on hauska tapa tukea villiel\u00e4imi\u00e4 &#8211; ja saada samalla viihdett\u00e4! <\/p>\n<p>&nbsp;<\/p>\n<p data-start=\"1103\" data-end=\"1215\"><strong data-start=\"1103\" data-end=\"1112\">Vinkki: Lis\u00e4\u00e4<\/strong> <a href=\"https:\/\/pippifoder.se\/fi\/lintujen-ruokinta\/\">linnunruokinta-astioita ja<\/a> <a href=\"https:\/\/pippifoder.se\/fi\/hyonteishotelli\/\">hy\u00f6nteishotelleja luodaksesi<\/a> eloisan ja luontoyst\u00e4v\u00e4llisen puutarhan.<\/p>\n","protected":false},"excerpt":{"rendered":"<p data-start=\"182\" data-end=\"474\">Anna mets\u00e4n vieh\u00e4tt\u00e4vimmille vierailijoille oma ruokintapaikkansa t\u00e4ll\u00e4 \u00e4lykk\u00e4\u00e4ll\u00e4 ja tukevalla puisella oravanruokintapaikalla. Yksinkertaisen ja toimivan muotoilun ansiosta oravan on helppo nostaa kansi ja ker\u00e4t\u00e4 p\u00e4hkin\u00f6it\u00e4 tai siemeni\u00e4. L\u00e4pin\u00e4kyv\u00e4n etupuolen ansiosta on helppo n\u00e4hd\u00e4, milloin on aika t\u00e4ytt\u00e4\u00e4.  <\/p>\n<p>&nbsp;<\/p>\n<p data-start=\"476\" data-end=\"676\">Valmistettu k\u00e4sittelem\u00e4tt\u00f6m\u00e4st\u00e4 puusta ja mustaksi maalattu katto, joka suojaa rehua sateelta. T\u00e4ydellinen asennettavaksi puihin, aitoihin tai seiniin &#8211; ja niille, jotka haluavat nauttia oravien vilkkaista vierailuista puutarhassa. <\/p>\n","protected":false},"featured_media":27927,"comment_status":"closed","ping_status":"closed","template":"","meta":{"_acf_changed":false},"product_brand":[],"product_cat":[365,174],"product_tag":[],"class_list":{"0":"post-27923","1":"product","2":"type-product","3":"status-publish","4":"has-post-thumbnail","6":"product_cat-oravasyotin","7":"product_cat-lintujen-ruokinta","9":"first","10":"instock","11":"taxable","12":"shipping-taxable","13":"purchasable","14":"product-type-simple"},"bundled_by":[],"bundle_stock_status":"instock","bundle_stock_quantity":39,"bundle_virtual":false,"bundle_layout":"","bundle_add_to_cart_form_location":"","bundle_editable_in_cart":false,"bundle_sold_individually_context":"","bundle_item_grouping":"","bundle_min_size":"","bundle_max_size":"","bundle_price":[],"bundled_items":[],"bundle_sell_ids":[],"acf":[],"_links":{"self":[{"href":"https:\/\/pippifoder.se\/fi\/wp-json\/wp\/v2\/product\/27923","targetHints":{"allow":["GET"]}}],"collection":[{"href":"https:\/\/pippifoder.se\/fi\/wp-json\/wp\/v2\/product"}],"about":[{"href":"https:\/\/pippifoder.se\/fi\/wp-json\/wp\/v2\/types\/product"}],"replies":[{"embeddable":true,"href":"https:\/\/pippifoder.se\/fi\/wp-json\/wp\/v2\/comments?post=27923"}],"wp:featuredmedia":[{"embeddable":true,"href":"https:\/\/pippifoder.se\/fi\/wp-json\/wp\/v2\/media\/27927"}],"wp:attachment":[{"href":"https:\/\/pippifoder.se\/fi\/wp-json\/wp\/v2\/media?parent=27923"}],"wp:term":[{"taxonomy":"product_brand","embeddable":true,"href":"https:\/\/pippifoder.se\/fi\/wp-json\/wp\/v2\/product_brand?post=27923"},{"taxonomy":"product_cat","embeddable":true,"href":"https:\/\/pippifoder.se\/fi\/wp-json\/wp\/v2\/product_cat?post=27923"},{"taxonomy":"product_tag","embeddable":true,"href":"https:\/\/pippifoder.se\/fi\/wp-json\/wp\/v2\/product_tag?post=27923"}],"curies":[{"name":"wp","href":"https:\/\/api.w.org\/{rel}","templated":true}]}}