{"id":27625,"date":"2025-07-15T05:37:18","date_gmt":"2025-07-15T05:37:18","guid":{"rendered":"https:\/\/pippifoder.se\/?post_type=product&#038;p=27625"},"modified":"2026-04-15T13:00:22","modified_gmt":"2026-04-15T11:00:22","slug":"lintujen-ruokinta-katan-vihrea-2-litraa-kopia-kopia-kopia-5","status":"publish","type":"product","link":"https:\/\/pippifoder.se\/fi\/tuote\/tarvikkeet\/lintujen-kylpyamme\/lintujen-ruokinta-katan-vihrea-2-litraa-kopia-kopia-kopia-5\/","title":{"rendered":"Lintukylpy jalalla valurautainen lintu"},"content":{"rendered":"<h2 data-start=\"139\" data-end=\"191\">Lintukylpy valurautajalustalla &#8211; koristeellinen lintu<\/h2>\n<p data-start=\"193\" data-end=\"469\">Anna puutarhallesi maalaismainen ja ajaton tunnelma t\u00e4ll\u00e4 tyylikk\u00e4\u00e4ll\u00e4 jalallisella lintukylvyll\u00e4, joka on valmistettu kest\u00e4v\u00e4st\u00e4 valuraudasta. Klassinen muotoilu, jossa on aaltoileva reuna ja pieni lintu reunalla, tekee kylpyammeesta sek\u00e4 koristeellisen ett\u00e4 toiminnallisen &#8211; t\u00e4ydellinen houkuttelemaan pikkulintuja kylpem\u00e4\u00e4n tai juomaan. <\/p>\n<p data-start=\"471\" data-end=\"675\">Korotettu jalka antaa linnuille turvallisen n\u00e4kym\u00e4n ja tekee kylpyammeesta kauniin katseenvangitsijan kukkapenkiss\u00e4, terassilla tai sis\u00e4\u00e4nk\u00e4ynnin yksityiskohtana. Valurauta on s\u00e4\u00e4nkest\u00e4v\u00e4\u00e4 ja vanhenee kauniisti ajan my\u00f6t\u00e4. <\/p>\n<h4 data-start=\"677\" data-end=\"693\">Ominaisuudet:<\/h4>\n<ul data-start=\"694\" data-end=\"914\">\n<li data-start=\"694\" data-end=\"734\">\n<p data-start=\"696\" data-end=\"734\">Valurautainen kylpyamme jalalla, jossa on aallonmuotoinen reuna<\/p>\n<\/li>\n<li data-start=\"735\" data-end=\"778\">\n<p data-start=\"737\" data-end=\"778\">Koristeellinen lintu reunassa lis\u00e4\u00e4 charmia<\/p>\n<\/li>\n<li data-start=\"779\" data-end=\"827\">\n<p data-start=\"781\" data-end=\"827\">Vakaa ja kest\u00e4v\u00e4 rakenne, joka pysyy lujana<\/p>\n<\/li>\n<li data-start=\"828\" data-end=\"874\">\n<p data-start=\"830\" data-end=\"874\">Sopii puutarhaan, terassille tai parvekkeelle<\/p>\n<\/li>\n<li data-start=\"875\" data-end=\"914\">\n<p data-start=\"877\" data-end=\"914\">Helppo t\u00e4ytt\u00e4\u00e4 vedell\u00e4 ja puhdistaa<\/p>\n<\/li>\n<\/ul>\n<p data-start=\"916\" data-end=\"1080\">Aseta lintukylpy osittain varjoon, jotta vesi ei kuumene liikaa. Muista vaihtaa vesi s\u00e4\u00e4nn\u00f6llisesti, jotta se pysyy tuoreena linnuille ja hy\u00f6nteisille. <\/p>\n<p data-start=\"1176\" data-end=\"1281\"><strong data-start=\"1176\" data-end=\"1185\">Vinkki: Yhdist\u00e4<\/strong> <a href=\"https:\/\/pippifoder.se\/fi\/lintujen-ruokinta\/\">lintup\u00f6yd\u00e4n tai<\/a> <a href=\"https:\/\/pippifoder.se\/fi\/hyonteishotelli\/\">hy\u00f6nteishotellin kanssa ja luo<\/a> el\u00e4v\u00e4inen, luontoyst\u00e4v\u00e4llinen puutarha.<\/p>\n","protected":false},"excerpt":{"rendered":"<p>Lintukylpy jalalla valurautaisella linnulla.<\/p>\n<p>Pituus: 15,1cm<br \/>\nLeveys: 15,1cm<br \/>\nKorkeus: 13,6cm<\/p>\n","protected":false},"featured_media":27629,"comment_status":"open","ping_status":"closed","template":"","meta":{"_acf_changed":false},"product_brand":[],"product_cat":[163],"product_tag":[],"class_list":{"0":"post-27625","1":"product","2":"type-product","3":"status-publish","4":"has-post-thumbnail","6":"product_cat-lintujen-kylpyamme","7":"product_shipping_class-ruotsi","9":"first","10":"instock","11":"taxable","12":"shipping-taxable","13":"purchasable","14":"product-type-simple"},"bundled_by":[],"bundle_stock_status":"instock","bundle_stock_quantity":6,"bundle_virtual":false,"bundle_layout":"","bundle_add_to_cart_form_location":"","bundle_editable_in_cart":false,"bundle_sold_individually_context":"","bundle_item_grouping":"","bundle_min_size":"","bundle_max_size":"","bundle_price":[],"bundled_items":[],"bundle_sell_ids":[],"acf":[],"_links":{"self":[{"href":"https:\/\/pippifoder.se\/fi\/wp-json\/wp\/v2\/product\/27625","targetHints":{"allow":["GET"]}}],"collection":[{"href":"https:\/\/pippifoder.se\/fi\/wp-json\/wp\/v2\/product"}],"about":[{"href":"https:\/\/pippifoder.se\/fi\/wp-json\/wp\/v2\/types\/product"}],"replies":[{"embeddable":true,"href":"https:\/\/pippifoder.se\/fi\/wp-json\/wp\/v2\/comments?post=27625"}],"wp:featuredmedia":[{"embeddable":true,"href":"https:\/\/pippifoder.se\/fi\/wp-json\/wp\/v2\/media\/27629"}],"wp:attachment":[{"href":"https:\/\/pippifoder.se\/fi\/wp-json\/wp\/v2\/media?parent=27625"}],"wp:term":[{"taxonomy":"product_brand","embeddable":true,"href":"https:\/\/pippifoder.se\/fi\/wp-json\/wp\/v2\/product_brand?post=27625"},{"taxonomy":"product_cat","embeddable":true,"href":"https:\/\/pippifoder.se\/fi\/wp-json\/wp\/v2\/product_cat?post=27625"},{"taxonomy":"product_tag","embeddable":true,"href":"https:\/\/pippifoder.se\/fi\/wp-json\/wp\/v2\/product_tag?post=27625"}],"curies":[{"name":"wp","href":"https:\/\/api.w.org\/{rel}","templated":true}]}}