{"id":27617,"date":"2025-07-15T05:34:24","date_gmt":"2025-07-15T05:34:24","guid":{"rendered":"https:\/\/pippifoder.se\/?post_type=product&#038;p=27617"},"modified":"2026-04-15T13:00:29","modified_gmt":"2026-04-15T11:00:29","slug":"lintujen-ruokinta-katan-vihrea-2-litraa-kopia-kopia-kopia-4","status":"publish","type":"product","link":"https:\/\/pippifoder.se\/fi\/tuote\/tarvikkeet\/lintujen-kylpyamme\/lintujen-ruokinta-katan-vihrea-2-litraa-kopia-kopia-kopia-4\/","title":{"rendered":"Syd\u00e4men muotoinen valurautainen lintukylpy, jossa on lintu"},"content":{"rendered":"<h2 data-start=\"138\" data-end=\"195\">Syd\u00e4men muotoinen valurautainen lintukylpy &#8211; koristeellisella linnulla varustettuna<\/h2>\n<p data-start=\"197\" data-end=\"459\">Luo puutarhaan ajaton ja romanttinen tunnelma t\u00e4ll\u00e4 syd\u00e4menmuotoisella valurautaisella lintukylvyll\u00e4. Ruskeanmustan v\u00e4rinen vankka rakenne yhdistyy kauniiseen lintukuvioon, jonka reunalla istuu pieni koristeellinen lintu, joka toivottaa puutarhan siivekk\u00e4\u00e4t vieraat tervetulleiksi. <\/p>\n<p data-start=\"461\" data-end=\"703\">Klassisen ulkon\u00e4\u00f6n ansiosta lintuallas on vieh\u00e4tt\u00e4v\u00e4 lis\u00e4 sek\u00e4 moderniin ett\u00e4 maaseutumaiseen ulkoymp\u00e4rist\u00f6\u00f6n. Sopii erinomaisesti kukkapenkkiin, kivip\u00f6yd\u00e4lle tai sis\u00e4\u00e4ntulon koristeeksi. Raskas valurautarakenne kest\u00e4\u00e4 hyvin kaikissa s\u00e4\u00e4olosuhteissa.  <\/p>\n<h4 data-start=\"705\" data-end=\"721\">Ominaisuudet:<\/h4>\n<ul data-start=\"722\" data-end=\"963\">\n<li data-start=\"722\" data-end=\"775\">\n<p data-start=\"724\" data-end=\"775\">Syd\u00e4men muotoinen lintukylpy, valmistettu massiivisesta valuraudasta<\/p>\n<\/li>\n<li data-start=\"776\" data-end=\"825\">\n<p data-start=\"778\" data-end=\"825\">Kaunis yksityiskohta, jossa on pieni koristeellinen lintu reunalla.<\/p>\n<\/li>\n<li data-start=\"826\" data-end=\"868\">\n<p data-start=\"828\" data-end=\"868\">Kest\u00e4v\u00e4 materiaali, joka kest\u00e4\u00e4 s\u00e4\u00e4t\u00e4 ymp\u00e4ri vuoden.<\/p>\n<\/li>\n<li data-start=\"869\" data-end=\"918\">\n<p data-start=\"871\" data-end=\"918\">T\u00e4ydellinen puutarhaan, parvekkeelle tai lahjaksi<\/p>\n<\/li>\n<li data-start=\"919\" data-end=\"963\">\n<p data-start=\"921\" data-end=\"963\">Voidaan k\u00e4ytt\u00e4\u00e4 lintujen kylpyammeena tai koristeena<\/p>\n<\/li>\n<\/ul>\n<p data-start=\"965\" data-end=\"1122\">Aseta lintukylpy vakaalle alustalle puutarhassa, mieluiten puolivarjoon. T\u00e4yt\u00e4 se raikkaalla vedell\u00e4, jotta sek\u00e4 linnut ett\u00e4 p\u00f6lytt\u00e4j\u00e4t saavat kaivattua taukoa. <\/p>\n<p data-start=\"1176\" data-end=\"1281\"><strong data-start=\"1176\" data-end=\"1185\">Vinkki: Yhdist\u00e4<\/strong> <a href=\"https:\/\/pippifoder.se\/fi\/lintujen-ruokinta\/\">lintup\u00f6yd\u00e4n tai<\/a> <a href=\"https:\/\/pippifoder.se\/fi\/hyonteishotelli\/\">hy\u00f6nteishotellin kanssa ja luo<\/a> el\u00e4v\u00e4inen, luontoyst\u00e4v\u00e4llinen puutarha.<\/p>\n","protected":false},"excerpt":{"rendered":"<p>Syd\u00e4menmuotoinen valurautainen lintukylpy lintuineen.<\/p>\n<p>Pituus: 17cm<br \/>\nLeveys: 14,9cm<br \/>\nKorkeus: 7,8cm<\/p>\n","protected":false},"featured_media":27621,"comment_status":"open","ping_status":"closed","template":"","meta":{"_acf_changed":false},"product_brand":[],"product_cat":[163],"product_tag":[],"class_list":{"0":"post-27617","1":"product","2":"type-product","3":"status-publish","4":"has-post-thumbnail","6":"product_cat-lintujen-kylpyamme","7":"product_shipping_class-ruotsi","9":"first","10":"instock","11":"taxable","12":"shipping-taxable","13":"purchasable","14":"product-type-simple"},"bundled_by":[],"bundle_stock_status":"instock","bundle_stock_quantity":5,"bundle_virtual":false,"bundle_layout":"","bundle_add_to_cart_form_location":"","bundle_editable_in_cart":false,"bundle_sold_individually_context":"","bundle_item_grouping":"","bundle_min_size":"","bundle_max_size":"","bundle_price":[],"bundled_items":[],"bundle_sell_ids":[],"acf":[],"_links":{"self":[{"href":"https:\/\/pippifoder.se\/fi\/wp-json\/wp\/v2\/product\/27617","targetHints":{"allow":["GET"]}}],"collection":[{"href":"https:\/\/pippifoder.se\/fi\/wp-json\/wp\/v2\/product"}],"about":[{"href":"https:\/\/pippifoder.se\/fi\/wp-json\/wp\/v2\/types\/product"}],"replies":[{"embeddable":true,"href":"https:\/\/pippifoder.se\/fi\/wp-json\/wp\/v2\/comments?post=27617"}],"wp:featuredmedia":[{"embeddable":true,"href":"https:\/\/pippifoder.se\/fi\/wp-json\/wp\/v2\/media\/27621"}],"wp:attachment":[{"href":"https:\/\/pippifoder.se\/fi\/wp-json\/wp\/v2\/media?parent=27617"}],"wp:term":[{"taxonomy":"product_brand","embeddable":true,"href":"https:\/\/pippifoder.se\/fi\/wp-json\/wp\/v2\/product_brand?post=27617"},{"taxonomy":"product_cat","embeddable":true,"href":"https:\/\/pippifoder.se\/fi\/wp-json\/wp\/v2\/product_cat?post=27617"},{"taxonomy":"product_tag","embeddable":true,"href":"https:\/\/pippifoder.se\/fi\/wp-json\/wp\/v2\/product_tag?post=27617"}],"curies":[{"name":"wp","href":"https:\/\/api.w.org\/{rel}","templated":true}]}}