{"id":27609,"date":"2025-07-15T05:29:50","date_gmt":"2025-07-15T05:29:50","guid":{"rendered":"https:\/\/pippifoder.se\/?post_type=product&#038;p=27609"},"modified":"2026-04-15T13:03:35","modified_gmt":"2026-04-15T11:03:35","slug":"lintujen-ruokinta-katan-vihrea-2-litraa-kopia-kopia-kopia-3","status":"publish","type":"product","link":"https:\/\/pippifoder.se\/fi\/tuote\/tarvikkeet\/lintujen-kylpyamme\/lintujen-ruokinta-katan-vihrea-2-litraa-kopia-kopia-kopia-3\/","title":{"rendered":"Lintujen kylpyamme ja ruokintapaikka mustaa keramiikkaa"},"content":{"rendered":"<h2 data-start=\"146\" data-end=\"221\">Musta keraaminen lintukylpy ja ruokinta &#8211; 2-in-1 koristeellisilla linnuilla varustettuna<\/h2>\n<p data-start=\"223\" data-end=\"524\">Tyylik\u00e4s ja k\u00e4yt\u00e4nn\u00f6llinen lis\u00e4 puutarhaan, sill\u00e4 t\u00e4m\u00e4 musta keraaminen lintukylpy toimii sis\u00e4\u00e4nrakennetun v\u00e4lisein\u00e4n ansiosta my\u00f6s ruokintalaitteena. Kiilt\u00e4v\u00e4n mustan viimeistelyn ja reunalla olevien kahden pienen koristeellisen linnun ansiosta siit\u00e4 tulee sek\u00e4 kaunis puutarhan koriste ett\u00e4 toimiva ruokintapaikka pikkulinnuille. <\/p>\n<p data-start=\"526\" data-end=\"744\">T\u00e4m\u00e4 kest\u00e4v\u00e4st\u00e4, s\u00e4\u00e4nkest\u00e4v\u00e4st\u00e4 keramiikasta valmistettu lintukylpy sopii yht\u00e4 hyvin terassille kuin kukkapenkkiinkin. Kaksoistoiminnon ansiosta voit helposti tarjota sek\u00e4 raikasta vett\u00e4 ett\u00e4 linnunruokaa samassa paikassa. <\/p>\n<h4 data-start=\"746\" data-end=\"762\">Ominaisuudet:<\/h4>\n<ul data-start=\"763\" data-end=\"976\">\n<li data-start=\"763\" data-end=\"810\">\n<p data-start=\"765\" data-end=\"810\">2-in-1: lintukylpy ja ruokinta yhdess\u00e4 kulhossa.<\/p>\n<\/li>\n<li data-start=\"811\" data-end=\"857\">\n<p data-start=\"813\" data-end=\"857\">Kiilt\u00e4v\u00e4 musta keraaminen, jossa on kaksi pient\u00e4 koristeellista lintua<\/p>\n<\/li>\n<li data-start=\"858\" data-end=\"898\">\n<p data-start=\"860\" data-end=\"898\">K\u00e4yt\u00e4nn\u00f6llinen veden ja siementen keskiosaaja<\/p>\n<\/li>\n<li data-start=\"899\" data-end=\"930\">\n<p data-start=\"901\" data-end=\"930\">Helppo puhdistaa ja t\u00e4ytt\u00e4\u00e4 uudelleen<\/p>\n<\/li>\n<li data-start=\"931\" data-end=\"976\">\n<p data-start=\"933\" data-end=\"976\">Ihanteellinen puutarhaan, terassille tai parvekkeelle<\/p>\n<\/li>\n<\/ul>\n<p>&nbsp;<\/p>\n<p data-start=\"978\" data-end=\"1170\">Aseta se tasaiselle alustalle, mieluiten pensaiden tai puiden l\u00e4heisyyteen, jotta linnut tuntevat olonsa turvalliseksi. T\u00e4yt\u00e4 toinen puoli vedell\u00e4 ja toinen siemenill\u00e4 &#8211; ja nauti lintujen vilkkaasta vierailusta ymp\u00e4ri vuoden. <\/p>\n<p data-start=\"1177\" data-end=\"1304\"><strong data-start=\"1177\" data-end=\"1186\">Vinkki: Yhdist\u00e4<\/strong> <a href=\"https:\/\/pippifoder.se\/fi\/hyonteishotelli\/\">hy\u00f6nteishotelli tai<\/a> <a href=\"https:\/\/pippifoder.se\/fi\/linnunpesa\/\">linnunp\u00f6ntt\u00f6, jotta puutarhan villiel\u00e4imet saavat<\/a> t\u00e4ydellisen lepopaikan.<\/p>\n","protected":false},"excerpt":{"rendered":"<p>Sininen, py\u00f6re\u00e4 keraaminen lintukylpy, jossa on kaksi lintua.<\/p>\n<p>Pituus: 15,9cm<br \/>\nLeveys: 20,4cm<br \/>\nKorkeus: 8,8cm.<\/p>\n","protected":false},"featured_media":27613,"comment_status":"open","ping_status":"closed","template":"","meta":{"_acf_changed":false},"product_brand":[],"product_cat":[163,174],"product_tag":[],"class_list":{"0":"post-27609","1":"product","2":"type-product","3":"status-publish","4":"has-post-thumbnail","6":"product_cat-lintujen-kylpyamme","7":"product_cat-lintujen-ruokinta","8":"product_shipping_class-ruotsi","10":"first","11":"instock","12":"taxable","13":"shipping-taxable","14":"purchasable","15":"product-type-simple"},"bundled_by":[],"bundle_stock_status":"instock","bundle_stock_quantity":14,"bundle_virtual":false,"bundle_layout":"","bundle_add_to_cart_form_location":"","bundle_editable_in_cart":false,"bundle_sold_individually_context":"","bundle_item_grouping":"","bundle_min_size":"","bundle_max_size":"","bundle_price":[],"bundled_items":[],"bundle_sell_ids":[],"acf":[],"_links":{"self":[{"href":"https:\/\/pippifoder.se\/fi\/wp-json\/wp\/v2\/product\/27609","targetHints":{"allow":["GET"]}}],"collection":[{"href":"https:\/\/pippifoder.se\/fi\/wp-json\/wp\/v2\/product"}],"about":[{"href":"https:\/\/pippifoder.se\/fi\/wp-json\/wp\/v2\/types\/product"}],"replies":[{"embeddable":true,"href":"https:\/\/pippifoder.se\/fi\/wp-json\/wp\/v2\/comments?post=27609"}],"wp:featuredmedia":[{"embeddable":true,"href":"https:\/\/pippifoder.se\/fi\/wp-json\/wp\/v2\/media\/27613"}],"wp:attachment":[{"href":"https:\/\/pippifoder.se\/fi\/wp-json\/wp\/v2\/media?parent=27609"}],"wp:term":[{"taxonomy":"product_brand","embeddable":true,"href":"https:\/\/pippifoder.se\/fi\/wp-json\/wp\/v2\/product_brand?post=27609"},{"taxonomy":"product_cat","embeddable":true,"href":"https:\/\/pippifoder.se\/fi\/wp-json\/wp\/v2\/product_cat?post=27609"},{"taxonomy":"product_tag","embeddable":true,"href":"https:\/\/pippifoder.se\/fi\/wp-json\/wp\/v2\/product_tag?post=27609"}],"curies":[{"name":"wp","href":"https:\/\/api.w.org\/{rel}","templated":true}]}}