{"id":27592,"date":"2025-07-15T05:23:09","date_gmt":"2025-07-15T05:23:09","guid":{"rendered":"https:\/\/pippifoder.se\/?post_type=product&#038;p=27592"},"modified":"2026-04-15T13:00:28","modified_gmt":"2026-04-15T11:00:28","slug":"lintujen-ruokinta-katan-vihrea-2-litraa-kopia-kopia-kopia","status":"publish","type":"product","link":"https:\/\/pippifoder.se\/fi\/tuote\/tarvikkeet\/lintujen-kylpyamme\/lintujen-ruokinta-katan-vihrea-2-litraa-kopia-kopia-kopia\/","title":{"rendered":"Vihre\u00e4 keraaminen lintukylpy, jossa on kaksi lintua"},"content":{"rendered":"<h2 data-start=\"150\" data-end=\"209\">Vihre\u00e4 keraaminen lintukylpy &#8211; py\u00f6re\u00e4, jossa on kaksi koristeellista lintua<\/h2>\n<p data-start=\"208\" data-end=\"485\">Kutsu linnut puutarhaan tai parvekkeelle t\u00e4ll\u00e4 tyylikk\u00e4\u00e4ll\u00e4 vihre\u00e4ksi lasitetulla keraamisella lintukylvyll\u00e4. Py\u00f6re\u00e4 muoto ja kaksi reunalla istuvaa lintua tekev\u00e4t kylpyammeesta kauniin katseenvangitsijan, joka tarjoaa samalla raikasta vett\u00e4 janoisille linnuille ja p\u00f6lytt\u00e4jille. <\/p>\n<p data-start=\"487\" data-end=\"711\">Valmistettu kest\u00e4v\u00e4st\u00e4 keramiikasta, jonka luonnollisen vihre\u00e4 s\u00e4vy sulautuu puutarhan v\u00e4reihin. Lasitettu pinta antaa pehme\u00e4n hohdon ja suojaa s\u00e4\u00e4lt\u00e4. T\u00e4ydellinen yhdistelm\u00e4 toimivuutta ja puutarhan koristelua!  <\/p>\n<h4 data-start=\"713\" data-end=\"729\">Ominaisuudet:<\/h4>\n<ul data-start=\"730\" data-end=\"975\">\n<li data-start=\"730\" data-end=\"778\">\n<p data-start=\"732\" data-end=\"778\">Py\u00f6re\u00e4 keraaminen lintukylpy, jossa on kaunis vihre\u00e4 lasite<\/p>\n<\/li>\n<li data-start=\"779\" data-end=\"818\">\n<p data-start=\"781\" data-end=\"818\">Kaksi pient\u00e4 koristeellista lintua koristavat reunaa<\/p>\n<\/li>\n<li data-start=\"819\" data-end=\"858\">\n<p data-start=\"821\" data-end=\"858\">Sopii sek\u00e4 linnuille ett\u00e4 hy\u00f6nteisille<\/p>\n<\/li>\n<li data-start=\"859\" data-end=\"914\">\n<p data-start=\"861\" data-end=\"914\">Koristeellinen elementti puutarhaan, terassille tai parvekkeelle<\/p>\n<\/li>\n<li data-start=\"915\" data-end=\"975\">\n<p data-start=\"917\" data-end=\"975\">Kest\u00e4\u00e4 s\u00e4\u00e4nvaihteluita (tyhj\u00e4 pakkasen sattuessa) ja on helppo puhdistaa.<\/p>\n<\/li>\n<\/ul>\n<p data-start=\"977\" data-end=\"1164\">Sijoita lintukylpy aurinkoiselle tai puolivarjoisalle paikalle, mieluiten pensaiden tai kukkien l\u00e4helle. T\u00e4m\u00e4 houkuttelee lintuja juomaan ja kylpem\u00e4\u00e4n &#8211; ja luo samalla harmonisen ja eloisan ulkoilmaymp\u00e4rist\u00f6n. <\/p>\n<p data-start=\"1176\" data-end=\"1281\"><strong data-start=\"1176\" data-end=\"1185\">Vinkki: Yhdist\u00e4<\/strong> <a href=\"https:\/\/pippifoder.se\/fi\/lintujen-ruokinta\/\">lintup\u00f6yd\u00e4n tai<\/a> <a href=\"https:\/\/pippifoder.se\/fi\/hyonteishotelli\/\">hy\u00f6nteishotellin kanssa ja luo<\/a> el\u00e4v\u00e4inen, luontoyst\u00e4v\u00e4llinen puutarha.<\/p>\n","protected":false},"excerpt":{"rendered":"<p>Vihre\u00e4, py\u00f6re\u00e4 keraaminen lintukylpy kahdella linnulla.<\/p>\n<p>Pituus: 30,6cm<br \/>\nLeveys: 29,6cm<br \/>\nKorkeus: 11cm.<\/p>\n","protected":false},"featured_media":27596,"comment_status":"open","ping_status":"closed","template":"","meta":{"_acf_changed":false},"product_brand":[],"product_cat":[163],"product_tag":[],"class_list":{"0":"post-27592","1":"product","2":"type-product","3":"status-publish","4":"has-post-thumbnail","6":"product_cat-lintujen-kylpyamme","7":"product_shipping_class-ruotsi","9":"first","10":"outofstock","11":"taxable","12":"shipping-taxable","13":"purchasable","14":"product-type-simple"},"bundled_by":[],"bundle_stock_status":"outofstock","bundle_stock_quantity":0,"bundle_virtual":false,"bundle_layout":"","bundle_add_to_cart_form_location":"","bundle_editable_in_cart":false,"bundle_sold_individually_context":"","bundle_item_grouping":"","bundle_min_size":"","bundle_max_size":"","bundle_price":[],"bundled_items":[],"bundle_sell_ids":[],"acf":[],"_links":{"self":[{"href":"https:\/\/pippifoder.se\/fi\/wp-json\/wp\/v2\/product\/27592","targetHints":{"allow":["GET"]}}],"collection":[{"href":"https:\/\/pippifoder.se\/fi\/wp-json\/wp\/v2\/product"}],"about":[{"href":"https:\/\/pippifoder.se\/fi\/wp-json\/wp\/v2\/types\/product"}],"replies":[{"embeddable":true,"href":"https:\/\/pippifoder.se\/fi\/wp-json\/wp\/v2\/comments?post=27592"}],"wp:featuredmedia":[{"embeddable":true,"href":"https:\/\/pippifoder.se\/fi\/wp-json\/wp\/v2\/media\/27596"}],"wp:attachment":[{"href":"https:\/\/pippifoder.se\/fi\/wp-json\/wp\/v2\/media?parent=27592"}],"wp:term":[{"taxonomy":"product_brand","embeddable":true,"href":"https:\/\/pippifoder.se\/fi\/wp-json\/wp\/v2\/product_brand?post=27592"},{"taxonomy":"product_cat","embeddable":true,"href":"https:\/\/pippifoder.se\/fi\/wp-json\/wp\/v2\/product_cat?post=27592"},{"taxonomy":"product_tag","embeddable":true,"href":"https:\/\/pippifoder.se\/fi\/wp-json\/wp\/v2\/product_tag?post=27592"}],"curies":[{"name":"wp","href":"https:\/\/api.w.org\/{rel}","templated":true}]}}