{"id":27579,"date":"2025-07-15T05:07:01","date_gmt":"2025-07-15T05:07:01","guid":{"rendered":"https:\/\/pippifoder.se\/?post_type=product&#038;p=27579"},"modified":"2026-04-15T13:03:43","modified_gmt":"2026-04-15T11:03:43","slug":"lintujen-ruokinta-katan-vihrea-2-litraa-kopia-kopia-4","status":"publish","type":"product","link":"https:\/\/pippifoder.se\/fi\/tuote\/tarvikkeet\/lintujen-kylpyamme\/lintujen-ruokinta-katan-vihrea-2-litraa-kopia-kopia-4\/","title":{"rendered":"Sininen keraaminen lintukylpy, jossa on kaksi lintua"},"content":{"rendered":"<h2 data-start=\"150\" data-end=\"209\">Sininen keraaminen lintukylpy &#8211; py\u00f6re\u00e4, jossa on kaksi koristeellista lintua<\/h2>\n<p data-start=\"211\" data-end=\"494\">Luo rauhallinen ja kaunis tila puutarhaan tai parvekkeelle t\u00e4ll\u00e4 vieh\u00e4tt\u00e4v\u00e4ll\u00e4 sinilasitetulla keraamisella lintukylvyll\u00e4. Py\u00f6re\u00e4 muoto ja kaksi istuvaa keraamista lintua reunalla tekev\u00e4t siit\u00e4 sek\u00e4 toiminnallisen ett\u00e4 koristeellisen &#8211; t\u00e4ydellinen houkutella pikkulintuja vesileikkiin tai vilvoittelemaan. <\/p>\n<p data-start=\"496\" data-end=\"709\">Valmistettu kest\u00e4v\u00e4st\u00e4 keramiikasta, jossa on syv\u00e4n sininen kiilto, joka heijastaa valoa kauniisti ja kest\u00e4\u00e4 s\u00e4\u00e4n vaikutusta. Lintukylpy toimii yht\u00e4 hyvin katseenvangitsijana kukkapenkiss\u00e4 kuin vesil\u00e4hteen\u00e4 p\u00f6yd\u00e4ll\u00e4 tai terassilla. <\/p>\n<h4 data-start=\"711\" data-end=\"727\">Ominaisuudet:<\/h4>\n<ul data-start=\"728\" data-end=\"969\">\n<li data-start=\"728\" data-end=\"764\">\n<p data-start=\"730\" data-end=\"764\">Py\u00f6re\u00e4 muotoilu sinist\u00e4 lasitettua keramiikkaa<\/p>\n<\/li>\n<li data-start=\"765\" data-end=\"809\">\n<p data-start=\"767\" data-end=\"809\">Kaksi koristeellista lintua integroitu reunaan<\/p>\n<\/li>\n<li data-start=\"810\" data-end=\"857\">\n<p data-start=\"812\" data-end=\"857\">Sopii puutarhaan, terassille tai parvekkeelle<\/p>\n<\/li>\n<li data-start=\"858\" data-end=\"924\">\n<p data-start=\"860\" data-end=\"924\">Voidaan k\u00e4ytt\u00e4\u00e4 sek\u00e4 lintujen kylpyammeena ett\u00e4 p\u00f6lytt\u00e4jien vesiastiana.<\/p>\n<\/li>\n<li data-start=\"925\" data-end=\"969\">\n<p data-start=\"927\" data-end=\"969\">Pakkasenkest\u00e4v\u00e4 tyhjennyksen yhteydess\u00e4 &#8211; helppo puhdistaa<\/p>\n<\/li>\n<\/ul>\n<p data-start=\"971\" data-end=\"1169\">Aseta lintukylpy tasaiselle alustalle osittain varjossa ja t\u00e4yt\u00e4 se raikkaalla vedell\u00e4. T\u00e4m\u00e4 auttaa sek\u00e4 luonnonvaraisia lintuja ett\u00e4 hy\u00f6nteisi\u00e4 saamaan nestett\u00e4 kuivina aikoina &#8211; ja parantaa samalla ulkoilmaymp\u00e4rist\u00f6\u00e4si. <\/p>\n<p data-start=\"1176\" data-end=\"1281\"><strong data-start=\"1176\" data-end=\"1185\">Vinkki: Yhdist\u00e4<\/strong> <a href=\"https:\/\/pippifoder.se\/fi\/lintujen-ruokinta\/\">lintup\u00f6yd\u00e4n tai<\/a> <a href=\"https:\/\/pippifoder.se\/fi\/hyonteishotelli\/\">hy\u00f6nteishotellin kanssa ja luo<\/a> el\u00e4v\u00e4inen, luontoyst\u00e4v\u00e4llinen puutarha.<\/p>\n","protected":false},"excerpt":{"rendered":"<p>Sininen, py\u00f6re\u00e4 keraaminen lintukylpy kahdella linnulla.<\/p>\n<p>Pituus: 30,6cm<br \/>\nLeveys: 29,6cm<br \/>\nKorkeus: 11cm.<\/p>\n","protected":false},"featured_media":27584,"comment_status":"open","ping_status":"closed","template":"","meta":{"_acf_changed":false},"product_brand":[],"product_cat":[163],"product_tag":[],"class_list":{"0":"post-27579","1":"product","2":"type-product","3":"status-publish","4":"has-post-thumbnail","6":"product_cat-lintujen-kylpyamme","7":"product_shipping_class-ruotsi","9":"first","10":"instock","11":"taxable","12":"shipping-taxable","13":"purchasable","14":"product-type-simple"},"bundled_by":[],"bundle_stock_status":"instock","bundle_stock_quantity":16,"bundle_virtual":false,"bundle_layout":"","bundle_add_to_cart_form_location":"","bundle_editable_in_cart":false,"bundle_sold_individually_context":"","bundle_item_grouping":"","bundle_min_size":"","bundle_max_size":"","bundle_price":[],"bundled_items":[],"bundle_sell_ids":[],"acf":[],"_links":{"self":[{"href":"https:\/\/pippifoder.se\/fi\/wp-json\/wp\/v2\/product\/27579","targetHints":{"allow":["GET"]}}],"collection":[{"href":"https:\/\/pippifoder.se\/fi\/wp-json\/wp\/v2\/product"}],"about":[{"href":"https:\/\/pippifoder.se\/fi\/wp-json\/wp\/v2\/types\/product"}],"replies":[{"embeddable":true,"href":"https:\/\/pippifoder.se\/fi\/wp-json\/wp\/v2\/comments?post=27579"}],"wp:featuredmedia":[{"embeddable":true,"href":"https:\/\/pippifoder.se\/fi\/wp-json\/wp\/v2\/media\/27584"}],"wp:attachment":[{"href":"https:\/\/pippifoder.se\/fi\/wp-json\/wp\/v2\/media?parent=27579"}],"wp:term":[{"taxonomy":"product_brand","embeddable":true,"href":"https:\/\/pippifoder.se\/fi\/wp-json\/wp\/v2\/product_brand?post=27579"},{"taxonomy":"product_cat","embeddable":true,"href":"https:\/\/pippifoder.se\/fi\/wp-json\/wp\/v2\/product_cat?post=27579"},{"taxonomy":"product_tag","embeddable":true,"href":"https:\/\/pippifoder.se\/fi\/wp-json\/wp\/v2\/product_tag?post=27579"}],"curies":[{"name":"wp","href":"https:\/\/api.w.org\/{rel}","templated":true}]}}