{"id":27546,"date":"2025-07-14T06:33:12","date_gmt":"2025-07-14T06:33:12","guid":{"rendered":"https:\/\/pippifoder.se\/?post_type=product&#038;p=27546"},"modified":"2025-07-17T19:05:03","modified_gmt":"2025-07-17T19:05:03","slug":"lintujen-ruokinta-katan-vihrea-2-litraa-kopia-kopia-3","status":"publish","type":"product","link":"https:\/\/pippifoder.se\/fi\/tuote\/hyonteishotelli\/lintujen-ruokinta-katan-vihrea-2-litraa-kopia-kopia-3\/","title":{"rendered":"Hy\u00f6nteishotelli, jossa on vastauskatto"},"content":{"rendered":"<h2 data-start=\"95\" data-end=\"165\">Hy\u00f6nteishotellit &#8211; luo puutarhaan turvapaikka hy\u00f6dyllisille hy\u00f6nteisille.<\/h2>\n<p data-start=\"167\" data-end=\"424\">Houkuttele mehil\u00e4isi\u00e4, lepp\u00e4kerttuja ja muita hy\u00f6dyllisi\u00e4 hy\u00f6nteisi\u00e4 puutarhaan kauniilla ja toimivalla hy\u00f6nteishotellilla. Tarjoamalla suojaa ja talvehtimispaikkoja autat p\u00f6lytt\u00e4ji\u00e4 kukoistamaan ja edist\u00e4t samalla luonnon monimuotoisuutta. <\/p>\n<p data-start=\"426\" data-end=\"666\">T\u00e4m\u00e4 luonnonmateriaaleista, kuten bambusta, puusta ja k\u00e4vyist\u00e4, valmistettu hy\u00f6nteishotelli sis\u00e4lt\u00e4\u00e4 erilaisia kammioita, jotka on tarkoitettu yksin\u00e4isille mehil\u00e4isille, kukkak\u00e4rp\u00e4sille ja kovakuoriaisille. T\u00e4ydellinen luomupuutarhoihin, pienviljelypalstoille tai parvekkeille, joilla on kasvillisuutta. <\/p>\n<h4 data-start=\"668\" data-end=\"684\">Ominaisuudet:<\/h4>\n<ul data-start=\"685\" data-end=\"934\">\n<li data-start=\"685\" data-end=\"750\">\n<p data-start=\"687\" data-end=\"750\">Tarjoaa suojaa ja pes\u00e4paikkoja mehil\u00e4isille, lepp\u00e4kertuille ja muille hy\u00f6nteisille.<\/p>\n<\/li>\n<li data-start=\"751\" data-end=\"798\">\n<p data-start=\"753\" data-end=\"798\">Valmistettu luonnollisista ja kest\u00e4vist\u00e4 materiaaleista<\/p>\n<\/li>\n<li data-start=\"799\" data-end=\"836\">\n<p data-start=\"801\" data-end=\"836\">Useita kammioita eri hy\u00f6nteislajeille<\/p>\n<\/li>\n<li data-start=\"837\" data-end=\"884\">\n<p data-start=\"839\" data-end=\"884\">Helppo ripustaa sein\u00e4lle, aitaan tai puuhun.<\/p>\n<\/li>\n<li data-start=\"885\" data-end=\"934\">\n<p data-start=\"887\" data-end=\"934\">Koristeellinen ja opettavainen elementti puutarhassa<\/p>\n<\/li>\n<\/ul>\n<p data-start=\"936\" data-end=\"1092\">Sijoita hy\u00f6nteishotelli aurinkoiseen paikkaan, mieluiten kukkivien kasvien, marjapensaiden tai yrttipuutarhojen l\u00e4heisyyteen. N\u00e4in hy\u00f6nteiset saavat sek\u00e4 suojaa ett\u00e4 ravintoa. <\/p>\n<h3 data-start=\"1099\" data-end=\"1372\"><strong data-start=\"1099\" data-end=\"1132\">Miksi k\u00e4ytt\u00e4\u00e4 hy\u00f6nteishotelleja?<\/strong><\/h3>\n<p data-start=\"1099\" data-end=\"1372\">P\u00f6lytt\u00e4jill\u00e4, kuten luonnonvaraisilla mehil\u00e4isill\u00e4 ja kukkak\u00e4rp\u00e4sill\u00e4, on ratkaiseva rooli ekosysteemeiss\u00e4mme sek\u00e4 hedelmien ja vihannesten viljelyss\u00e4. Hy\u00f6nteishotellin avulla annat niille mahdollisuuden selviyty\u00e4 &#8211; samalla kun teet puutarhastasi elinvoimaisen ja tuottavan. <\/p>\n","protected":false},"excerpt":{"rendered":"<p>Suuri hy\u00f6nteishotelli. Houkuttele mehil\u00e4isi\u00e4, lepp\u00e4kerttuja ja muita hy\u00f6dyllisi\u00e4 hy\u00f6nteisi\u00e4 puutarhaan kauniilla ja toimivalla hy\u00f6nteishotellilla. Tarjoamalla suojaa ja talvehtimispaikkoja autat p\u00f6lytt\u00e4ji\u00e4 kukoistamaan ja edist\u00e4t samalla luonnon monimuotoisuutta.  <\/p>\n","protected":false},"featured_media":27550,"comment_status":"open","ping_status":"closed","template":"","meta":{"_acf_changed":false},"product_brand":[],"product_cat":[360],"product_tag":[],"class_list":{"0":"post-27546","1":"product","2":"type-product","3":"status-publish","4":"has-post-thumbnail","6":"product_cat-hyonteishotelli","7":"product_shipping_class-ruotsi","8":"product_group-traholk-bord","10":"first","11":"instock","12":"taxable","13":"shipping-taxable","14":"purchasable","15":"product-type-simple"},"bundled_by":[],"bundle_stock_status":"instock","bundle_stock_quantity":13,"bundle_virtual":false,"bundle_layout":"","bundle_add_to_cart_form_location":"","bundle_editable_in_cart":false,"bundle_sold_individually_context":"","bundle_item_grouping":"","bundle_min_size":"","bundle_max_size":"","bundle_price":[],"bundled_items":[],"bundle_sell_ids":[],"acf":[],"_links":{"self":[{"href":"https:\/\/pippifoder.se\/fi\/wp-json\/wp\/v2\/product\/27546","targetHints":{"allow":["GET"]}}],"collection":[{"href":"https:\/\/pippifoder.se\/fi\/wp-json\/wp\/v2\/product"}],"about":[{"href":"https:\/\/pippifoder.se\/fi\/wp-json\/wp\/v2\/types\/product"}],"replies":[{"embeddable":true,"href":"https:\/\/pippifoder.se\/fi\/wp-json\/wp\/v2\/comments?post=27546"}],"wp:featuredmedia":[{"embeddable":true,"href":"https:\/\/pippifoder.se\/fi\/wp-json\/wp\/v2\/media\/27550"}],"wp:attachment":[{"href":"https:\/\/pippifoder.se\/fi\/wp-json\/wp\/v2\/media?parent=27546"}],"wp:term":[{"taxonomy":"product_brand","embeddable":true,"href":"https:\/\/pippifoder.se\/fi\/wp-json\/wp\/v2\/product_brand?post=27546"},{"taxonomy":"product_cat","embeddable":true,"href":"https:\/\/pippifoder.se\/fi\/wp-json\/wp\/v2\/product_cat?post=27546"},{"taxonomy":"product_tag","embeddable":true,"href":"https:\/\/pippifoder.se\/fi\/wp-json\/wp\/v2\/product_tag?post=27546"}],"curies":[{"name":"wp","href":"https:\/\/api.w.org\/{rel}","templated":true}]}}