{"id":27538,"date":"2025-07-14T06:25:10","date_gmt":"2025-07-14T06:25:10","guid":{"rendered":"https:\/\/pippifoder.se\/?post_type=product&#038;p=27538"},"modified":"2026-04-09T10:27:02","modified_gmt":"2026-04-09T10:27:02","slug":"lintujen-ruokinta-katan-vihrea-2-litraa-kopia-kopia-2","status":"publish","type":"product","link":"https:\/\/pippifoder.se\/fi\/tuote\/linnunpesa\/lintujen-ruokinta-katan-vihrea-2-litraa-kopia-kopia-2\/","title":{"rendered":"Linnunp\u00f6ntt\u00f6 luonnonpuusta"},"content":{"rendered":"<h2 data-start=\"117\" data-end=\"174\">Linnunp\u00f6ntt\u00f6 sinitiaisille &#8211; FSC\u00ae 100% sertifioitu luonnonpuu<\/h2>\n<p data-start=\"176\" data-end=\"497\">Anna sinitiaisille turvallinen pes\u00e4paikka t\u00e4ll\u00e4 kest\u00e4v\u00e4ll\u00e4 linnunp\u00f6nt\u00f6ll\u00e4, joka on valmistettu 100 % FSC\u00ae-sertifioidusta luonnonpuusta. Pes\u00e4kotelo on suunniteltu oikean kokoiseksi sinitiaisille ja muille pikkulinnuille, kuten k\u00e4pytikalle ja mustatiiraalle. K\u00e4sittelem\u00e4t\u00f6n luonnonpuu luo terveellisen ymp\u00e4rist\u00f6n ja sulautuu kauniisti puutarhan ymp\u00e4rist\u00f6\u00f6n.  <\/p>\n<p data-start=\"499\" data-end=\"714\">Noin 28 mm:n suuaukon ansiosta pes\u00e4 on tehokkaasti suojattu suuremmilta linnuilta ja saalistajilta. Pes\u00e4laatikko on helppo koota ja puhdistaa, joten se on ihanteellinen valinta niin luonnon yst\u00e4ville kuin lintujen suojelun aloittelijoillekin. <\/p>\n<h4 data-start=\"716\" data-end=\"732\">Ominaisuudet:<\/h4>\n<ul data-start=\"733\" data-end=\"998\">\n<li data-start=\"733\" data-end=\"784\">\n<p data-start=\"735\" data-end=\"784\">Suunniteltu erityisesti sinitiaisille ja muille pikkulinnuille.<\/p>\n<\/li>\n<li data-start=\"785\" data-end=\"845\">\n<p data-start=\"787\" data-end=\"845\">FSC\u00ae 100 % sertifioitu luonnonpuu &#8211; kest\u00e4v\u00e4\u00e4 ja ymp\u00e4rist\u00f6yst\u00e4v\u00e4llist\u00e4.<\/p>\n<\/li>\n<li data-start=\"846\" data-end=\"898\">\n<p data-start=\"848\" data-end=\"898\">28 mm suuaukko suojaa isommilta linnuilta<\/p>\n<\/li>\n<li data-start=\"899\" data-end=\"946\">\n<p data-start=\"901\" data-end=\"946\">Helppo asentaa sein\u00e4\u00e4n, puuhun tai tolppaan<\/p>\n<\/li>\n<li data-start=\"947\" data-end=\"998\">\n<p data-start=\"949\" data-end=\"998\">Luukku, joka on helppo puhdistaa pesim\u00e4kauden j\u00e4lkeen.<\/p>\n<\/li>\n<\/ul>\n<p data-start=\"1000\" data-end=\"1125\">Sijoita linnunp\u00f6ntt\u00f6 1,5-2 metri\u00e4 maanpinnan yl\u00e4puolelle, mieluiten it\u00e4- tai kaakkoissuuntaan, suojaan suoralta sateelta ja voimakkaalta auringolta.<\/p>\n<hr data-start=\"1127\" data-end=\"1130\">\n<p>&nbsp;<\/p>\n<p data-start=\"1132\" data-end=\"1325\"><strong data-start=\"1132\" data-end=\"1141\">Vinkki:<\/strong> Aseta puutarhaan useita <a href=\"https:\/\/pippifoder.se\/fi\/linnunpesa\/\">pes\u00e4laatikoita<\/a>, jotka houkuttelevat eri lintulajeja &#8211; helppo tapa edist\u00e4\u00e4 luonnon monimuotoisuutta ja nauttia samalla linnunlaulusta l\u00e4hell\u00e4 kotia.<\/p>\n","protected":false},"excerpt":{"rendered":"<p>Linnunp\u00f6ntt\u00f6 linnuille sinitiaisen kokoinen, luonnonpuuta FSC100%.<\/p>\n","protected":false},"featured_media":27542,"comment_status":"open","ping_status":"closed","template":"","meta":{"_acf_changed":false},"product_brand":[],"product_cat":[123],"product_tag":[],"class_list":{"0":"post-27538","1":"product","2":"type-product","3":"status-publish","4":"has-post-thumbnail","6":"product_cat-linnunpesa","7":"product_shipping_class-ruotsi","8":"product_group-traholk-bord","10":"first","11":"outofstock","12":"taxable","13":"shipping-taxable","14":"purchasable","15":"product-type-simple"},"bundled_by":[],"bundle_stock_status":"outofstock","bundle_stock_quantity":0,"bundle_virtual":false,"bundle_layout":"","bundle_add_to_cart_form_location":"","bundle_editable_in_cart":false,"bundle_sold_individually_context":"","bundle_item_grouping":"","bundle_min_size":"","bundle_max_size":"","bundle_price":[],"bundled_items":[],"bundle_sell_ids":[],"acf":[],"_links":{"self":[{"href":"https:\/\/pippifoder.se\/fi\/wp-json\/wp\/v2\/product\/27538","targetHints":{"allow":["GET"]}}],"collection":[{"href":"https:\/\/pippifoder.se\/fi\/wp-json\/wp\/v2\/product"}],"about":[{"href":"https:\/\/pippifoder.se\/fi\/wp-json\/wp\/v2\/types\/product"}],"replies":[{"embeddable":true,"href":"https:\/\/pippifoder.se\/fi\/wp-json\/wp\/v2\/comments?post=27538"}],"wp:featuredmedia":[{"embeddable":true,"href":"https:\/\/pippifoder.se\/fi\/wp-json\/wp\/v2\/media\/27542"}],"wp:attachment":[{"href":"https:\/\/pippifoder.se\/fi\/wp-json\/wp\/v2\/media?parent=27538"}],"wp:term":[{"taxonomy":"product_brand","embeddable":true,"href":"https:\/\/pippifoder.se\/fi\/wp-json\/wp\/v2\/product_brand?post=27538"},{"taxonomy":"product_cat","embeddable":true,"href":"https:\/\/pippifoder.se\/fi\/wp-json\/wp\/v2\/product_cat?post=27538"},{"taxonomy":"product_tag","embeddable":true,"href":"https:\/\/pippifoder.se\/fi\/wp-json\/wp\/v2\/product_tag?post=27538"}],"curies":[{"name":"wp","href":"https:\/\/api.w.org\/{rel}","templated":true}]}}