{"id":27529,"date":"2025-07-14T06:19:02","date_gmt":"2025-07-14T06:19:02","guid":{"rendered":"https:\/\/pippifoder.se\/?post_type=product&#038;p=27529"},"modified":"2026-04-15T13:03:40","modified_gmt":"2026-04-15T11:03:40","slug":"lintujen-ruokinta-katan-vihrea-2-litraa-kopia-kopia","status":"publish","type":"product","link":"https:\/\/pippifoder.se\/fi\/tuote\/tarvikkeet\/lepakoiden-pesapaikka\/lintujen-ruokinta-katan-vihrea-2-litraa-kopia-kopia\/","title":{"rendered":"Lepakkokoppa, jossa on kuorikatos"},"content":{"rendered":"<h2 data-start=\"114\" data-end=\"172\">Lepakkokoppa FSC\u00ae 100% puusta &#8211; luonnonkuorikatolla<\/h2>\n<p data-start=\"174\" data-end=\"439\">Suojaa lepakoita ja edist\u00e4 luonnon monimuotoisuutta kauniilla ja toimivalla lepakkotalolla, joka on valmistettu 100-prosenttisesti FSC\u00ae-sertifioidusta puusta. T\u00e4ss\u00e4 lepakkokopissa on luonnonkuoresta valmistettu maalaismainen katto, joka sek\u00e4 sulautuu ymp\u00e4rist\u00f6\u00f6ns\u00e4 ett\u00e4 antaa lis\u00e4eristyst\u00e4 kylm\u00e4\u00e4 ja sadetta vastaan. <\/p>\n<p data-start=\"441\" data-end=\"689\">Lepakot ovat t\u00e4rkeit\u00e4 y\u00f6llisi\u00e4 hy\u00f6nteistenmets\u00e4st\u00e4ji\u00e4, jotka auttavat pit\u00e4m\u00e4\u00e4n hyttyset ja tuholaiset loitolla &#8211; ilman kemikaaleja. Kun pystyt\u00e4t lepakkokopin puutarhaan tai mets\u00e4nreunan l\u00e4helle, voit antaa n\u00e4ille uhanalaisille el\u00e4imille turvallisen p\u00e4iv\u00e4levon. <\/p>\n<h3 data-start=\"691\" data-end=\"707\">Lepakoiden pes\u00e4paikan ominaisuudet:<\/h3>\n<ul data-start=\"708\" data-end=\"979\">\n<li data-start=\"708\" data-end=\"776\">\n<h3 data-start=\"710\" data-end=\"776\">Valmistettu 100 % FSC\u00ae-sertifioidusta puusta &#8211; kest\u00e4v\u00e4 ja ymp\u00e4rist\u00f6yst\u00e4v\u00e4llinen.<\/h3>\n<\/li>\n<li data-start=\"777\" data-end=\"832\">\n<p data-start=\"779\" data-end=\"832\">Luonnonkuorikatto lis\u00e4\u00e4 eristyst\u00e4 ja naamiointia.<\/p>\n<\/li>\n<li data-start=\"833\" data-end=\"879\">\n<p data-start=\"835\" data-end=\"879\">Kapea sis\u00e4\u00e4nk\u00e4ynti suojaa petoel\u00e4imilt\u00e4 ja vedolta.<\/p>\n<\/li>\n<li data-start=\"880\" data-end=\"929\">\n<p data-start=\"882\" data-end=\"929\">Ihanteellinen useille ruotsalaisille lepakkolajeille<\/p>\n<\/li>\n<li data-start=\"930\" data-end=\"979\">\n<p data-start=\"932\" data-end=\"979\">Helppo asentaa julkisivuun, puuhun tai latoon.<\/p>\n<\/li>\n<\/ul>\n<p data-start=\"981\" data-end=\"1141\">Sijoita pes\u00e4 v\u00e4hint\u00e4\u00e4n 3 metrin korkeudelle maanpinnasta aurinkoiselle, suojaisalle paikalle. V\u00e4lt\u00e4 h\u00e4iritsem\u00e4st\u00e4 pes\u00e4\u00e4 kes\u00e4ll\u00e4, jolloin se voi toimia lepakoiden kasvupaikkana. <\/p>\n<p data-start=\"1148\" data-end=\"1241\"><strong data-start=\"1148\" data-end=\"1157\">Vinkki: Yhdist\u00e4<\/strong> <a href=\"https:\/\/pippifoder.se\/fi\/hyonteishotelli\/\">hy\u00f6nteishotelleihin ja <\/a> <a href=\"https:\/\/pippifoder.se\/fi\/linnunpesa\/\">linnunp\u00f6ntt\u00f6ihin, niin saat t\u00e4ydellisen villiel\u00e4inpuutarhan<\/a>!<\/p>\n","protected":false},"excerpt":{"rendered":"<p>Lepakkotalo FSC100%:sta, jossa on kuorikatto<\/p>\n","protected":false},"featured_media":27533,"comment_status":"open","ping_status":"closed","template":"","meta":{"_acf_changed":false},"product_brand":[],"product_cat":[348],"product_tag":[],"class_list":{"0":"post-27529","1":"product","2":"type-product","3":"status-publish","4":"has-post-thumbnail","6":"product_cat-lepakoiden-pesapaikka","7":"product_shipping_class-ruotsi","9":"first","10":"instock","11":"taxable","12":"shipping-taxable","13":"purchasable","14":"product-type-simple"},"bundled_by":[],"bundle_stock_status":"instock","bundle_stock_quantity":20,"bundle_virtual":false,"bundle_layout":"","bundle_add_to_cart_form_location":"","bundle_editable_in_cart":false,"bundle_sold_individually_context":"","bundle_item_grouping":"","bundle_min_size":"","bundle_max_size":"","bundle_price":[],"bundled_items":[],"bundle_sell_ids":[],"acf":[],"_links":{"self":[{"href":"https:\/\/pippifoder.se\/fi\/wp-json\/wp\/v2\/product\/27529","targetHints":{"allow":["GET"]}}],"collection":[{"href":"https:\/\/pippifoder.se\/fi\/wp-json\/wp\/v2\/product"}],"about":[{"href":"https:\/\/pippifoder.se\/fi\/wp-json\/wp\/v2\/types\/product"}],"replies":[{"embeddable":true,"href":"https:\/\/pippifoder.se\/fi\/wp-json\/wp\/v2\/comments?post=27529"}],"wp:featuredmedia":[{"embeddable":true,"href":"https:\/\/pippifoder.se\/fi\/wp-json\/wp\/v2\/media\/27533"}],"wp:attachment":[{"href":"https:\/\/pippifoder.se\/fi\/wp-json\/wp\/v2\/media?parent=27529"}],"wp:term":[{"taxonomy":"product_brand","embeddable":true,"href":"https:\/\/pippifoder.se\/fi\/wp-json\/wp\/v2\/product_brand?post=27529"},{"taxonomy":"product_cat","embeddable":true,"href":"https:\/\/pippifoder.se\/fi\/wp-json\/wp\/v2\/product_cat?post=27529"},{"taxonomy":"product_tag","embeddable":true,"href":"https:\/\/pippifoder.se\/fi\/wp-json\/wp\/v2\/product_tag?post=27529"}],"curies":[{"name":"wp","href":"https:\/\/api.w.org\/{rel}","templated":true}]}}