{"id":27521,"date":"2025-07-14T06:09:38","date_gmt":"2025-07-14T06:09:38","guid":{"rendered":"https:\/\/pippifoder.se\/?post_type=product&#038;p=27521"},"modified":"2026-02-08T19:29:34","modified_gmt":"2026-02-08T19:29:34","slug":"lintujen-ruokinta-katan-vihrea-2-litraa-kopia","status":"publish","type":"product","link":"https:\/\/pippifoder.se\/fi\/tuote\/perhoshotelli\/lintujen-ruokinta-katan-vihrea-2-litraa-kopia\/","title":{"rendered":"Perhosen pes\u00e4 luonnonpuusta"},"content":{"rendered":"<h2 data-start=\"128\" data-end=\"189\">Perhoskoppi FSC\u00ae 100 % luonnonpuusta &#8211; koristeellisella siluetilla varustettuna<\/h2>\n<p data-start=\"191\" data-end=\"552\">Luo turvallinen lepopaikka puutarhasi kauniille perhosille t\u00e4ll\u00e4 luonnollisesta puusta valmistetulla perhoskotelolla. Kotelo on valmistettu 100-prosenttisesti FSC\u00ae-sertifioidusta puusta, joka takaa kest\u00e4v\u00e4n mets\u00e4talouden, ja se on sek\u00e4 ymp\u00e4rist\u00f6yst\u00e4v\u00e4llinen ett\u00e4 koristeellinen. Etupuolelle leikattu perhosen siluetti ei ole vain kaunis katseenvangitsija, vaan se tarjoaa perhosille my\u00f6s suojatun sis\u00e4\u00e4nk\u00e4ynnin onteloon.  <\/p>\n<p data-start=\"554\" data-end=\"776\">Sijoita perhoskotelo aurinkoiseen ja suojaisaan paikkaan, mieluiten perhosia houkuttelevien kukkivien kasvien l\u00e4heisyyteen. Ontelo suojaa sateelta, kylm\u00e4lt\u00e4 ja saalistajilta &#8211; t\u00e4ydellinen paikka perhosille, jotka etsiv\u00e4t lepoa y\u00f6ll\u00e4 tai huonolla s\u00e4\u00e4ll\u00e4. <\/p>\n<h3 data-start=\"778\" data-end=\"794\">Perhospes\u00e4n ominaisuudet:<\/h3>\n<ul data-start=\"795\" data-end=\"1053\">\n<li data-start=\"795\" data-end=\"857\">\n<p data-start=\"797\" data-end=\"857\">Valmistettu FSC\u00ae 100 % luonnollisesta puusta &#8211; kest\u00e4v\u00e4 ja vastuullinen.<\/p>\n<\/li>\n<li data-start=\"858\" data-end=\"911\">\n<p data-start=\"860\" data-end=\"911\">Leikattu perhonen siluetti sek\u00e4 toiminnallisuutta ett\u00e4 tyyli\u00e4 varten.<\/p>\n<\/li>\n<li data-start=\"912\" data-end=\"961\">\n<p data-start=\"914\" data-end=\"961\">Helppo asentaa sein\u00e4lle, aitaan tai puunrunkoon.<\/p>\n<\/li>\n<li data-start=\"962\" data-end=\"1000\">\n<p data-start=\"964\" data-end=\"1000\">Suojaa perhosia s\u00e4\u00e4lt\u00e4<\/p>\n<\/li>\n<li data-start=\"1001\" data-end=\"1053\">\n<p data-start=\"1003\" data-end=\"1053\">Opettavainen ja kaunis lis\u00e4 puutarhaan<\/p>\n<\/li>\n<\/ul>\n<p>&nbsp;<\/p>\n<p data-start=\"1055\" data-end=\"1157\">Anna perhosille mahdollisuus viihty\u00e4 puutarhassasi &#8211; ja lis\u00e4\u00e4 samalla luonnon monimuotoisuutta.<\/p>\n","protected":false},"excerpt":{"rendered":"<p>Perhoskoppi luonnonpuusta FSC100% siluettikuvulla<\/p>\n","protected":false},"featured_media":27525,"comment_status":"open","ping_status":"closed","template":"","meta":{"_acf_changed":false},"product_brand":[],"product_cat":[362,570],"product_tag":[],"class_list":{"0":"post-27521","1":"product","2":"type-product","3":"status-publish","4":"has-post-thumbnail","6":"product_cat-perhoshotelli","7":"product_cat-joululahjaideoita-lintujen-ystaville-vuonna-2025","8":"product_shipping_class-ruotsi","9":"product_group-traholk-bord","11":"first","12":"instock","13":"taxable","14":"shipping-taxable","15":"purchasable","16":"product-type-simple"},"bundled_by":[],"bundle_stock_status":"instock","bundle_stock_quantity":6,"bundle_virtual":false,"bundle_layout":"","bundle_add_to_cart_form_location":"","bundle_editable_in_cart":false,"bundle_sold_individually_context":"","bundle_item_grouping":"","bundle_min_size":"","bundle_max_size":"","bundle_price":[],"bundled_items":[],"bundle_sell_ids":[],"acf":[],"_links":{"self":[{"href":"https:\/\/pippifoder.se\/fi\/wp-json\/wp\/v2\/product\/27521","targetHints":{"allow":["GET"]}}],"collection":[{"href":"https:\/\/pippifoder.se\/fi\/wp-json\/wp\/v2\/product"}],"about":[{"href":"https:\/\/pippifoder.se\/fi\/wp-json\/wp\/v2\/types\/product"}],"replies":[{"embeddable":true,"href":"https:\/\/pippifoder.se\/fi\/wp-json\/wp\/v2\/comments?post=27521"}],"wp:featuredmedia":[{"embeddable":true,"href":"https:\/\/pippifoder.se\/fi\/wp-json\/wp\/v2\/media\/27525"}],"wp:attachment":[{"href":"https:\/\/pippifoder.se\/fi\/wp-json\/wp\/v2\/media?parent=27521"}],"wp:term":[{"taxonomy":"product_brand","embeddable":true,"href":"https:\/\/pippifoder.se\/fi\/wp-json\/wp\/v2\/product_brand?post=27521"},{"taxonomy":"product_cat","embeddable":true,"href":"https:\/\/pippifoder.se\/fi\/wp-json\/wp\/v2\/product_cat?post=27521"},{"taxonomy":"product_tag","embeddable":true,"href":"https:\/\/pippifoder.se\/fi\/wp-json\/wp\/v2\/product_tag?post=27521"}],"curies":[{"name":"wp","href":"https:\/\/api.w.org\/{rel}","templated":true}]}}