{"id":26940,"date":"2025-06-11T06:21:43","date_gmt":"2025-06-11T06:21:43","guid":{"rendered":"https:\/\/pippifoder.se\/Ei-luokiteltu\/raidalliset-auringonkukansiemenet-15kg\/"},"modified":"2026-04-03T05:11:20","modified_gmt":"2026-04-03T05:11:20","slug":"raidalliset-auringonkukansiemenet-15kg","status":"publish","type":"product","link":"https:\/\/pippifoder.se\/fi\/tuote\/lintujen-ruokaa\/auringonkukansiemenet-linnuille\/raidalliset-auringonkukansiemenet-15kg\/","title":{"rendered":"Raidalliset auringonkukansiemenet 15kg"},"content":{"rendered":"<h3 data-start=\"113\" data-end=\"184\">Raidalliset auringonkukansiemenet &#8211; ravitsevaa linnunruokaa kaikille puutarhan linnuille.<\/h3>\n<p data-start=\"186\" data-end=\"492\">Etsitk\u00f6 energiarikasta lintujen ruokaa, joka houkuttelee monia eri lajeja puutarhaan? <strong data-start=\"271\" data-end=\"295\">Raidalliset auringonkukansiemenet<\/strong> ovat loistava valinta! N\u00e4m\u00e4 siemenet ovat suurempia kuin tavalliset <a href=\"https:\/\/pippifoder.se\/fi\/produkt\/lintujen-ruokaa\/auringonkukansiemenet-linnuille\/mustat-auringonkukansiemenet-15kg\/\">mustat auringonkukansiemenet<\/a>, ja niiss\u00e4 on paksumpi kuori, mink\u00e4 vuoksi niit\u00e4 arvostavat erityisesti isommat linnut, kuten <strong data-start=\"450\" data-end=\"490\">p\u00e4hkin\u00e4pensas- ja isokoskelot<\/strong>. <\/p>\n<p data-start=\"494\" data-end=\"736\">Toisin kuin mustat auringonkukansiemenet, jotka on helpompi kuoria, raidalliset siemenet vaativat enemm\u00e4n ty\u00f6t\u00e4, mik\u00e4 pelottaa pienempi\u00e4 ja nirsoilevampia lajeja. Siksi ne sopivat erinomaisesti, jos haluat tehd\u00e4 tilaa tukevammille linnuille lintup\u00f6yd\u00e4ss\u00e4. <\/p>\n<h4 data-start=\"738\" data-end=\"777\">Raidallisten auringonkukansiementen edut:<\/h4>\n<ul data-start=\"778\" data-end=\"1047\">\n<li data-start=\"778\" data-end=\"855\">\n<p data-start=\"780\" data-end=\"855\">Runsaasti <strong data-start=\"788\" data-end=\"807\">\u00f6ljy\u00e4 ja energiaa<\/strong> &#8211; ihanteellinen talvi- ja kasvatuskaudelle.<\/p>\n<\/li>\n<li data-start=\"856\" data-end=\"923\">\n<p data-start=\"858\" data-end=\"923\">Houkuttelee <strong data-start=\"865\" data-end=\"886\">suurempia lintulajeja<\/strong>, jotka pystyv\u00e4t itse kuorimaan siemenet.<\/p>\n<\/li>\n<li data-start=\"924\" data-end=\"989\">\n<p data-start=\"926\" data-end=\"989\">V\u00e4hemm\u00e4n roiskeita &#8211; kuoret siirret\u00e4\u00e4n usein kauemmas ruokailualueesta.<\/p>\n<\/li>\n<li data-start=\"990\" data-end=\"1047\">\n<p data-start=\"992\" data-end=\"1047\">Sopii <strong data-start=\"1001\" data-end=\"1047\">lintujen ruokinta-astioihin, annostelulaitteisiin ja avoimiin lintup\u00f6ytiin<\/strong>.<\/p>\n<\/li>\n<\/ul>\n<h3 data-start=\"1049\" data-end=\"1071\">Vinkkej\u00e4 ruokintaan<\/h3>\n<p data-start=\"1072\" data-end=\"1224\">Aseta siemenet vakaaseen <a href=\"https:\/\/pippifoder.se\/fi\/lintujen-ruokinta\/\">lintup\u00f6yt\u00e4\u00e4n<\/a> tai tukevaan ruokintalaitteeseen. Lis\u00e4\u00e4 vett\u00e4 ja muita siemenseoksia houkutellaksesi suuremman lintuparven. <\/p>\n","protected":false},"excerpt":{"rendered":"<p>Korkealaatuiset raidalliset auringonkukansiemenet. Raidalliset auringonkukansiemenet sopivat erinomaisesti kaikenlaisille linnuille, mutta yleens\u00e4 isommat linnut sy\u00f6v\u00e4t enemm\u00e4n raidallisia auringonkukansiemeni\u00e4. Jos haluat v\u00e4ltt\u00e4\u00e4 kuorellisia siemeni\u00e4 linnunruokinnan alla, suosittelemme aina <a href=\"https:\/\/pippifoder.se\/fi\/produkt\/lintujen-ruokaa\/auringonkukansiemenet-linnuille\/kuoritut-auringonkukansiemenet-15kg\/\">kuorellisia auringonkukansiemeni\u00e4<\/a>.  <\/p>\n","protected":false},"featured_media":26148,"comment_status":"open","ping_status":"closed","template":"","meta":{"_acf_changed":false},"product_brand":[],"product_cat":[131,132,112],"product_tag":[],"class_list":{"0":"post-26940","1":"product","2":"type-product","3":"status-publish","4":"has-post-thumbnail","6":"product_cat-auringonkukansiemenet-linnuille","7":"product_cat-auringonkukansiemenet","8":"product_cat-lintujen-ruokaa","9":"product_group-15kg-sack","11":"first","12":"instock","13":"taxable","14":"shipping-taxable","15":"purchasable","16":"product-type-simple"},"bundled_by":[],"bundle_stock_status":"instock","bundle_stock_quantity":342,"bundle_virtual":false,"bundle_layout":"","bundle_add_to_cart_form_location":"","bundle_editable_in_cart":false,"bundle_sold_individually_context":"","bundle_item_grouping":"","bundle_min_size":"","bundle_max_size":"","bundle_price":[],"bundled_items":[],"bundle_sell_ids":[],"acf":[],"_links":{"self":[{"href":"https:\/\/pippifoder.se\/fi\/wp-json\/wp\/v2\/product\/26940","targetHints":{"allow":["GET"]}}],"collection":[{"href":"https:\/\/pippifoder.se\/fi\/wp-json\/wp\/v2\/product"}],"about":[{"href":"https:\/\/pippifoder.se\/fi\/wp-json\/wp\/v2\/types\/product"}],"replies":[{"embeddable":true,"href":"https:\/\/pippifoder.se\/fi\/wp-json\/wp\/v2\/comments?post=26940"}],"wp:featuredmedia":[{"embeddable":true,"href":"https:\/\/pippifoder.se\/fi\/wp-json\/wp\/v2\/media\/26148"}],"wp:attachment":[{"href":"https:\/\/pippifoder.se\/fi\/wp-json\/wp\/v2\/media?parent=26940"}],"wp:term":[{"taxonomy":"product_brand","embeddable":true,"href":"https:\/\/pippifoder.se\/fi\/wp-json\/wp\/v2\/product_brand?post=26940"},{"taxonomy":"product_cat","embeddable":true,"href":"https:\/\/pippifoder.se\/fi\/wp-json\/wp\/v2\/product_cat?post=26940"},{"taxonomy":"product_tag","embeddable":true,"href":"https:\/\/pippifoder.se\/fi\/wp-json\/wp\/v2\/product_tag?post=26940"}],"curies":[{"name":"wp","href":"https:\/\/api.w.org\/{rel}","templated":true}]}}