{"id":26890,"date":"2025-06-11T06:20:54","date_gmt":"2025-06-11T06:20:54","guid":{"rendered":"https:\/\/pippifoder.se\/Ei-luokiteltu\/mustat-auringonkukansiemenet-15kg\/"},"modified":"2026-04-19T20:04:18","modified_gmt":"2026-04-19T18:04:18","slug":"mustat-auringonkukansiemenet-15kg","status":"publish","type":"product","link":"https:\/\/pippifoder.se\/fi\/tuote\/lintujen-ruokaa\/auringonkukansiemenet-linnuille\/mustat-auringonkukansiemenet-15kg\/","title":{"rendered":"Mustat auringonkukansiemenet 15kg"},"content":{"rendered":"<h3 data-start=\"212\" data-end=\"268\">Mustat auringonkukansiemenet &#8211; energiarikasta lintujen ruokaa koko vuodeksi.<\/h3>\n<p data-start=\"270\" data-end=\"583\">Anna puutarhan linnuillesi todellista energiaa <strong data-start=\"332\" data-end=\"353\">mustilla auringonkukansiemenill\u00e4mme,<\/strong> jotka ovat yksi suosituimmista ja ravinteikkaimmista siemenist\u00e4 lintujen ymp\u00e4rivuotiseen ruokintaan. Korkean rasva- ja proteiinipitoisuutensa ansiosta n\u00e4m\u00e4 siemenet ovat ihanteellisia sek\u00e4 kylmin\u00e4 talvina ett\u00e4 pesim\u00e4aikana, jolloin linnut tarvitsevat lis\u00e4energiaa. <\/p>\n<h4 data-start=\"585\" data-end=\"629\">Siksi linnut rakastavat mustia auringonkukansiemeni\u00e4:<\/h4>\n<ul data-start=\"630\" data-end=\"905\">\n<li data-start=\"630\" data-end=\"700\">\n<p data-start=\"632\" data-end=\"700\"><strong data-start=\"632\" data-end=\"659\">Runsaasti rasvaa ja ravintoa &#8211;<\/strong> sopii t\u00e4ydellisesti pienten lintujen energiantarpeeseen.<\/p>\n<\/li>\n<li data-start=\"701\" data-end=\"755\">\n<p data-start=\"703\" data-end=\"755\"><strong data-start=\"703\" data-end=\"717\">Ohuet kuoret, jotka<\/strong> lintujen on helppo avata.<\/p>\n<\/li>\n<li data-start=\"756\" data-end=\"845\">\n<p data-start=\"758\" data-end=\"845\"><strong data-start=\"758\" data-end=\"780\">Houkuttelee monia lajeja, kuten<\/strong> p\u00f6ll\u00f6, sinitiainen, h\u00e4rk\u00e4lintu, viherpeippo, p\u00e4hkin\u00e4pensas ja kultarinta.<\/p>\n<\/li>\n<li data-start=\"846\" data-end=\"905\">\n<p data-start=\"848\" data-end=\"905\"><strong data-start=\"848\" data-end=\"905\">Soveltuu lintup\u00f6ydille, ruokintalaitteisiin tai suoraan maahan.<\/strong><\/p>\n<\/li>\n<\/ul>\n<p data-start=\"907\" data-end=\"1213\">Auringonkukansiemenemme ovat <strong data-start=\"926\" data-end=\"945\">100-prosenttisesti luonnollisia ja<\/strong> <strong data-start=\"950\" data-end=\"975\">lis\u00e4aineettomia &#8211;<\/strong> turvallinen ja ravitseva valinta niille, jotka haluavat <strong data-start=\"1026\" data-end=\"1062\">tukea lintujen el\u00e4m\u00e4\u00e4 puutarhassaan.<\/strong> Mustissa auringonkukansiemeniss\u00e4 on ohuempi kuori kuin <a href=\"https:\/\/pippifoder.se\/fi\/tuote\/lintujen-ruokaa\/auringonkukansiemenet-linnuille\/raidalliset-auringonkukansiemenet-15kg\/\">raidallisissa lajikkeissa,<\/a> mik\u00e4 tarkoittaa, ett\u00e4 niiss\u00e4 on enemm\u00e4n ravintoa grammaa kohden ja ne ovat erityisen suosittuja luonnonvaraisten lintujen keskuudessa. <\/p>\n<h4 data-start=\"1215\" data-end=\"1237\">Vinkkej\u00e4 ruokintaan:<\/h4>\n<p>&nbsp;<\/p>\n<p data-start=\"1238\" data-end=\"1432\">Aseta siemenet <a href=\"https:\/\/pippifoder.se\/fi\/lintujen-ruokinta\/\"><strong data-start=\"1257\" data-end=\"1272\">linnunruokintaan<\/strong><\/a> joka on suojassa sateelta tai k\u00e4yt\u00e4 <strong data-start=\"1309\" data-end=\"1328\">avointa lintup\u00f6yt\u00e4\u00e4.<\/strong> Yhdist\u00e4 <a href=\"https:\/\/pippifoder.se\/fi\/maapahkinat\/\">p\u00e4hkin\u00f6 ihin tai<\/a> <a href=\"https:\/\/pippifoder.se\/fi\/tallapallot-pienille-linnuille\/\">mokkapalloihin monipuolisen buffetin luomiseksi<\/a>, joka houkuttelee useampia lajeja. <\/p>\n","protected":false},"excerpt":{"rendered":"<p>Korkealaatuisia mustia auringonkukansiemeni\u00e4. Mustat auringonkukansiemenet sopivat erinomaisesti kaikenlaisille linnuille, mutta yleens\u00e4 pienemm\u00e4t linnut sy\u00f6v\u00e4t enemm\u00e4n mustia auringonkukansiemeni\u00e4. Jos haluat v\u00e4ltt\u00e4\u00e4 kuorellisia siemeni\u00e4 linnunruokinnan alla, suosittelemme aina <a href=\"https:\/\/pippifoder.se\/fi\/tuote\/lintujen-ruokaa\/auringonkukansiemenet-linnuille\/kuoritut-auringonkukansiemenet-15kg\/\">kuorellisia auringonkukansiemeni\u00e4.<\/a>  <\/p>\n","protected":false},"featured_media":26144,"comment_status":"open","ping_status":"closed","template":"","meta":{"_acf_changed":false},"product_brand":[],"product_cat":[131,112,183],"product_tag":[],"class_list":{"0":"post-26890","1":"product","2":"type-product","3":"status-publish","4":"has-post-thumbnail","6":"product_cat-auringonkukansiemenet-linnuille","7":"product_cat-lintujen-ruokaa","8":"product_cat-mustat-auringonkukansiemenet-linnuille","10":"first","11":"outofstock","12":"taxable","13":"shipping-taxable","14":"purchasable","15":"product-type-simple"},"bundled_by":[],"bundle_stock_status":"outofstock","bundle_stock_quantity":0,"bundle_virtual":false,"bundle_layout":"","bundle_add_to_cart_form_location":"","bundle_editable_in_cart":false,"bundle_sold_individually_context":"","bundle_item_grouping":"","bundle_min_size":"","bundle_max_size":"","bundle_price":[],"bundled_items":[],"bundle_sell_ids":[],"acf":[],"_links":{"self":[{"href":"https:\/\/pippifoder.se\/fi\/wp-json\/wp\/v2\/product\/26890","targetHints":{"allow":["GET"]}}],"collection":[{"href":"https:\/\/pippifoder.se\/fi\/wp-json\/wp\/v2\/product"}],"about":[{"href":"https:\/\/pippifoder.se\/fi\/wp-json\/wp\/v2\/types\/product"}],"replies":[{"embeddable":true,"href":"https:\/\/pippifoder.se\/fi\/wp-json\/wp\/v2\/comments?post=26890"}],"wp:featuredmedia":[{"embeddable":true,"href":"https:\/\/pippifoder.se\/fi\/wp-json\/wp\/v2\/media\/26144"}],"wp:attachment":[{"href":"https:\/\/pippifoder.se\/fi\/wp-json\/wp\/v2\/media?parent=26890"}],"wp:term":[{"taxonomy":"product_brand","embeddable":true,"href":"https:\/\/pippifoder.se\/fi\/wp-json\/wp\/v2\/product_brand?post=26890"},{"taxonomy":"product_cat","embeddable":true,"href":"https:\/\/pippifoder.se\/fi\/wp-json\/wp\/v2\/product_cat?post=26890"},{"taxonomy":"product_tag","embeddable":true,"href":"https:\/\/pippifoder.se\/fi\/wp-json\/wp\/v2\/product_tag?post=26890"}],"curies":[{"name":"wp","href":"https:\/\/api.w.org\/{rel}","templated":true}]}}