{"id":26851,"date":"2025-04-16T06:44:17","date_gmt":"2025-04-16T06:44:17","guid":{"rendered":"https:\/\/pippifoder.se\/Ei-luokiteltu\/lepakkopesa-hyttysten-tappaja-ruotsalaista-tuotantoa\/"},"modified":"2026-04-15T13:03:58","modified_gmt":"2026-04-15T11:03:58","slug":"lepakkopesa-hyttysten-tappaja-ruotsalaista-tuotantoa","status":"publish","type":"product","link":"https:\/\/pippifoder.se\/fi\/tuote\/tarvikkeet\/lepakoiden-pesapaikka\/lepakkopesa-hyttysten-tappaja-ruotsalaista-tuotantoa\/","title":{"rendered":"Lepakkopes\u00e4 &#8211; Hyttysten tappaja, ruotsalaista tuotantoa"},"content":{"rendered":"<p class=\"\" data-start=\"0\" data-end=\"61\">\ud83e\udd87 Miksi sinun <strong data-start=\"3\" data-end=\"61\">pit\u00e4isi pystytt\u00e4\u00e4 lepakkokoppa puutarhaan<\/strong>?<\/p>\n<p class=\"\" data-start=\"63\" data-end=\"520\"><strong data-start=\"66\" data-end=\"84\">Lepakkokoppa on<\/strong> yksinkertainen ja tehokas tapa tukea luonnon monimuotoisuutta. Lepakot ovat t\u00e4rkeit\u00e4 hy\u00f6nteisten torjujia, jotka sy\u00f6v\u00e4t joka y\u00f6 suuren m\u00e4\u00e4r\u00e4n hyttysi\u00e4 ja muita tuholaisia. Tarjoamalla turvallisen lepakoiden nukkumapaikan autat uhanalaisia lajeja selviytym\u00e4\u00e4n ja v\u00e4henn\u00e4t samalla torjunta-aineiden tarvetta. Lepakkokoppa suojaa lepakoita s\u00e4\u00e4lt\u00e4, saalistajilta ja valosaasteelta, ja se sopii erinomaisesti sein\u00e4lle, puuhun tai ulkorakennukseen kiinnitett\u00e4v\u00e4ksi.   <\/p>\n<p>&nbsp;<\/p>\n<p class=\"\" data-start=\"522\" data-end=\"617\">\ud83d\udc49<strong data-start=\"525\" data-end=\"617\" data-is-last-node=\"\">Rakenna lepakoiden pes\u00e4paikka ja tee jotain luonnolle &#8211; suoraan omasta puutarhastasi!<\/strong><\/p>\n","protected":false},"excerpt":{"rendered":"<p>Lepakkotalo Myggd\u00f6daren on <strong>ruotsalaisvalmisteinen lepakkotalo, joka on valmistettu<\/strong> ruotsalaisesta m\u00e4nnyst\u00e4. Lepakkotalo on valmistettu meill\u00e4 Pippifoderissa S\u00e4ffless\u00e4. Lepakkokoppa on valmistettu h\u00f6yl\u00e4\u00e4m\u00e4tt\u00f6m\u00e4st\u00e4, ruotsalaisesta m\u00e4nnyst\u00e4 22 mm:n laudoista. Lepakkokoppa toimitetaan koottuna, mutta ripustus on koottava itse, joko naulaamalla tai voit k\u00e4ytt\u00e4\u00e4 mukana toimitettuja hihnoja, jos haluat ripustaa kopan puun ymp\u00e4rille vahingoittamatta sit\u00e4. Jos haluat rakentaa majan itse, olemme julkaisseet <a href=\"https:\/\/pippifoder.se\/fi\/lepakoiden-pesapaikka\/\">piirustuksen lepakkokopista.<\/a> Kutsumme sit\u00e4 &#8221;hyttystappajaksi&#8221;, koska yksi lepakko voi pyydyst\u00e4\u00e4 jopa uskomattomat 1000 hyttyst\u00e4 tunnissa!    <\/p>\n","protected":false},"featured_media":24335,"comment_status":"open","ping_status":"closed","template":"","meta":{"_acf_changed":false},"product_brand":[],"product_cat":[348],"product_tag":[],"class_list":{"0":"post-26851","1":"product","2":"type-product","3":"status-publish","4":"has-post-thumbnail","6":"product_cat-lepakoiden-pesapaikka","8":"first","9":"instock","10":"taxable","11":"shipping-taxable","12":"purchasable","13":"product-type-simple"},"bundled_by":[],"bundle_stock_status":"instock","bundle_stock_quantity":null,"bundle_virtual":false,"bundle_layout":"","bundle_add_to_cart_form_location":"","bundle_editable_in_cart":false,"bundle_sold_individually_context":"","bundle_item_grouping":"","bundle_min_size":"","bundle_max_size":"","bundle_price":[],"bundled_items":[],"bundle_sell_ids":[],"acf":[],"_links":{"self":[{"href":"https:\/\/pippifoder.se\/fi\/wp-json\/wp\/v2\/product\/26851","targetHints":{"allow":["GET"]}}],"collection":[{"href":"https:\/\/pippifoder.se\/fi\/wp-json\/wp\/v2\/product"}],"about":[{"href":"https:\/\/pippifoder.se\/fi\/wp-json\/wp\/v2\/types\/product"}],"replies":[{"embeddable":true,"href":"https:\/\/pippifoder.se\/fi\/wp-json\/wp\/v2\/comments?post=26851"}],"wp:featuredmedia":[{"embeddable":true,"href":"https:\/\/pippifoder.se\/fi\/wp-json\/wp\/v2\/media\/24335"}],"wp:attachment":[{"href":"https:\/\/pippifoder.se\/fi\/wp-json\/wp\/v2\/media?parent=26851"}],"wp:term":[{"taxonomy":"product_brand","embeddable":true,"href":"https:\/\/pippifoder.se\/fi\/wp-json\/wp\/v2\/product_brand?post=26851"},{"taxonomy":"product_cat","embeddable":true,"href":"https:\/\/pippifoder.se\/fi\/wp-json\/wp\/v2\/product_cat?post=26851"},{"taxonomy":"product_tag","embeddable":true,"href":"https:\/\/pippifoder.se\/fi\/wp-json\/wp\/v2\/product_tag?post=26851"}],"curies":[{"name":"wp","href":"https:\/\/api.w.org\/{rel}","templated":true}]}}