{"id":26804,"date":"2025-06-26T19:00:06","date_gmt":"2025-06-26T19:00:06","guid":{"rendered":"https:\/\/pippifoder.se\/?post_type=product&#038;p=26804"},"modified":"2026-03-01T18:36:21","modified_gmt":"2026-03-01T18:36:21","slug":"auringonkukansiemenia-sisaltava-rehupatukka-kopia","status":"publish","type":"product","link":"https:\/\/pippifoder.se\/fi\/tuote\/lintujen-ruokaa\/rasvasiemenseos\/auringonkukansiemenia-sisaltava-rehupatukka-kopia\/","title":{"rendered":"Rehupatukka, jossa on murskattuja maap\u00e4hkin\u00f6it\u00e4"},"content":{"rendered":"<p data-start=\"236\" data-end=\"551\">Anna puutarhan linnuillesi ravitsevaa ravintoa k\u00e4tev\u00e4ll\u00e4 maap\u00e4hkin\u00e4patukallamme! Linnunruoka houkuttelee pikkulintuja, kuten p\u00f6ll\u00f6j\u00e4, sinitiaisia, p\u00e4hkin\u00e4p\u00e4\u00e4t\u00e4 ja haapanoita, ja tarjoaa niille sek\u00e4 energiaa ett\u00e4 proteiinia &#8211; erityisen t\u00e4rke\u00e4\u00e4 talvella, pesim\u00e4aikana ja karvanvaihdon aikana. <\/p>\n<p data-start=\"553\" data-end=\"788\">Maap\u00e4hkin\u00e4t ovat suolaamattomia ja huolella valittuja luonnonvaraisten lintujen tarpeisiin sopiviksi. Ruokinta on helppo ripustaa puihin, parvekkeille tai lintup\u00f6ytiin, ja linnut voivat nokitella turvallisesti suoraan verkosta tai ritil\u00e4st\u00e4. <\/p>\n<p data-start=\"790\" data-end=\"803\"><strong data-start=\"790\" data-end=\"803\">Edut:<\/strong><\/p>\n<ul data-start=\"804\" data-end=\"1037\">\n<li data-start=\"804\" data-end=\"849\">\n<p data-start=\"806\" data-end=\"849\">T\u00e4ytetty suolattomilla, energiapitoisilla maap\u00e4hkin\u00f6ill\u00e4.<\/p>\n<\/li>\n<li data-start=\"850\" data-end=\"883\">\n<p data-start=\"852\" data-end=\"883\">Houkuttelee monia eri lintulajeja<\/p>\n<\/li>\n<li data-start=\"884\" data-end=\"929\">\n<p data-start=\"886\" data-end=\"929\">Helppo ripustaa &#8211; ei tarvita ty\u00f6kaluja<\/p>\n<\/li>\n<li data-start=\"930\" data-end=\"977\">\n<p data-start=\"932\" data-end=\"977\">Uudelleenk\u00e4ytett\u00e4v\u00e4 tai kierr\u00e4tett\u00e4v\u00e4 pidike<\/p>\n<\/li>\n<li data-start=\"978\" data-end=\"1037\">\n<p data-start=\"980\" data-end=\"1037\">Ihanteellinen ymp\u00e4rivuotiseen ruokintaan puutarhassa ja parvekkeella.<\/p>\n<\/li>\n<\/ul>\n<p>&nbsp;<\/p>\n<p data-start=\"1039\" data-end=\"1167\">Tue luonnonvaraisten lintujen el\u00e4m\u00e4\u00e4 ruokintaratkaisulla, joka on sek\u00e4 k\u00e4tev\u00e4 ett\u00e4 ravitseva. Sek\u00e4 lintujen ett\u00e4 lintujen yst\u00e4vien suosikki! <\/p>\n","protected":false},"excerpt":{"rendered":"<p>Rehupatukka, jossa on murskattuja maap\u00e4hkin\u00f6it\u00e4, 200 g 18 cm:n pituista h\u00e4r\u00e4n talipatukkaa, jossa on paksu kerros murskattuja maap\u00e4hkin\u00f6it\u00e4. Naru ripustamista varten. <\/p>\n","protected":false},"featured_media":26809,"comment_status":"closed","ping_status":"closed","template":"","meta":{"_acf_changed":false},"product_brand":[],"product_cat":[126,132,112],"product_tag":[],"class_list":{"0":"post-26804","1":"product","2":"type-product","3":"status-publish","4":"has-post-thumbnail","6":"product_cat-rasvasiemenseos","7":"product_cat-auringonkukansiemenet","8":"product_cat-lintujen-ruokaa","10":"first","11":"instock","12":"taxable","13":"shipping-taxable","14":"purchasable","15":"product-type-simple"},"bundled_by":["30024"],"bundle_stock_status":"instock","bundle_stock_quantity":704,"bundle_virtual":false,"bundle_layout":"","bundle_add_to_cart_form_location":"","bundle_editable_in_cart":false,"bundle_sold_individually_context":"","bundle_item_grouping":"","bundle_min_size":"","bundle_max_size":"","bundle_price":[],"bundled_items":[],"bundle_sell_ids":[],"acf":[],"_links":{"self":[{"href":"https:\/\/pippifoder.se\/fi\/wp-json\/wp\/v2\/product\/26804","targetHints":{"allow":["GET"]}}],"collection":[{"href":"https:\/\/pippifoder.se\/fi\/wp-json\/wp\/v2\/product"}],"about":[{"href":"https:\/\/pippifoder.se\/fi\/wp-json\/wp\/v2\/types\/product"}],"replies":[{"embeddable":true,"href":"https:\/\/pippifoder.se\/fi\/wp-json\/wp\/v2\/comments?post=26804"}],"wp:featuredmedia":[{"embeddable":true,"href":"https:\/\/pippifoder.se\/fi\/wp-json\/wp\/v2\/media\/26809"}],"wp:attachment":[{"href":"https:\/\/pippifoder.se\/fi\/wp-json\/wp\/v2\/media?parent=26804"}],"wp:term":[{"taxonomy":"product_brand","embeddable":true,"href":"https:\/\/pippifoder.se\/fi\/wp-json\/wp\/v2\/product_brand?post=26804"},{"taxonomy":"product_cat","embeddable":true,"href":"https:\/\/pippifoder.se\/fi\/wp-json\/wp\/v2\/product_cat?post=26804"},{"taxonomy":"product_tag","embeddable":true,"href":"https:\/\/pippifoder.se\/fi\/wp-json\/wp\/v2\/product_tag?post=26804"}],"curies":[{"name":"wp","href":"https:\/\/api.w.org\/{rel}","templated":true}]}}