{"id":26787,"date":"2025-06-26T18:51:51","date_gmt":"2025-06-26T18:51:51","guid":{"rendered":"https:\/\/pippifoder.se\/?post_type=product&#038;p=26787"},"modified":"2026-04-15T13:03:43","modified_gmt":"2026-04-15T11:03:43","slug":"puolet-kookospahkinan-kuoresta-ja-jauhomato-kopia-kopia-kopia-kopia","status":"publish","type":"product","link":"https:\/\/pippifoder.se\/fi\/tuote\/lintujen-ruokaa\/rasvasiemenseos\/puolet-kookospahkinan-kuoresta-ja-jauhomato-kopia-kopia-kopia-kopia\/","title":{"rendered":"Puolikas kookosp\u00e4hkin\u00e4, jossa on maap\u00e4hkin\u00f6it\u00e4 ja mokkapaloja"},"content":{"rendered":"<p data-start=\"254\" data-end=\"461\">T\u00e4m\u00e4 puolikas kookosp\u00e4hkin\u00e4 on t\u00e4ytetty tehokkaalla sekoituksella maap\u00e4hkin\u00f6it\u00e4 ja el\u00e4inrasvaa (talia) &#8211; se on erityisesti kylmin\u00e4 talvina tai pesim\u00e4aikana lis\u00e4energiaa tarvitsevien pikkulintujen suosiossa.<\/p>\n<p data-start=\"463\" data-end=\"746\">Maap\u00e4hkin\u00e4t sis\u00e4lt\u00e4v\u00e4t runsaasti proteiinia ja terveellisi\u00e4 rasvoja, kun taas tali antaa pitk\u00e4kestoista energiaa. T\u00e4t\u00e4 yhdistelm\u00e4\u00e4 arvostavat erityisesti sellaiset lajit kuin lehtop\u00f6ll\u00f6, sinitiainen, mets\u00e4tikka ja punarinta. Luonnollinen kookosp\u00e4hkin\u00e4 toimii sek\u00e4 kulhona ett\u00e4 ripustimena.  <\/p>\n<p data-start=\"748\" data-end=\"761\"><strong data-start=\"748\" data-end=\"761\">Edut:<\/strong><\/p>\n<ul data-start=\"762\" data-end=\"1014\">\n<li data-start=\"762\" data-end=\"814\">\n<p data-start=\"764\" data-end=\"814\">Erityisen energiapitoinen maap\u00e4hkin\u00f6iden ja talin sekoitus.<\/p>\n<\/li>\n<li data-start=\"815\" data-end=\"857\">\n<p data-start=\"817\" data-end=\"857\">Houkuttelee monia erilaisia pikkulintuja ymp\u00e4ri vuoden.<\/p>\n<\/li>\n<li data-start=\"858\" data-end=\"909\">\n<p data-start=\"860\" data-end=\"909\">Helppo ripustaa puihin tai linnunruokintoihin<\/p>\n<\/li>\n<li data-start=\"910\" data-end=\"963\">\n<p data-start=\"966\" data-end=\"1014\">T\u00e4ydellinen tuki kylmyyden, pesinn\u00e4n ja hautomisen aikana.<\/p>\n<\/li>\n<\/ul>\n<p data-start=\"1016\" data-end=\"1135\">Helpottaa luonnonvaraisten lintujen ruokkimista luonnollisella ja kest\u00e4v\u00e4ll\u00e4 tavalla &#8211; ravitsevaa herkkua k\u00e4tev\u00e4ss\u00e4 kookosp\u00e4hkin\u00e4ss\u00e4!<\/p>\n","protected":false},"excerpt":{"rendered":"<p>Puolikas kookosp\u00e4hkin\u00e4, jossa on maap\u00e4hkin\u00f6it\u00e4 ja talia, puutarhalinnuille vain ripustettavaksi puutarhaan. Hyv\u00e4\u00e4 ravintoa puutarhalinnuille. <\/p>\n","protected":false},"featured_media":26792,"comment_status":"closed","ping_status":"closed","template":"","meta":{"_acf_changed":false},"product_brand":[],"product_cat":[126,205,112],"product_tag":[],"class_list":{"0":"post-26787","1":"product","2":"type-product","3":"status-publish","4":"has-post-thumbnail","6":"product_cat-rasvasiemenseos","7":"product_cat-jauhomato","8":"product_cat-lintujen-ruokaa","10":"first","11":"instock","12":"sale","13":"taxable","14":"shipping-taxable","15":"purchasable","16":"product-type-variable","17":"has-default-attributes"},"bundled_by":["30024"],"bundle_stock_status":"instock","bundle_stock_quantity":356,"bundle_virtual":false,"bundle_layout":"","bundle_add_to_cart_form_location":"","bundle_editable_in_cart":false,"bundle_sold_individually_context":"","bundle_item_grouping":"","bundle_min_size":"","bundle_max_size":"","bundle_price":[],"bundled_items":[],"bundle_sell_ids":[],"acf":[],"_links":{"self":[{"href":"https:\/\/pippifoder.se\/fi\/wp-json\/wp\/v2\/product\/26787","targetHints":{"allow":["GET"]}}],"collection":[{"href":"https:\/\/pippifoder.se\/fi\/wp-json\/wp\/v2\/product"}],"about":[{"href":"https:\/\/pippifoder.se\/fi\/wp-json\/wp\/v2\/types\/product"}],"replies":[{"embeddable":true,"href":"https:\/\/pippifoder.se\/fi\/wp-json\/wp\/v2\/comments?post=26787"}],"wp:featuredmedia":[{"embeddable":true,"href":"https:\/\/pippifoder.se\/fi\/wp-json\/wp\/v2\/media\/26792"}],"wp:attachment":[{"href":"https:\/\/pippifoder.se\/fi\/wp-json\/wp\/v2\/media?parent=26787"}],"wp:term":[{"taxonomy":"product_brand","embeddable":true,"href":"https:\/\/pippifoder.se\/fi\/wp-json\/wp\/v2\/product_brand?post=26787"},{"taxonomy":"product_cat","embeddable":true,"href":"https:\/\/pippifoder.se\/fi\/wp-json\/wp\/v2\/product_cat?post=26787"},{"taxonomy":"product_tag","embeddable":true,"href":"https:\/\/pippifoder.se\/fi\/wp-json\/wp\/v2\/product_tag?post=26787"}],"curies":[{"name":"wp","href":"https:\/\/api.w.org\/{rel}","templated":true}]}}