{"id":26779,"date":"2025-06-26T18:47:59","date_gmt":"2025-06-26T18:47:59","guid":{"rendered":"https:\/\/pippifoder.se\/?post_type=product&#038;p=26779"},"modified":"2026-04-15T13:03:49","modified_gmt":"2026-04-15T11:03:49","slug":"puolet-kookospahkinan-kuoresta-ja-jauhomato-kopia-kopia-kopia","status":"publish","type":"product","link":"https:\/\/pippifoder.se\/fi\/tuote\/lintujen-ruokaa\/rasvasiemenseos\/puolet-kookospahkinan-kuoresta-ja-jauhomato-kopia-kopia-kopia\/","title":{"rendered":"Puolet kookosp\u00e4hkin\u00e4\u00e4 ja mysli\u00e4"},"content":{"rendered":"<p data-start=\"228\" data-end=\"479\">Hemmottele puutarhalintujasi herkullisella myslisekoituksella, joka tarjoillaan luonnollisessa kookosp\u00e4hkin\u00e4ss\u00e4! T\u00e4m\u00e4 puolikas kookosp\u00e4hkin\u00e4 on t\u00e4ytetty energiarikkaalla sekoituksella rasvoja, siemeni\u00e4 ja jauhomatoja &#8211; huolella valittu antamaan energiaa ja ravintoa pikkulinnuille ymp\u00e4ri vuoden. <\/p>\n<p data-start=\"481\" data-end=\"775\">Muroseos sopii erinomaisesti esimerkiksi sinitiaiselle, tiaiselle, punarinnalle ja harmaavarpuselle. Kookosp\u00e4hkin\u00e4n kuori toimii sek\u00e4 s\u00e4ili\u00f6n\u00e4 ett\u00e4 k\u00e4yt\u00e4nn\u00f6llisen\u00e4 ripustimena. <\/p>\n<p data-start=\"777\" data-end=\"790\"><strong data-start=\"777\" data-end=\"790\">Edut:<\/strong><\/p>\n<ul data-start=\"791\" data-end=\"1042\">\n<li data-start=\"791\" data-end=\"864\">\n<p data-start=\"793\" data-end=\"864\">Korkean energiam\u00e4\u00e4r\u00e4n granolaseos &#8211; t\u00e4ydellinen lintujen p\u00e4ivitt\u00e4isiin tarpeisiin.<\/p>\n<\/li>\n<li data-start=\"865\" data-end=\"905\">\n<p data-start=\"867\" data-end=\"905\">Luonnolliset ja hell\u00e4varaiset ainesosat<\/p>\n<\/li>\n<li data-start=\"906\" data-end=\"957\">\n<p data-start=\"908\" data-end=\"957\">Helppo ripustaa puutarhaan tai parvekkeelle.<\/p>\n<\/li>\n<li data-start=\"958\" data-end=\"991\">\n<p data-start=\"960\" data-end=\"991\">Houkuttelee monia eri lintulajeja<\/p>\n<\/li>\n<\/ul>\n<p data-start=\"1044\" data-end=\"1159\">Anna naapurustosi linnuille maukas lis\u00e4ravinne &#8211; yksinkertainen ja ymp\u00e4rist\u00f6yst\u00e4v\u00e4llinen tapa tukea luonnonvaraista linnustoa!<\/p>\n","protected":false},"excerpt":{"rendered":"<p>Puolet kookosp\u00e4hkin\u00e4\u00e4 ja granolaseosta, puutarhalinnuille vain ripustettavaksi puutarhaan. Hyv\u00e4\u00e4 ravintoa puutarhalinnuille. <\/p>\n","protected":false},"featured_media":26784,"comment_status":"closed","ping_status":"closed","template":"","meta":{"_acf_changed":false},"product_brand":[],"product_cat":[126,205,112],"product_tag":[],"class_list":{"0":"post-26779","1":"product","2":"type-product","3":"status-publish","4":"has-post-thumbnail","6":"product_cat-rasvasiemenseos","7":"product_cat-jauhomato","8":"product_cat-lintujen-ruokaa","10":"first","11":"instock","12":"sale","13":"taxable","14":"shipping-taxable","15":"purchasable","16":"product-type-variable","17":"has-default-attributes"},"bundled_by":["30024"],"bundle_stock_status":"instock","bundle_stock_quantity":610,"bundle_virtual":false,"bundle_layout":"","bundle_add_to_cart_form_location":"","bundle_editable_in_cart":false,"bundle_sold_individually_context":"","bundle_item_grouping":"","bundle_min_size":"","bundle_max_size":"","bundle_price":[],"bundled_items":[],"bundle_sell_ids":[],"acf":[],"_links":{"self":[{"href":"https:\/\/pippifoder.se\/fi\/wp-json\/wp\/v2\/product\/26779","targetHints":{"allow":["GET"]}}],"collection":[{"href":"https:\/\/pippifoder.se\/fi\/wp-json\/wp\/v2\/product"}],"about":[{"href":"https:\/\/pippifoder.se\/fi\/wp-json\/wp\/v2\/types\/product"}],"replies":[{"embeddable":true,"href":"https:\/\/pippifoder.se\/fi\/wp-json\/wp\/v2\/comments?post=26779"}],"wp:featuredmedia":[{"embeddable":true,"href":"https:\/\/pippifoder.se\/fi\/wp-json\/wp\/v2\/media\/26784"}],"wp:attachment":[{"href":"https:\/\/pippifoder.se\/fi\/wp-json\/wp\/v2\/media?parent=26779"}],"wp:term":[{"taxonomy":"product_brand","embeddable":true,"href":"https:\/\/pippifoder.se\/fi\/wp-json\/wp\/v2\/product_brand?post=26779"},{"taxonomy":"product_cat","embeddable":true,"href":"https:\/\/pippifoder.se\/fi\/wp-json\/wp\/v2\/product_cat?post=26779"},{"taxonomy":"product_tag","embeddable":true,"href":"https:\/\/pippifoder.se\/fi\/wp-json\/wp\/v2\/product_tag?post=26779"}],"curies":[{"name":"wp","href":"https:\/\/api.w.org\/{rel}","templated":true}]}}